{"id":732,"date":"2022-08-25T12:35:15","date_gmt":"2022-08-25T12:35:15","guid":{"rendered":"https:\/\/theclimatebook.org\/notes-de-fin\/la-planete-change-sous-nos-yeux\/2-16-les-incendies-de-fore%cc%82t\/"},"modified":"2022-08-25T12:35:15","modified_gmt":"2022-08-25T12:35:15","slug":"2-16-les-incendies-de-fore%cc%82t","status":"publish","type":"page","link":"https:\/\/theclimatebook.org\/fr\/notes-de-fin\/la-planete-change-sous-nos-yeux\/2-16-les-incendies-de-fore%cc%82t\/","title":{"rendered":"2.16 Les incendies de fore\u0302t"},"content":{"rendered":"<div class=\"notes\">\n<p class=\"author\"><a href=\"\/contributors#jo\u00eblle-gergis\" rel=\"author\">Jo\u00eblle Gergis<\/a><\/p>\n<p class=\"date\">Toutes les sources num\u00e9riques ont \u00e9t\u00e9 consult\u00e9es le <time datetime=\"2022-01-15\">15 janvier 2022<\/time><\/p>\n<ol start=\"97\">\n<li>\n<p>\n<q>les donne\u0301es liant les extre\u0302mes me\u0301te\u0301orologiques a\u0300 haut risque au changement climatique d\u2019origine anthropique<\/q> Groupe d\u2019experts intergouvernemental sur l\u2019\u00e9volution du climat, <cite>\u2018Technical summary\u2019<\/cite>, in <span class=\"book\">Climate Change 2022: Mitigation of Climate Change. Working Group III Contribution to the Sixth Assessment Report of the Intergovernmental Panel on Climate Change<\/span>, ed. P. R. Shukla et al. (Cambridge: Cambridge University Press, \u00e0 venir), <a href=\"https:\/\/www.ipcc.ch\/report\/ar6\/wg3\/about\/how-to-cite-this-report\" rel=\"noopener\" target=\"_blank\">https:\/\/www.ipcc.ch\/report\/ar6\/wg3\/about\/how-to-cite-this-report<\/a>; Seneviratne, S. I., et al., <cite>\u2018Weather and climate extreme events in a changing climate\u2019<\/cite>, in <span class=\"book\">Climate Change 2021: The Physical Science Basis. Contribution of Working Group I to the Sixth Assessment Report of the Intergovernmental Panel on Climate Change<\/span>, ed. V. Masson-Delmotte et al. (Cambridge: Cambridge University Press, \u00e0 venir), <a href=\"https:\/\/www.ipcc.ch\/report\/ar6\/wg1\/\" rel=\"noopener\" target=\"_blank\">https:\/\/www.ipcc.ch\/report\/ar6\/wg1\/<\/a>; Ranasinghe, R., et al., <cite>\u2018Climate change information for regional impact and for risk assessment\u2019<\/cite>, in <span class=\"book\">Climate Change 2021: The Physical Science Basis. Contribution of Working Group I to the Sixth Assessment Report of the Intergovernmental Panel on Climate Change<\/span>, ed. V. Masson-Delmotte et al. (Cambridge: Cambridge University Press, \u00e0 venir), doi: 10.1017\/9781009157896.014.\n<\/p>\n<p>\n<q>l\u2019influence de l\u2019homme sur les conditions me\u0301te\u0301o attisant les feux de fore\u0302t<\/q> Abatzoglou, J. T., et al., <cite>\u2018Global emergence of anthropogenic climate change in fire weather indices\u2019<\/cite>, <span class=\"book\">Geophysical Research Letters<\/span>, 46 (1), 2019: 326\u201336, <a href=\"https:\/\/doi.org\/10.1029\/2018GL080959\" target=\"_blank\" rel=\"noopener\">https:\/\/doi.org\/10.1029\/2018GL080959<\/a>.\n<\/p>\n<p>\n<q>sce\u0301nario de re\u0301chauffement de 3 \u00b0C au-dessus des niveaux pre\u0301industriels<\/q> Ibid.\n<\/p>\n<p>\n<q>21 % des fore\u0302ts tempe\u0301re\u0301es d\u2019Australie sont parties en fume\u0301e<\/q> Boer, M. M., et al., <cite>\u2018Unprecedented burn area of Australian mega forest fires\u2019<\/cite>, <span class=\"book\">Nature Climate Change<\/span>, 10 (3), 2020: 171\u20132, <a href=\"https:\/\/doi.org\/10.1038\/s41558-020-0716-1\" target=\"_blank\" rel=\"noopener\">https:\/\/doi.org\/10.1038\/s41558-020-0716-1<\/a>.\n<\/p>\n<p>\n<q>incendies records d\u2019Australie ont calcine\u0301 24 millions d\u2019hectares<\/q> Van der Velde, I. R., et al., <cite>\u2018Vast CO<sub>2<\/sub> release from Australian fires in 2019\u20132020 constrained by satellite\u2019<\/cite>, <span class=\"book\">Nature<\/span>, 597 (7876), 2021: 366\u20139, <a href=\"https:\/\/doi.org\/10.1038\/s41586-021-03712-y\" target=\"_blank\" rel=\"noopener\">https:\/\/doi.org\/10.1038\/s41586-021-03712-y<\/a>; Nolan, R. H., et al., <cite>\u2018What do the Australian Black Summer fires signify for the global fire crisis?\u2019<\/cite>, <span class=\"book\">Fire<\/span>, 4 (4), 2021: Article 97, <a href=\"\" target=\"_blank\" rel=\"noopener\">https:\/\/doi.org\/10.3390\/fire4040097<\/a>.\n<\/p>\n<\/li>\n<li>\n<p>\n<q>3 milliards d\u2019animaux, qui ont pe\u0301ri ou ont e\u0301te\u0301 de\u0301place\u0301s<\/q> Nolan et al., <cite>\u2018What do the Australian Black Summer fires signify for the global fire crisis?\u2019<\/cite>; Collins, L., et al., <cite>\u2018The 2019\u20132020 mega-fires exposed Australian ecosystems to an unprecedented extent of high-severity fire\u2019<\/cite>, <span class=\"book\">Environmental Research Letters<\/span>, 16 (4), 2021: Article 044029, <a href=\"https:\/\/doi.org\/10.1088\/1748-9326\/abeb9e\" target=\"_blank\" rel=\"noopener\">https:\/\/doi.org\/10.1088\/1748-9326\/abeb9e<\/a>.\n<\/p>\n<p>\n<q>Lytton, en Colombie-Britannique, le mercure s\u2019est affole\u0301<\/q> Organisation m\u00e9t\u00e9orologique mondiale, <cite><span class=\"book\">State of Global Climate 2021: WMO Provisional Report<\/span><\/cite>, 2021, <a href=\"https:\/\/library.wmo.int\/index.php?lvl=notice_display&#038;id=21982#.Yd-bCS0RrUI\" target=\"_blank\" rel=\"noopener\">https:\/\/library.wmo.int\/index.php?lvl=notice_display&#038;id=21982#.Yd-bCS0RrUI<\/a>.\n<\/p>\n<p>\n<q>e\u0301mis 6,45 milliards de tonnes de CO<SUB>2<\/SUB><\/q> Copernicus Atmosphere Monitoring Service, <cite>\u2018Wildfires wreaked havoc in 2021, CAMS tracked their impact\u2019<\/cite>, 6 d\u00e9cembre 2021, <a href=\"https:\/\/atmosphere.copernicus.eu\/wildfires-wreaked-havoc-2021-cams-tracked-their-impact\" target=\"_blank\" rel=\"noopener\">https:\/\/atmosphere.copernicus.eu\/wildfires-wreaked-havoc-2021-cams-tracked-their-impact<\/a>; Friedlingstein, P., et al., <cite>\u2018Global carbon budget 2021\u2019<\/cite>, <span class=\"book\">Earth System Science Data<\/span>, 14 (4), 2022: 1917\u20132005, <a href=\"https:\/\/doi.org\/10.5194\/essd-14-1917-2022\" target=\"_blank\" rel=\"noopener\">https:\/\/doi.org\/10.5194\/essd-14-1917-2022<\/a>.\n<\/p>\n<p>\n<q>plus du double des e\u0301missions totales dans l\u2019Union europe\u0301enne pour l\u2019anne\u0301e<\/q> Friedlingstein, et al., <cite>\u2018Global Carbon Budget 2021\u2019<\/cite>.\n<\/p>\n<\/li>\n<\/ol>\n<\/div>\n","protected":false},"excerpt":{"rendered":"<p>Jo\u00eblle Gergis Toutes les sources num\u00e9riques ont \u00e9t\u00e9 consult\u00e9es le 15 janvier 2022 les donne\u0301es liant les extre\u0302mes me\u0301te\u0301orologiques a\u0300 haut risque au changement climatique d\u2019origine anthropique Groupe d\u2019experts intergouvernemental sur l\u2019\u00e9volution du climat, \u2018Technical summary\u2019, in Climate Change 2022: Mitigation of Climate Change. Working Group III Contribution to the Sixth Assessment Report of the&hellip;<\/p>\n","protected":false},"author":5,"featured_media":0,"parent":717,"menu_order":16,"comment_status":"closed","ping_status":"closed","template":"page-essay.php","meta":{"footnotes":""},"class_list":["post-732","page","type-page","status-publish","hentry"],"_links":{"self":[{"href":"https:\/\/theclimatebook.org\/fr\/wp-json\/wp\/v2\/pages\/732","targetHints":{"allow":["GET"]}}],"collection":[{"href":"https:\/\/theclimatebook.org\/fr\/wp-json\/wp\/v2\/pages"}],"about":[{"href":"https:\/\/theclimatebook.org\/fr\/wp-json\/wp\/v2\/types\/page"}],"author":[{"embeddable":true,"href":"https:\/\/theclimatebook.org\/fr\/wp-json\/wp\/v2\/users\/5"}],"replies":[{"embeddable":true,"href":"https:\/\/theclimatebook.org\/fr\/wp-json\/wp\/v2\/comments?post=732"}],"version-history":[{"count":0,"href":"https:\/\/theclimatebook.org\/fr\/wp-json\/wp\/v2\/pages\/732\/revisions"}],"up":[{"embeddable":true,"href":"https:\/\/theclimatebook.org\/fr\/wp-json\/wp\/v2\/pages\/717"}],"wp:attachment":[{"href":"https:\/\/theclimatebook.org\/fr\/wp-json\/wp\/v2\/media?parent=732"}],"curies":[{"name":"wp","href":"https:\/\/api.w.org\/{rel}","templated":true}]}}