{"id":731,"date":"2022-08-25T12:14:59","date_gmt":"2022-08-25T12:14:59","guid":{"rendered":"https:\/\/theclimatebook.org\/notes-de-fin\/la-planete-change-sous-nos-yeux\/2-15-beaucoup-plus-pres-de-nous-quon-ne-le-croit\/"},"modified":"2022-08-25T12:14:59","modified_gmt":"2022-08-25T12:14:59","slug":"2-15-beaucoup-plus-pres-de-nous-quon-ne-le-croit","status":"publish","type":"page","link":"https:\/\/theclimatebook.org\/fr\/notes-de-fin\/la-planete-change-sous-nos-yeux\/2-15-beaucoup-plus-pres-de-nous-quon-ne-le-croit\/","title":{"rendered":"2.15 Beaucoup plus pr\u00e8s de nous qu\u2019on ne le croit"},"content":{"rendered":"<div class=\"notes\">\n<p class=\"author\"><a href=\"\/contributors#greta-thunberg\" rel=\"author\">Greta Thunberg<\/a><\/p>\n<p class=\"date\">Toutes les sources num\u00e9riques ont \u00e9t\u00e9 consult\u00e9es le <time datetime=\"2022-02-03\">3 f\u00e9vrier 2022<\/time><\/p>\n<ol start=\"90\">\n<li>\n<p>\n<q>\u00ab Les ministres de l\u2019environnement de pr\u00e8s de deux cents nations se sont accord\u00e9s \u00bb<\/q> Watts, J., <cite>\u2018Biodiversity talks: ministers in Nagoya adopt new strategy\u2019<\/cite>, <span class=\"book\">Guardian<\/span>, 29 octobre 2010, <a href=\"https:\/\/www.theguardian.com\/environment\/2010\/oct\/29\/biodiversity-talks-ministers-nagoya-strategy\" target=\"_blank\" rel=\"noopener\">https:\/\/www.theguardian.com\/environment\/2010\/oct\/29\/biodiversity-talks-ministers-nagoya-strategy<\/a>.\n<\/p>\n<\/li>\n<li>\n<p>\n<q>le village de Bondo a \u00e9t\u00e9 d\u00e9truit<\/q> McClanahan, P., <cite>\u2018The Bondo landslide and the future of climate disasters\u2019<\/cite>, <span class=\"book\">Outside<\/span>, 19 ao\u00fbt 2019, <a href=\"https:\/\/www.outsideonline.com\/outdoor-adventure\/environment\/bondo-switzerland-landslide-climate-change\/\" target=\"_blank\" rel=\"noopener\">https:\/\/www.outsideonline.com\/outdoor-adventure\/environment\/bondo-switzerland-landslide-climate-change\/<\/a>, <a href=\"https:\/\/www.bbc.com\/news\/world-europe-41049827\" target=\"_blank\" rel=\"noopener\">https:\/\/www.bbc.com\/news\/world-europe-41049827<\/a>.\n<\/p>\n<\/li>\n<li>\n<p>\n<q>il faudrait \u00ab entre quarante-quatre et cent quatre ann\u00e9es \u00bb<\/q> Sterman, J. D., et al., <cite>\u2018Does replacing coal with wood lower CO<sub>2<\/sub> emissions? Dynamic lifecycle analysis of wood bioenergy\u2019<\/cite>, <span class=\"book\">Environmental Research Letters<\/span>, 13 (1), 2018: Article 015007, <a href=\"https:\/\/doi.org\/10.1088\/1748-9326\/aaa512\" target=\"_blank\" rel=\"noopener\">https:\/\/doi.org\/10.1088\/1748-9326\/aaa512<\/a>.\n<\/p>\n<p>\n<q>called a blind spot in the Kyoto protocol<\/q><br \/>\n<a href=\"https:\/\/www.newyorker.com\/news\/annals-of-a-warming-planet\/the-millions-of-tons-of-carbon-emissions-that-dont-officially-exist\" target=\"_blank\" rel=\"noopener\">https:\/\/www.newyorker.com\/news\/annals-of-a-warming-planet\/the-millions-of-tons-of-carbon-emissions-that-dont-officially-exist<\/a>.\n<\/p>\n<p>\n<q>la centrale \u00e9lectrique de Drax [\u2026] est le plus gros \u00e9metteur de CO<SUB>2<\/SUB><\/q> Cockburn, H., <cite>\u2018UK\u2019s biggest carbon emitter Drax \u201cgreenwashing\u201d wood-fired power at COP26\u2019<\/cite>, <span class=\"book\">Independent<\/span>, 12 novembre 2021, <a href=\"https:\/\/www.independent.co.uk\/climate-change\/news\/drax-greenwashing-cop26-wood-emissions-b1956072.html\" target=\"_blank\" rel=\"noopener\">https:\/\/www.independent.co.uk\/climate-change\/news\/drax-greenwashing-cop26-wood-emissions-b1956072.html<\/a>.\n<\/p>\n<p>\n<q>evidence from Canada, Finland, Sweden<\/q>, <a href=\"https:\/\/www.bbc.com\/news\/science-environment-63089348\" target=\"_blank\" rel=\"noopener\">https:\/\/www.bbc.com\/news\/science-environment-63089348<\/a><br \/>\n<a href=\"https:\/\/www.nrdc.org\/sites\/default\/files\/global-markets-biomass-energy-devastating-us-forests-202209.pdf\" target=\"_blank\" rel=\"noopener\">https:\/\/www.nrdc.org\/sites\/default\/files\/global-markets-biomass-energy-devastating-us-forests-202209.pdf<\/a><br \/>\n<a href=\"https:\/\/www.theguardian.com\/world\/2021\/jan\/14\/carbon-neutrality-is-a-fairy-tale-how-the-race-for-renewables-is-burning-europes-forests\" target=\"_blank\" rel=\"noopener\">https:\/\/www.theguardian.com\/world\/2021\/jan\/14\/carbon-neutrality-is-a-fairy-tale-how-the-race-for-renewables-is-burning-europes-forests<\/a>, <a href=\"https:\/\/forestdefenders.eu\/yes-finland-is-devouring-its-forests-for-biomass-fuel\/\" target=\"_blank\" rel=\"noopener\">https:\/\/forestdefenders.eu\/yes-finland-is-devouring-its-forests-for-biomass-fuel\/<\/a>, <a href=\"https:\/\/www.dn.se\/sverige\/svenska-trad-eldas-upp-trots-branschens-och-ministerns-loften\/\" target=\"_blank\" rel=\"noopener\">https:\/\/www.dn.se\/sverige\/svenska-trad-eldas-upp-trots-branschens-och-ministerns-loften\/<\/a>, <a href=\"https:\/\/www.skogsstyrelsen.se\/globalassets\/statistik\/statistiska-meddelanden\/sm-bruttoavverkning-2019.pdf\" target=\"_blank\" rel=\"noopener\">https:\/\/www.skogsstyrelsen.se\/globalassets\/statistik\/statistiska-meddelanden\/sm-bruttoavverkning-2019.pdf<\/a>,<br \/>\n<a href=\"https:\/\/www.gu.se\/sites\/default\/files\/2020-11\/Nyhetsbrev9.pdf\" target=\"_blank\" rel=\"noopener\">https:\/\/www.gu.se\/sites\/default\/files\/2020-11\/Nyhetsbrev9.pdf<\/a>,<br \/>\n<a href=\"https:\/\/www.dn.se\/sverige\/sverige-avverkar-skog-som-eu-vill-skydda-behovs-ett-radslag\/\" target=\"_blank\" rel=\"noopener\">https:\/\/www.dn.se\/sverige\/sverige-avverkar-skog-som-eu-vill-skydda-behovs-ett-radslag\/<\/a>.\n<\/p>\n<\/li>\n<li>\n<p>\n<q>production de pas moins [\u2026] 125 milliards de m\u00e8tres cubes de gaz<\/q> Brown, M., and McConnaughey, J., <cite>\u2018Companies bid $192 million in 1st Gulf oil sale under Biden\u2019<\/cite>, AP News, 17 novembre 2021, <a href=\"https:\/\/apnews.com\/article\/climate-joe-biden-science-business-environment-and-nature-cc0deca6a28aab21cd4e0aa35ea7b6af\" target=\"_blank\" rel=\"noopener\">https:\/\/apnews.com\/article\/climate-joe-biden-science-business-environment-and-nature-cc0deca6a28aab21cd4e0aa35ea7b6af<\/a>.\n<\/p>\n<\/li>\n<\/ol>\n<\/div>\n","protected":false},"excerpt":{"rendered":"<p>Greta Thunberg Toutes les sources num\u00e9riques ont \u00e9t\u00e9 consult\u00e9es le 3 f\u00e9vrier 2022 \u00ab Les ministres de l\u2019environnement de pr\u00e8s de deux cents nations se sont accord\u00e9s \u00bb Watts, J., \u2018Biodiversity talks: ministers in Nagoya adopt new strategy\u2019, Guardian, 29 octobre 2010, https:\/\/www.theguardian.com\/environment\/2010\/oct\/29\/biodiversity-talks-ministers-nagoya-strategy. le village de Bondo a \u00e9t\u00e9 d\u00e9truit McClanahan, P., \u2018The Bondo landslide&hellip;<\/p>\n","protected":false},"author":5,"featured_media":0,"parent":717,"menu_order":15,"comment_status":"closed","ping_status":"closed","template":"page-essay.php","meta":{"footnotes":""},"class_list":["post-731","page","type-page","status-publish","hentry"],"_links":{"self":[{"href":"https:\/\/theclimatebook.org\/fr\/wp-json\/wp\/v2\/pages\/731","targetHints":{"allow":["GET"]}}],"collection":[{"href":"https:\/\/theclimatebook.org\/fr\/wp-json\/wp\/v2\/pages"}],"about":[{"href":"https:\/\/theclimatebook.org\/fr\/wp-json\/wp\/v2\/types\/page"}],"author":[{"embeddable":true,"href":"https:\/\/theclimatebook.org\/fr\/wp-json\/wp\/v2\/users\/5"}],"replies":[{"embeddable":true,"href":"https:\/\/theclimatebook.org\/fr\/wp-json\/wp\/v2\/comments?post=731"}],"version-history":[{"count":0,"href":"https:\/\/theclimatebook.org\/fr\/wp-json\/wp\/v2\/pages\/731\/revisions"}],"up":[{"embeddable":true,"href":"https:\/\/theclimatebook.org\/fr\/wp-json\/wp\/v2\/pages\/717"}],"wp:attachment":[{"href":"https:\/\/theclimatebook.org\/fr\/wp-json\/wp\/v2\/media?parent=731"}],"curies":[{"name":"wp","href":"https:\/\/api.w.org\/{rel}","templated":true}]}}