{"id":729,"date":"2022-08-24T16:57:28","date_gmt":"2022-08-24T16:57:28","guid":{"rendered":"https:\/\/theclimatebook.org\/notes-de-fin\/la-planete-change-sous-nos-yeux\/2-13-les-microplastiques\/"},"modified":"2022-08-24T16:57:28","modified_gmt":"2022-08-24T16:57:28","slug":"2-13-les-microplastiques","status":"publish","type":"page","link":"https:\/\/theclimatebook.org\/fr\/notes-de-fin\/la-planete-change-sous-nos-yeux\/2-13-les-microplastiques\/","title":{"rendered":"2.13 Les microplastiques"},"content":{"rendered":"<div class=\"notes\">\n<p class=\"author\"><a href=\"\/contributors#karin-kvale\" rel=\"author\">Karin Kvale<\/a><\/p>\n<p class=\"date\">Toutes les sources num\u00e9riques ont \u00e9t\u00e9 consult\u00e9es le <time datetime=\"2021-11-06\">6 novembre 2021<\/time><\/p>\n<ol start=\"86\">\n<li>\n<p><q>s\u2019accumulent dans l\u2019atmosphe\u0300re<\/q> Groupe d\u2019experts intergouvernemental sur l\u2019\u00e9volution du climat, <cite><span class=\"book\">Climate Change: The IPCC Scientific Assessment<\/span><\/cite>, \u00e9d. J. T. Houghton et al. (Cambridge: Cambridge University Press, 1990), <a href=\"https:\/\/www.ipcc.ch\/report\/ar1\/wg1\/\" target=\"_blank\" rel=\"noopener\">https:\/\/www.ipcc.ch\/report\/ar1\/wg1\/<\/a>; Stubbins, A., et al., <cite>\u2018Plastics in the Earth system\u2019<\/cite>, <span class=\"book\">Science<\/span>, 373 (6550), 2021: 51\u20135, <a href=\"https:\/\/doi.org\/10.1126\/science.abb0354\" target=\"_blank\" rel=\"noopener\">https:\/\/doi.org\/10.1126\/science.abb0354<\/a>.<\/p>\n<p><q>s\u2019accumulent [\u2026] dans les oce\u0301ans<\/q> Groupe d\u2019experts intergouvernemental sur l\u2019\u00e9volution du climat, <cite><span class=\"book\">Climate Change 1995: The Science of Climate Change. Contribution of WGI to the Second Assessment Reports of the Intergovernmental Panel on Climate Change<\/span><\/cite>, ed. J. T. Houghton et al. (Cambridge: Cambridge University Press, 1996), <a href=\"https:\/\/www.ipcc.ch\/report\/ar2\/wg1\/\" target=\"_blank\" rel=\"noopener\">https:\/\/www.ipcc.ch\/report\/ar2\/wg1\/<\/a>.<\/p>\n<p><q>15 % a\u0300 40 % des de\u0301chets plastiques [\u2026] faute de syste\u0300me efficace de gestion<\/q> Jambeck, J. R., et al., <cite>\u2018Plastic waste inputs from land into the ocean\u2019<\/cite>, <span class=\"book\">Science<\/span>, 347 (6223), 2015: 768\u201371, <a href=\"https:\/\/doi.org\/10.1126\/science.1260352\" target=\"_blank\" rel=\"noopener\">https:\/\/doi.org\/10.1126\/science.1260352<\/a>.<\/p>\n<p><q>pre\u0301le\u0300vements effectue\u0301s sur les plages et en haute mer<\/q> Galgani, F., et al., <cite>\u2018Are litter, plastic and microplastic quantities increasing in the ocean?\u2019<\/cite>, <span class=\"book\">Microplastics Nanoplastics<\/span>, 1, 2021: Article 2, <a href=\"https:\/\/doi.org\/10.1186\/s43591-020-00002-8\" target=\"_blank\" rel=\"noopener\">https:\/\/doi.org\/10.1186\/s43591-020-00002-8<\/a>.<\/p>\n<p><q>aucune trace de microparticules [\u2026] dans les releve\u0301s effectue\u0301s a\u0300 la surface<\/q> Eriksen, M., et al., <cite>\u2018Plastic pollution in the South Pacific subtropical gyre\u2019<\/cite>, <span class=\"book\">Marine Pollution Bulletin<\/span>, 68 (1\u20132), 2013: 71\u20136, <a href=\"https:\/\/doi.org\/10.1016\/j.marpolbul.2012.12.021\" target=\"_blank\" rel=\"noopener\">https:\/\/doi.org\/10.1016\/j.marpolbul.2012.12.021<\/a>.<\/p>\n<p><q>des concentrations surprenantes au plus profond des oce\u0301ans<\/q> Peng, X., et al., <cite>\u2018Microplastics contaminate the deepest part of the world\u2019s ocean\u2019<\/cite>, <span class=\"book\">Geochemical Perspectives Letters<\/span>, 9, 2018: 1\u20135, <a href=\"https:\/\/doi.org\/10.7185\/geochemlet.1829\" target=\"_blank\" rel=\"noopener\">https:\/\/doi.org\/10.7185\/geochemlet.1829<\/a>.<\/p>\n<p><q>dans des se\u0301diments sous-marins aux marges du plateau continental<\/q> Filgueiras, A. V., et al., <cite>\u2018Microplastic distribution in surface sediments along the Spanish Mediterranean continental shelf\u2019<\/cite>, <span class=\"book\">Environmental Science and Pollution Research<\/span>, 26 (21), 2019: 21264\u201373, <a href=\"https:\/\/doi.org\/10.1007\/s11356-019-05341-5\" target=\"_blank\" rel=\"noopener\">https:\/\/doi.org\/10.1007\/s11356-019-05341-5<\/a>.<\/p>\n<p><q>a\u0300 quelques me\u0300tres de la surface de la mer, ou\u0300 la lumie\u0300re ne pe\u0301ne\u0300tre pas<\/q> Choy, C. A., et al., <cite>\u2018The vertical distribution and biological transport of marine microplastics across the Epipelagic and Mesopelagic water column\u2019<\/cite>, <span class=\"book\">Scientific Reports<\/span>, 9, 2019: Article 7843, <a href=\"https:\/\/doi.org\/10.1038\/s41598-019-44117-2\" target=\"_blank\" rel=\"noopener\">https:\/\/doi.org\/10.1038\/s41598-019-44117-2<\/a>; Pabortsava, K., and Lampitt, R. S., <cite>\u2018High concentrations of plastic hidden beneath the surface of the Atlantic Ocean\u2019<\/cite>, <span class=\"book\">Nature Communications<\/span>, 11, 2020: Article 4073, <a href=\"https:\/\/doi.org\/10.1038\/s41467-020-17932-9\" target=\"_blank\" rel=\"noopener\">https:\/\/doi.org\/10.1038\/s41467-020-17932-9<\/a>.<\/p>\n<p><q>fortes concentrations [\u2026] signale\u0301es dans l\u2019oce\u0301an Arctique<\/q> Ross, P. S., et al., <cite>\u2018Pervasive distribution of polyester fibres in the Arctic Ocean is driven by Atlantic inputs\u2019<\/cite>, <span class=\"book\">Nature Communications<\/span>, 12, 2021: Article 106, <a href=\"https:\/\/doi.org\/10.1038\/s41467-020-20347-1\" target=\"_blank\" rel=\"noopener\">https:\/\/doi.org\/10.1038\/s41467-020-20347-1<\/a>.<\/p>\n<\/li>\n<li>\n<p><q>s\u2019entravent dans des fibres de microplastiques<\/q> Kang, J. H., et al., <cite>\u2018Can zooplankton be entangled by microfibers in the marine environment? Laboratory studies\u2019<\/cite>, <span class=\"book\">Water<\/span>, 12 (12), 2020: Article 3302, <a href=\"https:\/\/doi.org\/10.3390\/w12123302\" target=\"_blank\" rel=\"noopener\">https:\/\/doi.org\/10.3390\/w12123302<\/a>.<\/p>\n<p><q>inge\u0300rent re\u0301gulie\u0300rement des microbilles<\/q> Cole, M., et al., <cite>\u2018The impact of polystyrene microplastics on feeding, function and fecundity in the marine copepod Calanus helgolandicus\u2019<\/cite>, <span class=\"book\">Environmental Science and Technology<\/span>, 49 (2), 2015: 1130\u201337, <a href=\"https:\/\/doi.org\/10.1021\/es504525u\" target=\"_blank\" rel=\"noopener\">https:\/\/doi.org\/10.1021\/es504525u<\/a>.<\/p>\n<p><q>tapisse\u0301s de bacte\u0301ries et de toxines pathoge\u0300nes<\/q> Galloway, T. S., et al., <cite>\u2018Interactions of microplastic debris throughout the marine ecosystem\u2019<\/cite>, <span class=\"book\">Nature Ecology and Evolution<\/span>, 1 (5), 2017: Article 0116, <a href=\"https:\/\/doi.org\/10.1038\/s41559-017-0116\" target=\"_blank\" rel=\"noopener\">https:\/\/doi.org\/10.1038\/s41559-017-0116<\/a>,<\/p>\n<p><q>reste a\u0300 de\u0301terminer si [\u2026] elles contribuent pluto\u0302t a\u0300 re\u0301chauffer ou a\u0300 refroidir<\/q> Revell, L. E., et al., <cite>\u2018Direct radiative effects of airborne microplastics\u2019<\/cite>, <span class=\"book\">Nature<\/span>, 598 (7881), 2021: 462\u20137, <a href=\"https:\/\/doi.org\/10.1038\/s41586-021-03864-x\" target=\"_blank\" rel=\"noopener\">https:\/\/doi.org\/10.1038\/s41586-021-03864-x<\/a>.<\/p>\n<p><q>une source importante de microplastiques atmosphe\u0301riques<\/q> Allen, S., et al., <cite>\u2018Examination of the ocean as a source for atmospheric microplastics\u2019<\/cite>, <span class=\"book\">PLOS One<\/span>, 15 (5), 2020: Article e0232746, <a href=\"https:\/\/doi.org\/10.1371\/journal.pone.0232746\" target=\"_blank\" rel=\"noopener\">https:\/\/doi.org\/10.1371\/journal.pone.0232746<\/a>.<\/p>\n<p><q>peuvent aussi bien acce\u0301le\u0301rer la perte d\u2019oxyge\u0300ne des oce\u0301ans que le re\u0301chauffement plane\u0301taire<\/q> Kvale, K., et al., <cite>\u2018Zooplankton grazing of microplastic can accelerate global loss of ocean oxygen\u2019<\/cite>, <span class=\"book\">Nature Communications<\/span>, 12, 2021: Article 2358, <a href=\"https:\/\/doi.org\/10.1038\/s41467-021-22554-w\" target=\"_blank\" rel=\"noopener\">https:\/\/doi.org\/10.1038\/s41467-021-22554-w<\/a>.<\/p>\n<p><q>un impact disproportionnellement e\u0301leve\u0301 sur les syste\u0300mes terrestres<\/q> Zhu, X., <cite>\u2018The plastic cycle \u2013 an unknown branch of the carbon cycle\u2019<\/cite>, <span class=\"book\">Frontiers in Marine Science<\/span>, 7, 2021: Article 609243, <a href=\"https:\/\/doi.org\/10.3389\/fmars.2020.609243\" target=\"_blank\" rel=\"noopener\">https:\/\/doi.org\/10.3389\/fmars.2020.609243<\/a><\/p>\n<p><q>pollution plastique semble d\u2019autant moins pre\u0300s de ralentir<\/q> <a href=\"https:\/\/www.sciencedirect.com\/science\/article\/pii\/S0301421521002883\" target=\"_blank\" rel=\"noopener\">https:\/\/www.sciencedirect.com\/science\/article\/pii\/S0301421521002883<\/a><\/p>\n<p><q>tre\u0300s insuffisants, et incapables de recycler<\/q> Jambeck, J. R., et al., <cite>\u2018Plastic waste inputs from land into the ocean\u2019<\/cite>, <span class=\"book\">Science<\/span>, 347 (6223), 2015: 768\u201371, <a href=\"https:\/\/doi.org\/10.1126\/science.1260352\" target=\"_blank\" rel=\"noopener\">https:\/\/doi.org\/10.1126\/science.1260352<\/a>.<\/p>\n<p><q>un \u00ab recyclage optimiste \u00bb<\/q> Albeck-Ripka, L., <cite>\u20186 things you\u2019re recycling wrong\u2019<\/cite>, <span class=\"book\">New York Times<\/span>, 29 mai 2018, <a href=\"https:\/\/www.nytimes.com\/2018\/05\/29\/climate\/recycling-wrong-mistakes.html\" target=\"_blank\" rel=\"noopener\">https:\/\/www.nytimes.com\/2018\/05\/29\/climate\/recycling-wrong-mistakes.html<\/a>.<\/p>\n<p><q>l\u2019absence de responsabilisation des filie\u0300res internationales d\u2019exportation des de\u0301chets<\/q> McCormick, E., et al., <cite>\u2018Where does your plastic go? Global investigation reveals America\u2019s dirty secret\u2019<\/cite>, <span class=\"book\">Guardian<\/span>, 7 juin 2019, <a href=\"https:\/\/www.theguardian.com\/us-news\/2019\/jun\/17\/recycled-plastic-america-global-crisis\" target=\"_blank\" rel=\"noopener\">https:\/\/www.theguardian.com\/us-news\/2019\/jun\/17\/recycled-plastic-america-global-crisis<\/a>.<\/p>\n<\/li>\n<\/ol>\n<\/div>\n","protected":false},"excerpt":{"rendered":"<p>Karin Kvale Toutes les sources num\u00e9riques ont \u00e9t\u00e9 consult\u00e9es le 6 novembre 2021 s\u2019accumulent dans l\u2019atmosphe\u0300re Groupe d\u2019experts intergouvernemental sur l\u2019\u00e9volution du climat, Climate Change: The IPCC Scientific Assessment, \u00e9d. J. T. Houghton et al. (Cambridge: Cambridge University Press, 1990), https:\/\/www.ipcc.ch\/report\/ar1\/wg1\/; Stubbins, A., et al., \u2018Plastics in the Earth system\u2019, Science, 373 (6550), 2021: 51\u20135,&hellip;<\/p>\n","protected":false},"author":5,"featured_media":0,"parent":717,"menu_order":13,"comment_status":"closed","ping_status":"closed","template":"page-essay.php","meta":{"footnotes":""},"class_list":["post-729","page","type-page","status-publish","hentry"],"_links":{"self":[{"href":"https:\/\/theclimatebook.org\/fr\/wp-json\/wp\/v2\/pages\/729","targetHints":{"allow":["GET"]}}],"collection":[{"href":"https:\/\/theclimatebook.org\/fr\/wp-json\/wp\/v2\/pages"}],"about":[{"href":"https:\/\/theclimatebook.org\/fr\/wp-json\/wp\/v2\/types\/page"}],"author":[{"embeddable":true,"href":"https:\/\/theclimatebook.org\/fr\/wp-json\/wp\/v2\/users\/5"}],"replies":[{"embeddable":true,"href":"https:\/\/theclimatebook.org\/fr\/wp-json\/wp\/v2\/comments?post=729"}],"version-history":[{"count":0,"href":"https:\/\/theclimatebook.org\/fr\/wp-json\/wp\/v2\/pages\/729\/revisions"}],"up":[{"embeddable":true,"href":"https:\/\/theclimatebook.org\/fr\/wp-json\/wp\/v2\/pages\/717"}],"wp:attachment":[{"href":"https:\/\/theclimatebook.org\/fr\/wp-json\/wp\/v2\/media?parent=729"}],"curies":[{"name":"wp","href":"https:\/\/api.w.org\/{rel}","templated":true}]}}