{"id":728,"date":"2022-08-24T15:42:19","date_gmt":"2022-08-24T15:42:19","guid":{"rendered":"https:\/\/theclimatebook.org\/notes-de-fin\/la-planete-change-sous-nos-yeux\/2-12-lacidification-des-oceans-et-les-ecosystemes-marins\/"},"modified":"2022-08-24T15:42:19","modified_gmt":"2022-08-24T15:42:19","slug":"2-12-lacidification-des-oceans-et-les-ecosystemes-marins","status":"publish","type":"page","link":"https:\/\/theclimatebook.org\/fr\/notes-de-fin\/la-planete-change-sous-nos-yeux\/2-12-lacidification-des-oceans-et-les-ecosystemes-marins\/","title":{"rendered":"2.12 L\u2019acidification des oce\u0301ans et les e\u0301cosyste\u0300mes marins"},"content":{"rendered":"<div class=\"notes\">\n<p class=\"author\"><a href=\"\/contributors#hans-otto-p\u00f6rtner\" rel=\"author\">Hans-Otto P\u00f6rtner<\/a><\/p>\n<p class=\"date\">Toutes les sources num\u00e9riques ont \u00e9t\u00e9 consult\u00e9es le <time datetime=\"2022-02-27\">27 f\u00e9vrier  2022<\/time><\/p>\n<ol start=\"84\">\n<li>\n<p>\n<q>L\u2019oce\u0301an a absorbe\u0301 20 % a\u0300 30 % des e\u0301missions anthropiques de CO<SUB>2<\/SUB><\/q> Groupe d\u2019experts intergouvernemental sur l\u2019\u00e9volution du climat, <cite>\u00ab R\u00e9sum\u00e9 \u00e0 l\u2019intention des d\u00e9cideurs \u00bb<\/cite>, in <span class=\"book\">IPCC Special Report on the Ocean and Cryosphere in a Changing Climate<\/span>, ed. H.-O. P\u00f6rtner et al. (Cambridge: Cambridge University Press, 2022), <a href=\"https:\/\/doi.org\/10.1017\/9781009157964.001\" target=\"_blank\" rel=\"noopener\">https:\/\/doi.org\/10.1017\/9781009157964.001<\/a>.\n<\/p>\n<p>\n<q>ralentit souvent la calcification [\u2026] ou de\u0301stabilise les e\u0301cosyste\u0300mes carbonate\u0301s<\/q> Hoegh-Guldberg, O., et al., <cite>\u2018Impacts of 1.5\u00b0C global warming on natural and human systems\u2019<\/cite>, in Groupe d\u2019experts intergouvernemental sur l\u2019\u00e9volution du climat, <span class=\"book\">Global Warming of 1.5\u00b0C: An IPCC Special Report on the Impacts of Global Warming of 1.5\u00b0C above Pre-industrial Levels and Related Global Greenhouse Gas Emission Pathways, in the Context of Strengthening the Global Response to the Threat of Climate Change, Sustainable Development, and Efforts to Eradicate Poverty<\/span>, \u00e9d. V. Masson-Delmotte (Cambridge: Cambridge University Press, 2018), <a href=\"https:\/\/www.ipcc.ch\/sr15\/chapter\/chapter-3\/\" target=\"_blank\" rel=\"noopener\">https:\/\/www.ipcc.ch\/sr15\/chapter\/chapter-3\/<\/a>.\n<\/p>\n<\/li>\n<\/ol>\n<\/div>\n","protected":false},"excerpt":{"rendered":"<p>Hans-Otto P\u00f6rtner Toutes les sources num\u00e9riques ont \u00e9t\u00e9 consult\u00e9es le 27 f\u00e9vrier 2022 L\u2019oce\u0301an a absorbe\u0301 20 % a\u0300 30 % des e\u0301missions anthropiques de CO2 Groupe d\u2019experts intergouvernemental sur l\u2019\u00e9volution du climat, \u00ab R\u00e9sum\u00e9 \u00e0 l\u2019intention des d\u00e9cideurs \u00bb, in IPCC Special Report on the Ocean and Cryosphere in a Changing Climate, ed. H.-O.&hellip;<\/p>\n","protected":false},"author":5,"featured_media":0,"parent":717,"menu_order":12,"comment_status":"closed","ping_status":"closed","template":"page-essay.php","meta":{"footnotes":""},"class_list":["post-728","page","type-page","status-publish","hentry"],"_links":{"self":[{"href":"https:\/\/theclimatebook.org\/fr\/wp-json\/wp\/v2\/pages\/728","targetHints":{"allow":["GET"]}}],"collection":[{"href":"https:\/\/theclimatebook.org\/fr\/wp-json\/wp\/v2\/pages"}],"about":[{"href":"https:\/\/theclimatebook.org\/fr\/wp-json\/wp\/v2\/types\/page"}],"author":[{"embeddable":true,"href":"https:\/\/theclimatebook.org\/fr\/wp-json\/wp\/v2\/users\/5"}],"replies":[{"embeddable":true,"href":"https:\/\/theclimatebook.org\/fr\/wp-json\/wp\/v2\/comments?post=728"}],"version-history":[{"count":0,"href":"https:\/\/theclimatebook.org\/fr\/wp-json\/wp\/v2\/pages\/728\/revisions"}],"up":[{"embeddable":true,"href":"https:\/\/theclimatebook.org\/fr\/wp-json\/wp\/v2\/pages\/717"}],"wp:attachment":[{"href":"https:\/\/theclimatebook.org\/fr\/wp-json\/wp\/v2\/media?parent=728"}],"curies":[{"name":"wp","href":"https:\/\/api.w.org\/{rel}","templated":true}]}}