{"id":727,"date":"2022-08-24T15:31:57","date_gmt":"2022-08-24T15:31:57","guid":{"rendered":"https:\/\/theclimatebook.org\/notes-de-fin\/la-planete-change-sous-nos-yeux\/2-11-le-rechauffement-des-oceans-et-la-montee-des-eaux\/"},"modified":"2022-08-24T15:31:57","modified_gmt":"2022-08-24T15:31:57","slug":"2-11-le-rechauffement-des-oceans-et-la-montee-des-eaux","status":"publish","type":"page","link":"https:\/\/theclimatebook.org\/fr\/notes-de-fin\/la-planete-change-sous-nos-yeux\/2-11-le-rechauffement-des-oceans-et-la-montee-des-eaux\/","title":{"rendered":"2.11 Le re\u0301chauffement des oce\u0301ans et la monte\u0301e des eaux"},"content":{"rendered":"<div class=\"notes\">\n<p class=\"author\"><a href=\"\/contributors#stefan-rahmstorf\" rel=\"author\">Stefan Rahmstorf<\/a><\/p>\n<p class=\"date\">Toutes les sources num\u00e9riques ont \u00e9t\u00e9 consult\u00e9es le <time datetime=\"2022-01-11\">11 janvier 2022<\/time><\/p>\n<ol start=\"79\">\n<li>\n<p><q>la concentration des gaz a\u0300 effet de serre [\u2026] commencera a\u0300 diminuer<\/q> MacDougall, A. H., et al. <cite>\u2018Is there warming in the pipeline? A multi-model analysis of the zero emissions commitment from CO<sub>2<\/sub>\u2019<\/cite>, <span class=\"book\">Biogeosciences<\/span>, 17 (11), 2020: 2987\u20133016, <a href=\"https:\/\/doi.org\/10.5194\/bg-17-2987-2020\" target=\"_blank\" rel=\"noopener\">https:\/\/doi.org\/10.5194\/bg-17-2987-2020<\/a>.<\/p>\n<p><q>cela exacerbe les e\u0301pisodes de pluies torrentielles<\/q> Pendergrass, A. G., and Knutti, R., <cite>\u2018The uneven nature of daily precipitation and its change\u2019<\/cite>, <span class=\"book\">Geophysical Research Letters<\/span>, 45 (21), 2018: 11980\u201388, <a href=\"https:\/\/doi.org\/10.1029\/2018GL080298\" target=\"_blank\" rel=\"noopener\">https:\/\/doi.org\/10.1029\/2018GL080298<\/a>.<\/p>\n<\/li>\n<li>\n<p><q>Jusqu\u2019a\u0300 pre\u0301sent, l\u2019e\u0301le\u0301vation du niveau de la mer [\u2026] correspond aux donne\u0301es inde\u0301pendantes<\/q> WCRP Global Sea Level Budget Group, <cite>\u2018Global sea-level budget 1993\u2013present\u2019<\/cite>, <span class=\"book\">Earth System Science Data<\/span>, 10 (3), 2018: 1551\u201390, <a href=\"https:\/\/doi.org\/10.5194\/essd-10-1551-2018\" target=\"_blank\" rel=\"noopener\">https:\/\/doi.org\/10.5194\/essd-10-1551-2018<\/a>.<\/p>\n<\/li>\n<\/ol>\n<ol start=\"82\">\n<li>\n<p><q>C\u2019est essentiellement a\u0300 cause de l\u2019AMOC<\/q> Feulner, G., et al., <cite>\u2018On the origin of the surface air temperature difference between the hemispheres in Earth\u2019s present-day climate\u2019<\/cite>, <span class=\"book\">Journal of Climate<\/span>, 26 (18) 2013: 7136\u201350, <a href=\"https:\/\/journals.ametsoc.org\/view\/journals\/clim\/26\/18\/jcli-d-12-00636.1.xml\" target=\"_blank\" rel=\"noopener\">https:\/\/journals.ametsoc.org\/view\/journals\/clim\/26\/18\/jcli-d-12-00636.1.xml<\/a>.<\/p>\n<\/li>\n<li>\n<p><q>des donne\u0301es d\u2019observation fournissent des signaux d\u2019alarme cre\u0301dibles<\/q> Boers, N., <cite>\u2018Observation-based early-warning signals for a collapse of the Atlantic Meridional Overturning Circulation\u2019<\/cite>, <span class=\"book\">Nature Climate Change<\/span>, 11 (8), 2021: 680\u201388, <a href=\"https:\/\/doi.org\/10.1038\/s41558-021-01097-4\" target=\"_blank\" rel=\"noopener\">https:\/\/doi.org\/10.1038\/s41558-021-01097-4<\/a>.<\/p>\n<\/li>\n<\/ol>\n<\/div>\n","protected":false},"excerpt":{"rendered":"<p>Stefan Rahmstorf Toutes les sources num\u00e9riques ont \u00e9t\u00e9 consult\u00e9es le 11 janvier 2022 la concentration des gaz a\u0300 effet de serre [\u2026] commencera a\u0300 diminuer MacDougall, A. H., et al. \u2018Is there warming in the pipeline? A multi-model analysis of the zero emissions commitment from CO2\u2019, Biogeosciences, 17 (11), 2020: 2987\u20133016, https:\/\/doi.org\/10.5194\/bg-17-2987-2020. cela exacerbe les&hellip;<\/p>\n","protected":false},"author":5,"featured_media":0,"parent":717,"menu_order":11,"comment_status":"closed","ping_status":"closed","template":"page-essay.php","meta":{"footnotes":""},"class_list":["post-727","page","type-page","status-publish","hentry"],"_links":{"self":[{"href":"https:\/\/theclimatebook.org\/fr\/wp-json\/wp\/v2\/pages\/727","targetHints":{"allow":["GET"]}}],"collection":[{"href":"https:\/\/theclimatebook.org\/fr\/wp-json\/wp\/v2\/pages"}],"about":[{"href":"https:\/\/theclimatebook.org\/fr\/wp-json\/wp\/v2\/types\/page"}],"author":[{"embeddable":true,"href":"https:\/\/theclimatebook.org\/fr\/wp-json\/wp\/v2\/users\/5"}],"replies":[{"embeddable":true,"href":"https:\/\/theclimatebook.org\/fr\/wp-json\/wp\/v2\/comments?post=727"}],"version-history":[{"count":0,"href":"https:\/\/theclimatebook.org\/fr\/wp-json\/wp\/v2\/pages\/727\/revisions"}],"up":[{"embeddable":true,"href":"https:\/\/theclimatebook.org\/fr\/wp-json\/wp\/v2\/pages\/717"}],"wp:attachment":[{"href":"https:\/\/theclimatebook.org\/fr\/wp-json\/wp\/v2\/media?parent=727"}],"curies":[{"name":"wp","href":"https:\/\/api.w.org\/{rel}","templated":true}]}}