{"id":723,"date":"2022-08-24T13:48:35","date_gmt":"2022-08-24T13:48:35","guid":{"rendered":"https:\/\/theclimatebook.org\/notes-de-fin\/la-planete-change-sous-nos-yeux\/2-6-le-rechauffement-de-larctique-et-le-courant-jet\/"},"modified":"2022-08-24T13:48:35","modified_gmt":"2022-08-24T13:48:35","slug":"2-6-le-rechauffement-de-larctique-et-le-courant-jet","status":"publish","type":"page","link":"https:\/\/theclimatebook.org\/fr\/notes-de-fin\/la-planete-change-sous-nos-yeux\/2-6-le-rechauffement-de-larctique-et-le-courant-jet\/","title":{"rendered":"2.6 Le re\u0301chauffement de l\u2019Arctique et le courant-jet"},"content":{"rendered":"<div class=\"notes\">\n<p class=\"author\"><a href=\"\/contributors#jennifer-francis\" rel=\"author\">Jennifer Francis<\/a><\/p>\n<p class=\"date\">Toutes les sources num\u00e9riques ont \u00e9t\u00e9 consult\u00e9es le <time datetime=\"2021-10-11\">11 October 2021<\/time><\/p>\n<ol start=\"62\">\n<li>\n<p>\n<q>L\u2019Arctique se re\u0301chauffe a\u0300 toute vitesse<\/q> Arctic Monitoring and Assessment Programme, <cite><span class=\"book\">Arctic Climate Change Update 2021: Key Trends and Impacts. Summary for Policy-makers<\/span><\/cite>, 2021, <a href=\"https:\/\/www.amap.no\/documents\/doc\/arctic-climate-change-update-2021-key-trends-and-impacts.-summary-for-policy-makers\/3508\" target=\"_blank\" rel=\"noopener\">https:\/\/www.amap.no\/documents\/doc\/arctic-climate-change-update-2021-key-trends-and-impacts.-summary-for-policy-makers\/3508<\/a>.\n<\/p>\n<\/li>\n<li>\n<p>\n<q>quand l\u2019Arctique est anormalement chaud<\/q> Cohen, J., et al., <cite>\u2018Warm Arctic episodes linked with increased frequency of extreme winter weather in the United States\u2019<\/cite>, <span class=\"book\">Nature Communications<\/span>, 9, 2018: Article 869, <a href=\"https:\/\/doi.org\/10.1038\/s41467-018-02992-9\" target=\"_blank\" rel=\"noopener\">https:\/\/doi.org\/10.1038\/s41467-018-02992-9<\/a>.\n<\/p>\n<p>\n<q>ondulations des courants-jets de l\u2019he\u0301misphe\u0300re Nord<\/q> Martin, J. E., <cite>\u2018Recent trends in the waviness of the northern hemisphere wintertime polar and subtropical jets\u2019<\/cite>, <span class=\"book\">Journal of Geophysical Research: Atmospheres<\/span>, 126 (9), 2021: Article e2020JD033668, <a href=\"https:\/\/doi.org\/10.1029\/2020JD033668\" target=\"_blank\" rel=\"noopener\">https:\/\/doi.org\/10.1029\/2020JD033668<\/a>.\n<\/p>\n<p>\n<q>Steve Vavrus et moi-me\u0302me avons pour la premie\u0300re fois e\u0301tabli<\/q> Francis, J. A., and Vavrus, S. J., <cite>\u2018Evidence linking Arctic amplification to extreme weather in mid-latitudes\u2019<\/cite>, <span class=\"book\">Geophysical Research Letters<\/span>, 126 (9), 2021: Article e2020JD033668, <a href=\"https:\/\/doi.org\/10.1029\/2020JD033668\" target=\"_blank\" rel=\"noopener\">https:\/\/doi.org\/10.1029\/2020JD033668<\/a>.\n<\/p>\n<\/li>\n<li>\n<p>\n<q>vague de froid extre\u0302me [dans] les E\u0301tats du sud et du centre des E\u0301tats-Unis<\/q> Cohen J., et al., <cite>\u2018Linking Arctic variability and change with extreme winter weather in the United States\u2019<\/cite>, <span class=\"book\">Science<\/span>, 373 (6559), 2021: 1116\u201321, <a href=\"https:\/\/doi.org\/10.1126\/science.abi9167\" target=\"_blank\" rel=\"noopener\">https:\/\/doi.org\/10.1126\/science.abi9167<\/a>.\n<\/p>\n<p>\n<q>les coupures d\u2019e\u0301lectricite\u0301 [\u2026] et le gel des canalisations<\/q> Wikip\u00e9dia, <cite>\u20182021 Texas power crisis\u2019<\/cite>, <a href=\"https:\/\/en.wikipedia.org\/wiki\/2021_Texas_power_crisis\" target=\"_blank\" rel=\"noopener\">https:\/\/en.wikipedia.org\/wiki\/2021_Texas_power_crisis<\/a>.\n<\/p>\n<p>\n<q>Une nouvelle e\u0301tude a e\u0301galement re\u0301ve\u0301le\u0301 une corre\u0301lation, en e\u0301te\u0301<\/q> Mann, M. E., et al., <cite>\u2018Projected changes in persistent extreme summer weather events: the role of quasi-resonant amplification\u2019<\/cite>, <span class=\"book\">Science Advances<\/span>, 4 (10), 2018: Article eaat3272, <a href=\"https:\/\/www.science.org\/doi\/10.1126\/sciadv.aat3272\" target=\"_blank\" rel=\"noopener\">https:\/\/www.science.org\/doi\/10.1126\/sciadv.aat3272<\/a>.\n<\/p>\n<p>\n<q>Ces dislocations tendent a\u0300 se produire quand la couverture neigeuse de printemps<\/q> Rutgers University Global Snow Lab, <a href=\"http:\/\/climate.rutgers.edu\/snowcover\/\" target=\"_blank\" rel=\"noopener\">http:\/\/climate.rutgers.edu\/snowcover\/<\/a>.\n<\/p>\n<\/li>\n<\/ol>\n<\/div>\n","protected":false},"excerpt":{"rendered":"<p>Jennifer Francis Toutes les sources num\u00e9riques ont \u00e9t\u00e9 consult\u00e9es le 11 October 2021 L\u2019Arctique se re\u0301chauffe a\u0300 toute vitesse Arctic Monitoring and Assessment Programme, Arctic Climate Change Update 2021: Key Trends and Impacts. Summary for Policy-makers, 2021, https:\/\/www.amap.no\/documents\/doc\/arctic-climate-change-update-2021-key-trends-and-impacts.-summary-for-policy-makers\/3508. quand l\u2019Arctique est anormalement chaud Cohen, J., et al., \u2018Warm Arctic episodes linked with increased frequency of&hellip;<\/p>\n","protected":false},"author":5,"featured_media":0,"parent":717,"menu_order":6,"comment_status":"closed","ping_status":"closed","template":"page-essay.php","meta":{"footnotes":""},"class_list":["post-723","page","type-page","status-publish","hentry"],"_links":{"self":[{"href":"https:\/\/theclimatebook.org\/fr\/wp-json\/wp\/v2\/pages\/723","targetHints":{"allow":["GET"]}}],"collection":[{"href":"https:\/\/theclimatebook.org\/fr\/wp-json\/wp\/v2\/pages"}],"about":[{"href":"https:\/\/theclimatebook.org\/fr\/wp-json\/wp\/v2\/types\/page"}],"author":[{"embeddable":true,"href":"https:\/\/theclimatebook.org\/fr\/wp-json\/wp\/v2\/users\/5"}],"replies":[{"embeddable":true,"href":"https:\/\/theclimatebook.org\/fr\/wp-json\/wp\/v2\/comments?post=723"}],"version-history":[{"count":0,"href":"https:\/\/theclimatebook.org\/fr\/wp-json\/wp\/v2\/pages\/723\/revisions"}],"up":[{"embeddable":true,"href":"https:\/\/theclimatebook.org\/fr\/wp-json\/wp\/v2\/pages\/717"}],"wp:attachment":[{"href":"https:\/\/theclimatebook.org\/fr\/wp-json\/wp\/v2\/media?parent=723"}],"curies":[{"name":"wp","href":"https:\/\/api.w.org\/{rel}","templated":true}]}}