{"id":721,"date":"2022-08-24T12:56:56","date_gmt":"2022-08-24T12:56:56","guid":{"rendered":"https:\/\/theclimatebook.org\/notes-de-fin\/la-planete-change-sous-nos-yeux\/2-3-le-methane-et-autres-gaz\/"},"modified":"2022-08-24T12:56:56","modified_gmt":"2022-08-24T12:56:56","slug":"2-3-le-methane-et-autres-gaz","status":"publish","type":"page","link":"https:\/\/theclimatebook.org\/fr\/notes-de-fin\/la-planete-change-sous-nos-yeux\/2-3-le-methane-et-autres-gaz\/","title":{"rendered":"2.3 Le me\u0301thane et autres gaz"},"content":{"rendered":"<div class=\"notes\">\n<p class=\"author\"><a href=\"\/contributors#zeke-hausfather\" rel=\"author\">Zeke Hausfather<\/a><\/p>\n<p class=\"date\">Toutes les sources num\u00e9riques ont \u00e9t\u00e9 consult\u00e9es le 7 mars <time datetime=\"2022-03-07\">7 March 2022<\/time><\/p>\n<ol start=\"53\">\n<li>\n<p>\n<q>potentiel de re\u0301chauffement 30 fois plus important que celui du CO<SUB>2<\/SUB> sur un horizon de cent ans<\/q> Szopa, S., et al., <cite>\u2018Short-lived climate forcers\u2019<\/cite>, in Groupe d\u2019experts intergouvernemental sur l\u2019\u00e9volution du climat, <span class=\"book\">Climate Change 2021: The Physical Science Basis. Contribution of Working Group I to the Sixth Assessment Report of the Intergovernmental Panel on Climate Change<\/span>, ed. V. Masson-Delmotte et al. (Cambridge: Cambridge University Press, in press), <a href=\"https:\/\/www.ipcc.ch\/report\/ar6\/wg1\/\" rel=\"noopener\" target=\"_blank\">https:\/\/www.ipcc.ch\/report\/ar6\/wg1\/<\/a>.\n<\/p>\n<p>\n<q>les sce\u0301narios de re\u0301fe\u0301rence d\u2019e\u0301missions futures<\/q> Riahi, K., et al., <cite>\u2018The shared socioeconomic pathways and their energy, land use, and greenhouse gas emissions implications: an overview\u2019<\/cite>, <span class=\"book\">Global Environmental Change<\/span>, 42, 2017: 153\u201368, <a href=\"https:\/\/doi.org\/10.1016\/j.gloenvcha.2016.05.009\" target=\"_blank\" rel=\"noopener\">https:\/\/doi.org\/10.1016\/j.gloenvcha.2016.05.009<\/a>.\n<\/p>\n<\/li>\n<\/ol>\n<\/div>\n","protected":false},"excerpt":{"rendered":"<p>Zeke Hausfather Toutes les sources num\u00e9riques ont \u00e9t\u00e9 consult\u00e9es le 7 mars 7 March 2022 potentiel de re\u0301chauffement 30 fois plus important que celui du CO2 sur un horizon de cent ans Szopa, S., et al., \u2018Short-lived climate forcers\u2019, in Groupe d\u2019experts intergouvernemental sur l\u2019\u00e9volution du climat, Climate Change 2021: The Physical Science Basis. Contribution&hellip;<\/p>\n","protected":false},"author":5,"featured_media":0,"parent":717,"menu_order":3,"comment_status":"closed","ping_status":"closed","template":"page-essay.php","meta":{"footnotes":""},"class_list":["post-721","page","type-page","status-publish","hentry"],"_links":{"self":[{"href":"https:\/\/theclimatebook.org\/fr\/wp-json\/wp\/v2\/pages\/721","targetHints":{"allow":["GET"]}}],"collection":[{"href":"https:\/\/theclimatebook.org\/fr\/wp-json\/wp\/v2\/pages"}],"about":[{"href":"https:\/\/theclimatebook.org\/fr\/wp-json\/wp\/v2\/types\/page"}],"author":[{"embeddable":true,"href":"https:\/\/theclimatebook.org\/fr\/wp-json\/wp\/v2\/users\/5"}],"replies":[{"embeddable":true,"href":"https:\/\/theclimatebook.org\/fr\/wp-json\/wp\/v2\/comments?post=721"}],"version-history":[{"count":0,"href":"https:\/\/theclimatebook.org\/fr\/wp-json\/wp\/v2\/pages\/721\/revisions"}],"up":[{"embeddable":true,"href":"https:\/\/theclimatebook.org\/fr\/wp-json\/wp\/v2\/pages\/717"}],"wp:attachment":[{"href":"https:\/\/theclimatebook.org\/fr\/wp-json\/wp\/v2\/media?parent=721"}],"curies":[{"name":"wp","href":"https:\/\/api.w.org\/{rel}","templated":true}]}}