{"id":720,"date":"2022-08-24T11:46:54","date_gmt":"2022-08-24T11:46:54","guid":{"rendered":"https:\/\/theclimatebook.org\/notes-de-fin\/la-planete-change-sous-nos-yeux\/2-4-la-pollution-atmospherique-et-les-aerosols\/"},"modified":"2022-08-24T11:46:54","modified_gmt":"2022-08-24T11:46:54","slug":"2-4-la-pollution-atmospherique-et-les-aerosols","status":"publish","type":"page","link":"https:\/\/theclimatebook.org\/fr\/notes-de-fin\/la-planete-change-sous-nos-yeux\/2-4-la-pollution-atmospherique-et-les-aerosols\/","title":{"rendered":"2.4 La pollution atmosphe\u0301rique et les ae\u0301rosols"},"content":{"rendered":"<div class=\"notes\">\n<p class=\"author\"><a href=\"\/contributors#bj\u00f8rn-h.-samset\" rel=\"author\">Bj\u00f8rn H. Samset<\/a><\/p>\n<p class=\"date\">Toutes les sources num\u00e9riques ont \u00e9t\u00e9 consult\u00e9es le 3 mars <time datetime=\"2022-03-03\">3 March 2022<\/time><\/p>\n<ol start=\"58\">\n<li>\n<p>\n<q>Ce diffe\u0301rentiel s\u2019explique essentiellement par nos e\u0301missions de particules fines<\/q> Intergovernmental Panel on Climate Change, <cite><span class=\"book\">Groupe d\u2019experts intergouvernemental sur l\u2019\u00e9volution du climat: Summary for Policymakers. Contribution of Working Group I to the Sixth Assessment Report of the Intergovernmental Panel on Climate Change<\/span><\/cite>, ed. V. Masson-Delmotte et al. (Cambridge: Cambridge University Press, \u00e0 venir), <a href=\"https:\/\/www.ipcc.ch\/report\/ar6\/wg1\/\" rel=\"noopener\" target=\"_blank\">https:\/\/www.ipcc.ch\/report\/ar6\/wg1\/<\/a>.\n<\/p>\n<\/li>\n<\/ol>\n<\/div>\n","protected":false},"excerpt":{"rendered":"<p>Bj\u00f8rn H. Samset Toutes les sources num\u00e9riques ont \u00e9t\u00e9 consult\u00e9es le 3 mars 3 March 2022 Ce diffe\u0301rentiel s\u2019explique essentiellement par nos e\u0301missions de particules fines Intergovernmental Panel on Climate Change, Groupe d\u2019experts intergouvernemental sur l\u2019\u00e9volution du climat: Summary for Policymakers. Contribution of Working Group I to the Sixth Assessment Report of the Intergovernmental Panel&hellip;<\/p>\n","protected":false},"author":5,"featured_media":0,"parent":717,"menu_order":4,"comment_status":"closed","ping_status":"closed","template":"page-essay.php","meta":{"footnotes":""},"class_list":["post-720","page","type-page","status-publish","hentry"],"_links":{"self":[{"href":"https:\/\/theclimatebook.org\/fr\/wp-json\/wp\/v2\/pages\/720","targetHints":{"allow":["GET"]}}],"collection":[{"href":"https:\/\/theclimatebook.org\/fr\/wp-json\/wp\/v2\/pages"}],"about":[{"href":"https:\/\/theclimatebook.org\/fr\/wp-json\/wp\/v2\/types\/page"}],"author":[{"embeddable":true,"href":"https:\/\/theclimatebook.org\/fr\/wp-json\/wp\/v2\/users\/5"}],"replies":[{"embeddable":true,"href":"https:\/\/theclimatebook.org\/fr\/wp-json\/wp\/v2\/comments?post=720"}],"version-history":[{"count":0,"href":"https:\/\/theclimatebook.org\/fr\/wp-json\/wp\/v2\/pages\/720\/revisions"}],"up":[{"embeddable":true,"href":"https:\/\/theclimatebook.org\/fr\/wp-json\/wp\/v2\/pages\/717"}],"wp:attachment":[{"href":"https:\/\/theclimatebook.org\/fr\/wp-json\/wp\/v2\/media?parent=720"}],"curies":[{"name":"wp","href":"https:\/\/api.w.org\/{rel}","templated":true}]}}