{"id":714,"date":"2022-08-23T15:05:50","date_gmt":"2022-08-23T15:05:50","guid":{"rendered":"https:\/\/theclimatebook.org\/notes-de-fin\/comment-fonctionne-le-climat\/1-6-la-decouverte-du-changement-climatique\/"},"modified":"2022-08-23T15:05:50","modified_gmt":"2022-08-23T15:05:50","slug":"1-6-la-decouverte-du-changement-climatique","status":"publish","type":"page","link":"https:\/\/theclimatebook.org\/fr\/notes-de-fin\/comment-fonctionne-le-climat\/1-6-la-decouverte-du-changement-climatique\/","title":{"rendered":"1.6 La de\u0301couverte du changement climatique"},"content":{"rendered":"<div class=\"notes\">\n<p class=\"author\"><a href=\"\/contributors#michael-oppenheimer\" rel=\"author\">Michael Oppenheimer<\/a><\/p>\n<p class=\"date\">Toutes les sources num\u00e9riques ont \u00e9t\u00e9 consult\u00e9es <time datetime=\"2020-03-03\">3 March 2022<\/time><\/p>\n<ol start=\"25\">\n<li><q>\u00ab ce proble\u0300me, s\u2019il n\u2019est pas mai\u0302trise\u0301 \u00bb<\/q> Oppenheimer, M., audition de Michael Oppenheimer \u00e0 la sous-commission sur la pollution environnementale, Commission sur l\u2019environnement et les travaux publics, s\u00e9nat des \u00c9tats-Unis, 11 juin 1986.<\/li>\n<li><q>\u00ab nous sommes face a\u0300 une mission hercule\u0301enne \u00bb <\/q> Oppenheimer, M., audition de Michael Oppenheimer \u00e0 la commission sur l\u2019\u00e9nergie et les ressources naturelles, s\u00e9nat des \u00c9tats-Unis, 23 juin 1988.\n<p><q>Une compe\u0301tition avait commence\u0301<\/q> Oppenheimer, M., and Boyle, R. H., <cite><span class=\"book\">Dead Heat: The Race against the Greenhouse Effect<\/span><\/cite> (New York: Basic Books, 1990).<\/li>\n<\/ol>\n<\/div>\n","protected":false},"excerpt":{"rendered":"<p>Michael Oppenheimer Toutes les sources num\u00e9riques ont \u00e9t\u00e9 consult\u00e9es 3 March 2022 \u00ab ce proble\u0300me, s\u2019il n\u2019est pas mai\u0302trise\u0301 \u00bb Oppenheimer, M., audition de Michael Oppenheimer \u00e0 la sous-commission sur la pollution environnementale, Commission sur l\u2019environnement et les travaux publics, s\u00e9nat des \u00c9tats-Unis, 11 juin 1986. \u00ab nous sommes face a\u0300 une mission hercule\u0301enne \u00bb&hellip;<\/p>\n","protected":false},"author":5,"featured_media":0,"parent":711,"menu_order":6,"comment_status":"closed","ping_status":"closed","template":"page-essay.php","meta":{"footnotes":""},"class_list":["post-714","page","type-page","status-publish","hentry"],"_links":{"self":[{"href":"https:\/\/theclimatebook.org\/fr\/wp-json\/wp\/v2\/pages\/714","targetHints":{"allow":["GET"]}}],"collection":[{"href":"https:\/\/theclimatebook.org\/fr\/wp-json\/wp\/v2\/pages"}],"about":[{"href":"https:\/\/theclimatebook.org\/fr\/wp-json\/wp\/v2\/types\/page"}],"author":[{"embeddable":true,"href":"https:\/\/theclimatebook.org\/fr\/wp-json\/wp\/v2\/users\/5"}],"replies":[{"embeddable":true,"href":"https:\/\/theclimatebook.org\/fr\/wp-json\/wp\/v2\/comments?post=714"}],"version-history":[{"count":0,"href":"https:\/\/theclimatebook.org\/fr\/wp-json\/wp\/v2\/pages\/714\/revisions"}],"up":[{"embeddable":true,"href":"https:\/\/theclimatebook.org\/fr\/wp-json\/wp\/v2\/pages\/711"}],"wp:attachment":[{"href":"https:\/\/theclimatebook.org\/fr\/wp-json\/wp\/v2\/media?parent=714"}],"curies":[{"name":"wp","href":"https:\/\/api.w.org\/{rel}","templated":true}]}}