{"id":713,"date":"2022-08-23T14:50:48","date_gmt":"2022-08-23T14:50:48","guid":{"rendered":"https:\/\/theclimatebook.org\/notes-de-fin\/comment-fonctionne-le-climat\/1-5-la-science-na-plus-de-doute\/"},"modified":"2022-08-23T14:50:48","modified_gmt":"2022-08-23T14:50:48","slug":"1-5-la-science-na-plus-de-doute","status":"publish","type":"page","link":"https:\/\/theclimatebook.org\/fr\/notes-de-fin\/comment-fonctionne-le-climat\/1-5-la-science-na-plus-de-doute\/","title":{"rendered":"1.5 La science n\u2019a plus de doute"},"content":{"rendered":"<div class=\"notes\">\n<p class=\"author\"><a href=\"\/contributors#greta-thunberg\" rel=\"author\">Greta Thunberg<\/a><\/p>\n<p class=\"date\">Toutes les sources num\u00e9riques ont \u00e9t\u00e9 consult\u00e9es le <time datetime=\"2020-04-24\">24 April 2020<\/time><\/p>\n<ol start=\"20\">\n<li>\n<p>\n<q>Depuis l\u2019apparition de la civilisation humaine<\/q><br \/>\n<a href=\"https:\/\/www.nature.com\/articles\/nature.2015.18287\" target=\"_blank\" rel=\"noopener\">https:\/\/www.nature.com\/articles\/nature.2015.18287<\/a>\n<\/p>\n<p>\n<q>\u00e9radiqu\u00e9 plus des deux tiers de la vie sauvage<\/q><br \/>\n<a href=\"https:\/\/www.globalcitizen.org\/en\/content\/humans-destroyed-83-of-wildlife-report\/\" target=\"_blank\" rel=\"noopener\">https:\/\/www.globalcitizen.org\/en\/content\/humans-destroyed-83-of-wildlife-report\/<\/a><br \/>\n<a href=\"https:\/\/www.pnas.org\/doi\/full\/10.1073\/pnas.1711842115\" target=\"_blank\" rel=\"noopener\">https:\/\/www.pnas.org\/doi\/full\/10.1073\/pnas.1711842115<\/a>\n<\/p>\n<p>\n<q>rempli les oc\u00e9ans de plastique<\/q><br \/>\n<a href=\"https:\/\/www.washingtonpost.com\/news\/morning-mix\/wp\/2016\/01\/20\/by-2050-there-will-be-more-plastic-than-fish-in-the-worlds-oceans-study-says\/\" target=\"_blank\" rel=\"noopener\">https:\/\/www.washingtonpost.com\/news\/morning-mix\/wp\/2016\/01\/20\/by-2050-there-will-be-more-plastic-than-fish-in-the-worlds-oceans-study-says\/<\/a>\n<\/p>\n<p>\n<q>Environ 90 % des [\u2026] la totalit\u00e9 de notre budget carbone<\/q> Friedlingstein, P., et al., <cite>\u2018Global carbon budget 2020\u2019<\/cite>,<span class=\"book\">Earth System Science Data<\/span>, 12 (4), 2020: 3269\u2013340, <a href=\"https:\/\/doi.org\/10.5194\/essd-12-3269-2020\" target=\"_blank\" rel=\"noopener\">https:\/\/doi.org\/10.5194\/essd-12-3269-2020.<\/a>\n<\/p>\n<p>\n<q>une chance de 67 % de rester en de\u00e7\u00e0 de 1,5\u00b0C<\/q> GIEC, 2021:  <cite>\u2018R\u00e9sum\u00e9 \u00e0 l\u2019intention des d\u00e9cideurs\u2019<\/cite>, en: <span class=\"book\">Climate Change 2021: The Physical Science Basis<\/span>. Contribution du groupe de travail I au sixi\u00e8me Rapport d\u2019\u00e9valuation du GIEC sur l\u2019\u00e9volution du climat [Masson-Delmotte, V., P. Zhai, A. Pirani, S.L. Connors, C. P\u00e9an, S. Berger, N. Caud, Y. Chen, L. Goldfarb, M.I. Gomis, M. Huang, K. Leitzell, E. Lonnoy, J.B.R. Matthews, T.K. Maycock, T. Waterfield, O. Yelek\u00e7i, R. Yu, and B. Zhou (eds.)]. Cambridge University Press, Cambridge, United Kingdom et New York, NY, USA, pp. 3\u221232, doi:10.1017\/9781009157896.001. <a href=\"https:\/\/www.ipcc.ch\/sr15\/chapter\/spm\/\" rel=\"noopener\" target=\"_blank\">https:\/\/www.ipcc.ch\/sr15\/chapter\/spm\/<\/a>.\n<\/p>\n<p>\n<q>les principales compagnies p\u00e9troli\u00e8res [\u2026] n\u2019ignorent rien des cons\u00e9quences<\/q> Supran, G., and Oreskes, N., <cite>\u2018Assessing ExxonMobil\u2019s climate change communications (1977\u20132014)\u2019<\/cite>, <span class=\"book\">Environmental Research Letters<\/span>, 12 (8), 2017: Article 084019, <a href=\"https:\/\/doi.org\/10.1088\/1748-9326\/aa815f\" target=\"_blank\" rel=\"noopener\">https:\/\/doi.org\/10.1088\/1748-9326\/aa815f<\/a>; Supran, G., and Oreskes, N., <cite>\u2018Rhetoric and frame analysis of ExxonMobil\u2019s climate change communications\u2019<\/cite>,<span class=\"book\">One Earth<\/span>, 4 (5), 2021: 696\u2013719, <a href=\"https:\/\/doi.org\/10.1016\/j.oneear.2021.04.014\" target=\"_blank\" rel=\"noopener\">https:\/\/doi.org\/10.1016\/j.oneear.2021.04.014<\/a>\n<\/p>\n<p>\n<q>plus de 50 % de toutes les \u00e9missions de dioxyde de carbone anthrophiques (caus\u00e9es par l\u2019humain)<\/q> Our World in Data, <cite>\u2018Cumulative CO<sub>2<\/sub> emissions by world region, 1751\u20132021\u2019<\/cite>,<br \/>\n<a href=\"ourworldindata.org\/grapher\/cumulative-co2-emissions-region\" target=\"_blank\" rel=\"noopener\">ourworldindata.org\/grapher\/cumulative-co2-emissions-region<\/a>\n<\/p>\n<\/li>\n<\/ol>\n<\/div>\n","protected":false},"excerpt":{"rendered":"<p>Greta Thunberg Toutes les sources num\u00e9riques ont \u00e9t\u00e9 consult\u00e9es le 24 April 2020 Depuis l\u2019apparition de la civilisation humaine https:\/\/www.nature.com\/articles\/nature.2015.18287 \u00e9radiqu\u00e9 plus des deux tiers de la vie sauvage https:\/\/www.globalcitizen.org\/en\/content\/humans-destroyed-83-of-wildlife-report\/ https:\/\/www.pnas.org\/doi\/full\/10.1073\/pnas.1711842115 rempli les oc\u00e9ans de plastique https:\/\/www.washingtonpost.com\/news\/morning-mix\/wp\/2016\/01\/20\/by-2050-there-will-be-more-plastic-than-fish-in-the-worlds-oceans-study-says\/ Environ 90 % des [\u2026] la totalit\u00e9 de notre budget carbone Friedlingstein, P., et al., \u2018Global carbon budget&hellip;<\/p>\n","protected":false},"author":5,"featured_media":0,"parent":711,"menu_order":5,"comment_status":"closed","ping_status":"closed","template":"page-essay.php","meta":{"footnotes":""},"class_list":["post-713","page","type-page","status-publish","hentry"],"_links":{"self":[{"href":"https:\/\/theclimatebook.org\/fr\/wp-json\/wp\/v2\/pages\/713","targetHints":{"allow":["GET"]}}],"collection":[{"href":"https:\/\/theclimatebook.org\/fr\/wp-json\/wp\/v2\/pages"}],"about":[{"href":"https:\/\/theclimatebook.org\/fr\/wp-json\/wp\/v2\/types\/page"}],"author":[{"embeddable":true,"href":"https:\/\/theclimatebook.org\/fr\/wp-json\/wp\/v2\/users\/5"}],"replies":[{"embeddable":true,"href":"https:\/\/theclimatebook.org\/fr\/wp-json\/wp\/v2\/comments?post=713"}],"version-history":[{"count":0,"href":"https:\/\/theclimatebook.org\/fr\/wp-json\/wp\/v2\/pages\/713\/revisions"}],"up":[{"embeddable":true,"href":"https:\/\/theclimatebook.org\/fr\/wp-json\/wp\/v2\/pages\/711"}],"wp:attachment":[{"href":"https:\/\/theclimatebook.org\/fr\/wp-json\/wp\/v2\/media?parent=713"}],"curies":[{"name":"wp","href":"https:\/\/api.w.org\/{rel}","templated":true}]}}