{"id":712,"date":"2022-09-30T15:23:33","date_gmt":"2022-09-30T15:23:33","guid":{"rendered":"https:\/\/theclimatebook.org\/notes-de-fin\/comment-fonctionne-le-climat\/1-1-pour-resoudre-ce-probleme-il-nous-faut-dabord-le-comprendre\/"},"modified":"2022-09-30T15:23:33","modified_gmt":"2022-09-30T15:23:33","slug":"1-1-pour-resoudre-ce-probleme-il-nous-faut-dabord-le-comprendre","status":"publish","type":"page","link":"https:\/\/theclimatebook.org\/fr\/notes-de-fin\/comment-fonctionne-le-climat\/1-1-pour-resoudre-ce-probleme-il-nous-faut-dabord-le-comprendre\/","title":{"rendered":"1.1 &lsquo;Pour r\u00e9soudre ce probl\u00e8me, il nous faut d\u2019abord le comprendre&rsquo;"},"content":{"rendered":"<div class=\"notes\">\n<p class=\"author\"><a href=\"\/contributors#greta-thunberg\" rel=\"author\">Greta Thunberg<\/a><\/p>\n<p class=\"date\">Toutes les sources num\u00e9riques ont \u00e9t\u00e9 consult\u00e9es le <time datetime=\"2020-04-24\">24 avril 2020<\/time><\/p>\n<ol start=\"3\">\n<li><q>Lesdits 1 % les plus riches [\u2026] sont responsables<\/q> Gore, T., <cite>\u2018Confronting carbon inequality: putting climate justice at the heart of the COVID-19 recovery\u2019<\/cite>, Oxfam International, <time datetime=\"2021-09-21\">21 septembre  2020<\/time>, <a href=\"https:\/\/www.oxfam.org\/en\/research\/confronting-carbon-inequality\" target=\"_blank\" rel=\"noopener\">https:\/\/www.oxfam.org\/en\/research\/confronting-carbon-inequality<\/a>; Credit Suisse Research Institute, <cite>Global Wealth Report, 2021<\/cite>, <time datetime=\"2021-06\">juin 2021<\/time>, <a href=\"https:\/\/www.credit-suisse.com\/about-us\/en\/reports-research\/global-wealth-report.html\" target=\"_blank\" rel=\"noopener\">https:\/\/www.credit-suisse.com\/about-us\/en\/reports-research\/global-wealth-report.html<\/a>.<\/li>\n<li><q>dont la fortune atteint ou d\u00e9passe 1 055 337 dollars<\/q> Credit Suisse Research Institute,<span class=\"book\">Global Wealth Report, 2021<\/span>, 18.\n<p><q>nos \u00e9missions doivent approximativement \u00eatre de 1 tonne de CO<sub>2<\/sub> par personne et par an<\/q> Ce chiffre est calcul\u00e9 \u00e0 l\u2019aide de la contribution du Groupe de travail III au sixi\u00e8me Rapport d\u2019\u00e9valuation du GIEC, Chapitre 1 sur la trajectoire des \u00e9missions au niveau mondial d\u2019ici 2050 et \u00e0 l\u2019estimation du D\u00e9partement des affaires \u00e9conomiques et sociales des Nations unies en mati\u00e8re de population mondiale en 2050. Groupe d\u2019experts intergouvernemental sur l\u2019\u00e9volution du climat, <span class=\"book\">Climate Change 2022: Mitigation of Climate Change. Working Group III Contribution to the Sixth Assessment Report of the Intergovernmental Panel on Climate Change, <\/span>ed. P. R. Shukla et al. (Cambridge: Cambridge University Press, \u00e0 venir), <a href=\"https:\/\/www.ipcc.ch\/report\/ar6\/wg3\/\" rel=\"noopener\" target=\"_blank\">https:\/\/www.ipcc.ch\/report\/ar6\/wg3\/<\/a> D\u00e9partement des affaires \u00e9conomiques et sociales des Nations unies, Division de la population, <cite>\u2018World population prospects 2022\u2019<\/cite>, 2022,<a href=\"population.un.org\/wpp\/\" target=\"_blank\" rel=\"noopener\">population.un.org\/wpp\/<\/a>.<\/p>\n<p><q>En Su\u00e8de, ce chiffre tourne actuellement autour de 9 tonnes<\/q> Jonsson, M., <cite>\u2018Konsumtionsbaserade v\u00e4xthusgasutsl\u00e4pp per omr\u00e5de\u2019<\/cite>, Sveriges Milj\u00f6m\u00e5l, <a href=\"https:\/\/www.sverigesmiljomal.se\/miljomalen\/generationsmalet\/konsumtionsbaserade-vaxthusgasutslapp-per-omrade\/\" target=\"_blank\" rel=\"noopener\">https:\/\/www.sverigesmiljomal.se\/miljomalen\/generationsmalet\/konsumtionsbaserade-vaxthusgasutslapp-per-omrade\/<\/a>.<\/p>\n<p><q>Aux \u00c9tats-Unis elle est \u00e0 17,1 tonnes [\u2026] en Chine \u00e0 6,6<\/q> Global Carbon Project, <cite>\u2018Data supplement to the global carbon budget 2021\u2019<\/cite> 2021, <a href=\"https:\/\/doi.org\/10.18160\/gcp-2021\" target=\"_blank\" rel=\"noopener\">https:\/\/doi.org\/10.18160\/gcp-2021<\/a>.<\/li>\n<\/ol>\n<\/div>\n","protected":false},"excerpt":{"rendered":"<p>Greta Thunberg Toutes les sources num\u00e9riques ont \u00e9t\u00e9 consult\u00e9es le 24 avril 2020 Lesdits 1 % les plus riches [\u2026] sont responsables Gore, T., \u2018Confronting carbon inequality: putting climate justice at the heart of the COVID-19 recovery\u2019, Oxfam International, 21 septembre 2020, https:\/\/www.oxfam.org\/en\/research\/confronting-carbon-inequality; Credit Suisse Research Institute, Global Wealth Report, 2021, juin 2021, https:\/\/www.credit-suisse.com\/about-us\/en\/reports-research\/global-wealth-report.html. dont&hellip;<\/p>\n","protected":false},"author":5,"featured_media":0,"parent":711,"menu_order":0,"comment_status":"closed","ping_status":"closed","template":"page-essay.php","meta":{"footnotes":""},"class_list":["post-712","page","type-page","status-publish","hentry"],"_links":{"self":[{"href":"https:\/\/theclimatebook.org\/fr\/wp-json\/wp\/v2\/pages\/712","targetHints":{"allow":["GET"]}}],"collection":[{"href":"https:\/\/theclimatebook.org\/fr\/wp-json\/wp\/v2\/pages"}],"about":[{"href":"https:\/\/theclimatebook.org\/fr\/wp-json\/wp\/v2\/types\/page"}],"author":[{"embeddable":true,"href":"https:\/\/theclimatebook.org\/fr\/wp-json\/wp\/v2\/users\/5"}],"replies":[{"embeddable":true,"href":"https:\/\/theclimatebook.org\/fr\/wp-json\/wp\/v2\/comments?post=712"}],"version-history":[{"count":0,"href":"https:\/\/theclimatebook.org\/fr\/wp-json\/wp\/v2\/pages\/712\/revisions"}],"up":[{"embeddable":true,"href":"https:\/\/theclimatebook.org\/fr\/wp-json\/wp\/v2\/pages\/711"}],"wp:attachment":[{"href":"https:\/\/theclimatebook.org\/fr\/wp-json\/wp\/v2\/media?parent=712"}],"curies":[{"name":"wp","href":"https:\/\/api.w.org\/{rel}","templated":true}]}}