{"id":707,"date":"2022-08-08T14:21:15","date_gmt":"2022-08-08T14:21:15","guid":{"rendered":"https:\/\/theclimatebook.org\/le-livre\/"},"modified":"2022-08-08T14:21:15","modified_gmt":"2022-08-08T14:21:15","slug":"le-livre","status":"publish","type":"page","link":"https:\/\/theclimatebook.org\/fr\/le-livre\/","title":{"rendered":"Le livre"},"content":{"rendered":"<div class=\"book-cover\">\n<img decoding=\"async\" src=\"\/wp-content\/uploads\/2022\/11\/Climate-Book-cover_FR.jpg\" alt=\"Couverture du livre\" \/>\n<\/div>\n<p>Plus de cent experts, \u00e9crivains, activistes et scientifiques internationaux, dont Naomi Klein, Margaret Atwood et Thomas Piketty nous permettent de comprendre tous les enjeux de la crise \u00e9cologique. Un livre r\u00e9f\u00e9rence, qui donne les cl\u00e9s pour agir ensemble, maintenant.<\/p>\n<p><strong>Greta Thunberg<\/strong> est n\u00e9e en 2003. En ao\u00fbt 2018, elle lance une gr\u00e8ve scolaire pour le climat devant le Parlement su\u00e9dois, gr\u00e8ve qui s\u2019est depuis \u00e9tendue \u00e0 de nombreux pays. Elle est activiste pour Fridays For Future et a pris la parole lors de manifestations en faveur du climat partout dans le monde, au Forum \u00e9conomique mondial, \u00e0 Davos, ainsi qu\u2019au Congr\u00e8s des \u00c9tats-Unis et aux Nations unies.<\/p>\n<p>Traduit de l\u2019anglais par C\u00e9cile Lecl\u00e8re, Leslie Talaga et Isabelle Taudi\u00e8re.<br \/>\nPractical Utopias ou les utopies pragmatiques, traduit de l\u2019anglais par Mich\u00e8le Albaret-Maatsch.<\/p>\n<h2 class=\"page-entry-title\">Acheter le livre<\/h2>\n<ul class=\"shop\">\n<li><a href=\"https:\/\/cal-levy.fr\/a\/YVb2Y6\" target=\"_blank\" rel=\"noopener\">Kero<\/a><\/li>\n<\/ul>\n","protected":false},"excerpt":{"rendered":"<p>Plus de cent experts, \u00e9crivains, activistes et scientifiques internationaux, dont Naomi Klein, Margaret Atwood et Thomas Piketty nous permettent de comprendre tous les enjeux de la crise \u00e9cologique. Un livre r\u00e9f\u00e9rence, qui donne les cl\u00e9s pour agir ensemble, maintenant. Greta Thunberg est n\u00e9e en 2003. En ao\u00fbt 2018, elle lance une gr\u00e8ve scolaire pour le&hellip;<\/p>\n","protected":false},"author":5,"featured_media":0,"parent":0,"menu_order":0,"comment_status":"closed","ping_status":"closed","template":"","meta":{"footnotes":""},"class_list":["post-707","page","type-page","status-publish","hentry"],"_links":{"self":[{"href":"https:\/\/theclimatebook.org\/fr\/wp-json\/wp\/v2\/pages\/707","targetHints":{"allow":["GET"]}}],"collection":[{"href":"https:\/\/theclimatebook.org\/fr\/wp-json\/wp\/v2\/pages"}],"about":[{"href":"https:\/\/theclimatebook.org\/fr\/wp-json\/wp\/v2\/types\/page"}],"author":[{"embeddable":true,"href":"https:\/\/theclimatebook.org\/fr\/wp-json\/wp\/v2\/users\/5"}],"replies":[{"embeddable":true,"href":"https:\/\/theclimatebook.org\/fr\/wp-json\/wp\/v2\/comments?post=707"}],"version-history":[{"count":0,"href":"https:\/\/theclimatebook.org\/fr\/wp-json\/wp\/v2\/pages\/707\/revisions"}],"wp:attachment":[{"href":"https:\/\/theclimatebook.org\/fr\/wp-json\/wp\/v2\/media?parent=707"}],"curies":[{"name":"wp","href":"https:\/\/api.w.org\/{rel}","templated":true}]}}