{"id":673,"date":"2022-10-20T15:00:32","date_gmt":"2022-10-20T15:00:32","guid":{"rendered":"https:\/\/theclimatebook.org\/notas-finales\/quinta-parte-que-debemos-hacer-ahora\/5-8-we-now-have-to-do-the-seemingly-impossible\/"},"modified":"2022-11-07T09:14:19","modified_gmt":"2022-11-07T09:14:19","slug":"5-8-ahora-tenemos-que-hacer-lo-que-parece-imposible","status":"publish","type":"page","link":"https:\/\/theclimatebook.org\/es\/notas-finales\/quinta-parte-que-debemos-hacer-ahora\/5-8-ahora-tenemos-que-hacer-lo-que-parece-imposible\/","title":{"rendered":"5.8 Ahora tenemos que hacer lo que parece imposible"},"content":{"rendered":"<div class=\"notes\">\n<p class=\"author\"><a href=\"\/contributors\/#greta-thunberg\" rel=\"author\">Greta Thunberg<\/a><\/p>\n<p class=\"date\">Todas las fuentes en l\u00ednea se consultaron el <time datetime=\"2022-10-19\">19 de octubre de 2022<\/time><\/p>\n<ol start=\"480\">\n<li>\n<p><q>la verg\u00fcenza puede ser un m\u00e9todo de persuasi\u00f3n moral y psicol\u00f3gico de gran eficacia<\/q> <a href=\"https:\/\/link.springer.com\/article\/10.1007\/s10806-021-09844-5.\" target=\"_blank\" rel=\"noopener\">https:\/\/link.springer.com\/article\/10.1007\/s10806-021-09844-5<\/a>.<\/p>\n<\/li>\n<\/ol>\n<\/div>\n","protected":false},"excerpt":{"rendered":"<p>Greta Thunberg Todas las fuentes en l\u00ednea se consultaron el 19 de octubre de 2022 la verg\u00fcenza puede ser un m\u00e9todo de persuasi\u00f3n moral y psicol\u00f3gico de gran eficacia https:\/\/link.springer.com\/article\/10.1007\/s10806-021-09844-5.<\/p>\n","protected":false},"author":3,"featured_media":0,"parent":611,"menu_order":8,"comment_status":"closed","ping_status":"closed","template":"page-essay.php","meta":{"footnotes":""},"class_list":["post-673","page","type-page","status-publish","hentry"],"_links":{"self":[{"href":"https:\/\/theclimatebook.org\/es\/wp-json\/wp\/v2\/pages\/673","targetHints":{"allow":["GET"]}}],"collection":[{"href":"https:\/\/theclimatebook.org\/es\/wp-json\/wp\/v2\/pages"}],"about":[{"href":"https:\/\/theclimatebook.org\/es\/wp-json\/wp\/v2\/types\/page"}],"author":[{"embeddable":true,"href":"https:\/\/theclimatebook.org\/es\/wp-json\/wp\/v2\/users\/3"}],"replies":[{"embeddable":true,"href":"https:\/\/theclimatebook.org\/es\/wp-json\/wp\/v2\/comments?post=673"}],"version-history":[{"count":0,"href":"https:\/\/theclimatebook.org\/es\/wp-json\/wp\/v2\/pages\/673\/revisions"}],"up":[{"embeddable":true,"href":"https:\/\/theclimatebook.org\/es\/wp-json\/wp\/v2\/pages\/611"}],"wp:attachment":[{"href":"https:\/\/theclimatebook.org\/es\/wp-json\/wp\/v2\/media?parent=673"}],"curies":[{"name":"wp","href":"https:\/\/api.w.org\/{rel}","templated":true}]}}