{"id":669,"date":"2022-09-19T14:39:17","date_gmt":"2022-09-19T14:39:17","guid":{"rendered":"https:\/\/theclimatebook.org\/notas-finales\/quinta-parte-que-debemos-hacer-ahora\/5-19-la-descarbonizacion-exige-redistribucion\/"},"modified":"2022-11-01T13:01:29","modified_gmt":"2022-11-01T13:01:29","slug":"5-19-la-descarbonizacion-exige-redistribucion","status":"publish","type":"page","link":"https:\/\/theclimatebook.org\/es\/notas-finales\/quinta-parte-que-debemos-hacer-ahora\/5-19-la-descarbonizacion-exige-redistribucion\/","title":{"rendered":"5.19 La descarbonizaci\u00f3n exige redistribuci\u00f3n"},"content":{"rendered":"<div class=\"notes\">\n<p class=\"author\"><a href=\"\/contributors#lucas-chancel\" rel=\"author\">Lucas Chancel<\/a> y <a href=\"\/contributors#thomas-piketty\" rel=\"author\">Thomas Piketty<\/a><\/p>\n<p class=\"date\">Todas las fuentes en l\u00ednea se consultaron el  <time datetime=\"2022-02-03\">3 de febrero de 2022<\/time><\/p>\n<ol start=\"\">\n<li>\n<p>\n<q>el 64 por ciento de las personas [\u2026] considera que el cambio clim\u00e1tico es una\temergencia global<\/q> Flynn, C., et al., <cite><span class=\"book\">People\u2019s Climate Vote: Results<\/span><\/cite>, United Nations Development Programme and the University of Oxford, 26 de enero de 2021, <a href=\"https:\/\/www.undp.org\/publications\/peoples-climate-vote\" target=\"_blank\" rel=\"noopener\">https:\/\/www.undp.org\/publications\/peoples-climate-vote<\/a>.\n<\/p>\n<p>\n<q>El 10 por ciento de los principales emisores<\/q> Chancel, L., et al., <cite><span class=\"book\">World Inequality Report 2022<\/span><\/cite>, World Inequality Lab, 2022, <a href=\"https:\/\/wir2022.wid.world\/\" target=\"_blank\" rel=\"noopener\">https:\/\/wir2022.wid.world\/<\/a>.\n<\/p>\n<p>\n<q>aument\u00f3 entre el 9,5 y el 12 por ciento<\/q> Ibid.\n<\/p>\n<p>\n<q>el 50 por ciento m\u00e1s pobre de la poblaci\u00f3n de este pa\u00eds<\/q> Ibid.<\/p>\n<\/li>\n<li>\n<p>\n<q>el combustible de aviaci\u00f3n que emplean los ricos<\/q> Chancel, L., <cite><span class=\"book\">Unsustainable Inequalities: Social Justice and the Environment<\/span><\/cite> (Cambridge, MA: Harvard University Press, 2020).<a href=\"\" target=\"_blank\" rel=\"noopener\"><\/a>.\n<\/p>\n<p>\n<q>un modesto impuesto a escala [\u2026] con un recargo por contaminaci\u00f3n<\/q> Chancel et al., <cite><span class=\"book\">World Inequality Report 2022<\/span><\/cite>.\n<\/p>\n<\/li>\n<\/ol>\n<\/div>\n","protected":false},"excerpt":{"rendered":"<p>Lucas Chancel y Thomas Piketty Todas las fuentes en l\u00ednea se consultaron el 3 de febrero de 2022 el 64 por ciento de las personas [\u2026] considera que el cambio clim\u00e1tico es una emergencia global Flynn, C., et al., People\u2019s Climate Vote: Results, United Nations Development Programme and the University of Oxford, 26 de enero&hellip;<\/p>\n","protected":false},"author":5,"featured_media":0,"parent":611,"menu_order":19,"comment_status":"closed","ping_status":"closed","template":"page-essay.php","meta":{"footnotes":""},"class_list":["post-669","page","type-page","status-publish","hentry"],"_links":{"self":[{"href":"https:\/\/theclimatebook.org\/es\/wp-json\/wp\/v2\/pages\/669","targetHints":{"allow":["GET"]}}],"collection":[{"href":"https:\/\/theclimatebook.org\/es\/wp-json\/wp\/v2\/pages"}],"about":[{"href":"https:\/\/theclimatebook.org\/es\/wp-json\/wp\/v2\/types\/page"}],"author":[{"embeddable":true,"href":"https:\/\/theclimatebook.org\/es\/wp-json\/wp\/v2\/users\/5"}],"replies":[{"embeddable":true,"href":"https:\/\/theclimatebook.org\/es\/wp-json\/wp\/v2\/comments?post=669"}],"version-history":[{"count":0,"href":"https:\/\/theclimatebook.org\/es\/wp-json\/wp\/v2\/pages\/669\/revisions"}],"up":[{"embeddable":true,"href":"https:\/\/theclimatebook.org\/es\/wp-json\/wp\/v2\/pages\/611"}],"wp:attachment":[{"href":"https:\/\/theclimatebook.org\/es\/wp-json\/wp\/v2\/media?parent=669"}],"curies":[{"name":"wp","href":"https:\/\/api.w.org\/{rel}","templated":true}]}}