{"id":668,"date":"2022-09-19T14:34:13","date_gmt":"2022-09-19T14:34:13","guid":{"rendered":"https:\/\/theclimatebook.org\/notas-finales\/quinta-parte-que-debemos-hacer-ahora\/5-15-honestidad-solidaridad-integridad-y-justicia-climatica\/"},"modified":"2022-11-10T08:57:26","modified_gmt":"2022-11-10T08:57:26","slug":"5-15-honestidad-solidaridad-integridad-y-justicia-climatica","status":"publish","type":"page","link":"https:\/\/theclimatebook.org\/es\/notas-finales\/quinta-parte-que-debemos-hacer-ahora\/5-15-honestidad-solidaridad-integridad-y-justicia-climatica\/","title":{"rendered":"5.15 Honestidad, solidaridad, integridad y justicia clim\u00e1tica"},"content":{"rendered":"<div class=\"notes\">\n<p class=\"author\"><a href=\"\/contributors#greta-thunberg\" rel=\"author\">Greta Thunberg<\/a><\/p>\n<p class=\"date\">Todas las fuentes en l\u00ednea se consultaron el <time datetime=\"2022-02-18\">18 de febrero de 2022<\/time><\/p>\n<ol start=\"387\">\n<li>\n<p>\n<q>Se calcula que hasta el 90 por ciento de los pueblos ind\u00edgenas de Norteam\u00e9rica\u2026<\/q> <a href=\"https:\/\/www.sciencedirect.com\/science\/article\/pii\/S0277379118307261\" target=\"_blank\" rel=\"noopener\">https:\/\/www.sciencedirect.com\/science\/article\/pii\/S0277379118307261<\/a>\n<\/p>\n<p>\n<q>casi una cuarta parte de la poblaci\u00f3n sueca emigr\u00f3<\/q> Kastrup, A., <cite><span class=\"book\">The Swedish Heritage in America: The Swedish Element in America and American\u2013Swedish Relations in Their Historical Perspective<\/span><\/cite> (n.p.: Swedish Council of America, 1975); Runblom, H., and Norman, H., eds., <span class=\"book\">From Sweden to America: A History of the Migration<\/span> (Minneapolis: University of Minnesota Press, 1976).\n<\/p>\n<\/li>\n<li>\n<p>\n<q>Al igual que sucedi\u00f3 con la colonizaci\u00f3n de \u00c1frica<\/q> See Lindqvist, S., <cite><span class=\"book\">\u2018Exterminate All the Brutes\u2019<\/span><\/cite> (Londres: Granta, 1997).\n<\/p>\n<p>\n<q>de modo parecido ampliaban los suecos sus fronteras<\/q> <a href=\"https:\/\/www.levandehistoria.se\/fakta-fordjupning\/olika-former-av-intolerans\/rasism-mot-av-samer\/kolonisation\" target=\"_blank\" rel=\"noopener\">https:\/\/www.levandehistoria.se\/fakta-fordjupning\/olika-former-av-intolerans\/rasism-mot-av-samer\/kolonisation<\/a>\n<\/p>\n<p>\n<q>la reclam\u00f3 como territorio sueco y dio inicio un lento proceso<\/q> <a href=\"https:\/\/www.sametinget.se\/62102\" target=\"_blank\" rel=\"noopener\">https:\/\/www.sametinget.se\/62102<\/a>\n<\/p>\n<p>\n<q>los servidores de Facebook<\/q> <a href=\"https:\/\/www.svt.se\/nyheter\/granskning\/ug\/facebook-tjanade-miljarder-pa-sverige-ser-till-att-pengar-inte-nar-svenska-skattkassan\" target=\"_blank\" rel=\"noopener\">https:\/\/www.svt.se\/nyheter\/granskning\/ug\/facebook-tjanade-miljarder-pa-sverige-ser-till-att-pengar-inte-nar-svenska-skattkassan<\/a>\n<\/p>\n<p>\n<q>la miner\u00eda de bitcoins<\/q> <a href=\"https:\/\/www.di.se\/nyheter\/trots-klimatvarningen-dambergs-elrabatt-nu-ocksa-till-kryptoutvinning\/\" target=\"_blank\" rel=\"noopener\">https:\/\/www.di.se\/nyheter\/trots-klimatvarningen-dambergs-elrabatt-nu-ocksa-till-kryptoutvinning\/<\/a>\n<\/p>\n<\/li>\n<\/ol>\n<\/div>\n","protected":false},"excerpt":{"rendered":"<p>Greta Thunberg Todas las fuentes en l\u00ednea se consultaron el 18 de febrero de 2022 Se calcula que hasta el 90 por ciento de los pueblos ind\u00edgenas de Norteam\u00e9rica\u2026 https:\/\/www.sciencedirect.com\/science\/article\/pii\/S0277379118307261 casi una cuarta parte de la poblaci\u00f3n sueca emigr\u00f3 Kastrup, A., The Swedish Heritage in America: The Swedish Element in America and American\u2013Swedish Relations in&hellip;<\/p>\n","protected":false},"author":5,"featured_media":0,"parent":611,"menu_order":15,"comment_status":"closed","ping_status":"closed","template":"page-essay.php","meta":{"footnotes":""},"class_list":["post-668","page","type-page","status-publish","hentry"],"_links":{"self":[{"href":"https:\/\/theclimatebook.org\/es\/wp-json\/wp\/v2\/pages\/668","targetHints":{"allow":["GET"]}}],"collection":[{"href":"https:\/\/theclimatebook.org\/es\/wp-json\/wp\/v2\/pages"}],"about":[{"href":"https:\/\/theclimatebook.org\/es\/wp-json\/wp\/v2\/types\/page"}],"author":[{"embeddable":true,"href":"https:\/\/theclimatebook.org\/es\/wp-json\/wp\/v2\/users\/5"}],"replies":[{"embeddable":true,"href":"https:\/\/theclimatebook.org\/es\/wp-json\/wp\/v2\/comments?post=668"}],"version-history":[{"count":0,"href":"https:\/\/theclimatebook.org\/es\/wp-json\/wp\/v2\/pages\/668\/revisions"}],"up":[{"embeddable":true,"href":"https:\/\/theclimatebook.org\/es\/wp-json\/wp\/v2\/pages\/611"}],"wp:attachment":[{"href":"https:\/\/theclimatebook.org\/es\/wp-json\/wp\/v2\/media?parent=668"}],"curies":[{"name":"wp","href":"https:\/\/api.w.org\/{rel}","templated":true}]}}