{"id":666,"date":"2022-09-19T13:09:36","date_gmt":"2022-09-19T13:09:36","guid":{"rendered":"https:\/\/theclimatebook.org\/notas-finales\/quinta-parte-que-debemos-hacer-ahora\/5-12-resistirse-al-nuevo-negacionismo\/"},"modified":"2022-11-01T13:01:28","modified_gmt":"2022-11-01T13:01:28","slug":"5-12-resistirse-al-nuevo-negacionismo","status":"publish","type":"page","link":"https:\/\/theclimatebook.org\/es\/notas-finales\/quinta-parte-que-debemos-hacer-ahora\/5-12-resistirse-al-nuevo-negacionismo\/","title":{"rendered":"5.12 Resistirse al nuevo negacionismo"},"content":{"rendered":"<div class=\"notes\">\n<p class=\"author\"><a href=\"\/contributors#michael-e.mann\" rel=\"author\">Michael E. Mann<\/a><\/p>\n<p class=\"date\">Todas las fuentes en l\u00ednea se consultaron el <time datetime=\"2022-02-15\">15 de febrero de 2022<\/time><\/p>\n<ol start=\"372\">\n<li>\n<p>\n<q>Pronto se extendi\u00f3 hasta los \u00faltimos mil<\/q> Mann, M. E., et al., <cite>\u2018Global-scale temperature patterns and climate forcing over the past six centuries\u2019<\/cite>, <span class=\"book\">Nature<\/span>, 392 (6678), 1998: 779\u201387, <a href=\"https:\/\/doi.org\/10.1038\/33859\" target=\"_blank\" rel=\"noopener\">https:\/\/doi.org\/10.1038\/33859<\/a>; Mann, M. E., et al., <cite>\u2018Northern hemisphere temperatures during the past millennium: inferences, uncertainties, and limitations\u2019<\/cite>, <span class=\"book\">Geophysical Research Letters<\/span>, 26 (6), 1999: 759\u201362, <a href=\"https:\/\/doi.org\/10.1029\/1999GL900070\" target=\"_blank\" rel=\"noopener\">https:\/\/doi.org\/10.1029\/1999GL900070<\/a>.\n<\/p>\n<\/li>\n<li value=\"374\">\n<p>\n<q>el 70 por ciento de las emisiones totales de carbono<\/q> Riley, T., <cite>\u2018Just 100 companies responsible for 71% of global emissions, study says\u2019<\/cite>, <span class=\"book\">Guardian<\/span>, 10 de julio de 2017, <a href=\"https:\/\/www.theguardian.com\/sustainable-business\/2017\/jul\/10\/100-fossil-fuel-companies-investors-responsible-71-global-emissions-cdp-study-climate-change\" target=\"_blank\" rel=\"noopener\">https:\/\/www.theguardian.com\/sustainable-business\/2017\/jul\/10\/100-fossil-fuel-companies-investors-responsible-71-global-emissions-cdp-study-climate-change<\/a>.\n<\/p>\n<\/li>\n<\/ol>\n<\/div>\n","protected":false},"excerpt":{"rendered":"<p>Michael E. Mann Todas las fuentes en l\u00ednea se consultaron el 15 de febrero de 2022 Pronto se extendi\u00f3 hasta los \u00faltimos mil Mann, M. E., et al., \u2018Global-scale temperature patterns and climate forcing over the past six centuries\u2019, Nature, 392 (6678), 1998: 779\u201387, https:\/\/doi.org\/10.1038\/33859; Mann, M. E., et al., \u2018Northern hemisphere temperatures during the&hellip;<\/p>\n","protected":false},"author":5,"featured_media":0,"parent":611,"menu_order":12,"comment_status":"closed","ping_status":"closed","template":"page-essay.php","meta":{"footnotes":""},"class_list":["post-666","page","type-page","status-publish","hentry"],"_links":{"self":[{"href":"https:\/\/theclimatebook.org\/es\/wp-json\/wp\/v2\/pages\/666","targetHints":{"allow":["GET"]}}],"collection":[{"href":"https:\/\/theclimatebook.org\/es\/wp-json\/wp\/v2\/pages"}],"about":[{"href":"https:\/\/theclimatebook.org\/es\/wp-json\/wp\/v2\/types\/page"}],"author":[{"embeddable":true,"href":"https:\/\/theclimatebook.org\/es\/wp-json\/wp\/v2\/users\/5"}],"replies":[{"embeddable":true,"href":"https:\/\/theclimatebook.org\/es\/wp-json\/wp\/v2\/comments?post=666"}],"version-history":[{"count":0,"href":"https:\/\/theclimatebook.org\/es\/wp-json\/wp\/v2\/pages\/666\/revisions"}],"up":[{"embeddable":true,"href":"https:\/\/theclimatebook.org\/es\/wp-json\/wp\/v2\/pages\/611"}],"wp:attachment":[{"href":"https:\/\/theclimatebook.org\/es\/wp-json\/wp\/v2\/media?parent=666"}],"curies":[{"name":"wp","href":"https:\/\/api.w.org\/{rel}","templated":true}]}}