{"id":665,"date":"2022-09-19T13:03:33","date_gmt":"2022-09-19T13:03:33","guid":{"rendered":"https:\/\/theclimatebook.org\/notas-finales\/quinta-parte-que-debemos-hacer-ahora\/5-11-cambiar-el-discurso-de-los-medios-de-comunicacion\/"},"modified":"2022-11-01T13:01:28","modified_gmt":"2022-11-01T13:01:28","slug":"5-11-cambiar-el-discurso-de-los-medios-de-comunicacion","status":"publish","type":"page","link":"https:\/\/theclimatebook.org\/es\/notas-finales\/quinta-parte-que-debemos-hacer-ahora\/5-11-cambiar-el-discurso-de-los-medios-de-comunicacion\/","title":{"rendered":"5.11 Cambiar el discurso de los medios de comunicaci\u00f3n"},"content":{"rendered":"<div class=\"notes\">\n<p class=\"author\"><a href=\"\/contributors#george-monbiot\" rel=\"author\">George Monbiot<\/a><\/p>\n<p class=\"date\">Todas las fuentes en l\u00ednea se consultaron el  <time datetime=\"2022-02-28\">28 de febrero de 2022<\/time><\/p>\n<ol start=\"369\">\n<li>\n<p>\n<q>permite que unas pocas personas sumamente ricas se apropien de la riqueza natural [\u2026] y la destruyan<\/q> Monbiot, G., <cite>\u2018Make extreme wealth extinct: it\u2019s the only way to avoid climate breakdown\u2019<\/cite>, <span class=\"book\">Guardian<\/span>, 10 de noviembre 2021, <a href=\"https:\/\/www.theguardian.com\/commentisfree\/2021\/nov\/10\/extreme-wealth-polluting-climate-breakdown-rich\" target=\"_blank\" rel=\"noopener\">https:\/\/www.theguardian.com\/commentisfree\/2021\/nov\/10\/extreme-wealth-polluting-climate-breakdown-rich<\/a>.\n<\/p>\n<\/li>\n<li>\n<p>\n<q>un documental emitido en 2006<\/q> IMDb, <cite>\u2018Are We Changing Planet Earth?\u2019<\/cite>, <a href=\"https:\/\/www.imdb.com\/title\/tt0810491\/\" target=\"_blank\" rel=\"noopener\">https:\/\/www.imdb.com\/title\/tt0810491\/<\/a>.\n<\/p>\n<p>\n<q>Lo presentaba \u00abel hombre en quien m\u00e1s se conf\u00eda en Gran Breta\u00f1a\u00bb<\/q> McCarthy, M., <cite>\u2018Why we all love Attenborough\u2019<\/cite>, <span class=\"book\">Independent<\/span>, 8 de febrero de 2013, <a href=\"https:\/\/www.independent.co.uk\/climate-change\/news\/why-we-all-love-attenborough-8487708.html\" target=\"_blank\" rel=\"noopener\">https:\/\/www.independent.co.uk\/climate-change\/news\/why-we-all-love-attenborough-8487708.html<\/a>.\n<\/p>\n<p>\n<q><span class=\"book\">Against Nature<\/span> (1997)<\/q> Monbiot, G., <cite>\u2018Crimes against nature\u2019<\/cite>, <span class=\"book\">Guardian<\/span>, 26 de noviembre de 1997, reprinted <a href=\"https:\/\/www.monbiot.com\/1997\/11\/26\/crimes-against-nature\/\" target=\"_blank\" rel=\"noopener\">https:\/\/www.monbiot.com\/1997\/11\/26\/crimes-against-nature\/<\/a>.\n<\/p>\n<p>\n<q><span class=\"book\">The Great Global Warming Swindle<\/span> (2007)<\/q> Monbiot, G., <cite>\u2018Don\u2019t let truth stand in the way of a red-hot debunking of climate change\u2019<\/cite>, <span class=\"book\">Guardian<\/span>, 13 de marzo de 2007, <a href=\"https:\/\/www.theguardian.com\/commentisfree\/2007\/mar\/13\/science.media\" target=\"_blank\" rel=\"noopener\">https:\/\/www.theguardian.com\/commentisfree\/2007\/mar\/13\/science.media<\/a>.\n<\/p>\n<p>\n<q>pero Channel 4 lo hizo, de manera descarada y desastrosa<\/q> Monbiot, G., <cite>\u2018Correspondence with Hamish Mykura\u2019<\/cite>, 1 de abril de 2007, <a href=\"https:\/\/www.monbiot.com\/2007\/04\/01\/correspondence-with-hamish-mykura\/\" target=\"_blank\" rel=\"noopener\">https:\/\/www.monbiot.com\/2007\/04\/01\/correspondence-with-hamish-mykura\/<\/a>.\n<\/p>\n<\/li>\n<li>\n<p>\n<q>En un d\u00eda concreto, la NBC, la ABC y la CBS pasaron casi tanto tiempo<\/q> Kahn, B., <cite>\u2018Jeff Bezos got as much morning show coverage in a day as climate change got all last year\u2019<\/cite>, Gizmodo, 21 de julio de 2021, <a href=\"https:\/\/gizmodo.com\/jeff-bezos-got-as-much-morning-show-coverage-in-a-day-a-1847334966\" target=\"_blank\" rel=\"noopener\">https:\/\/gizmodo.com\/jeff-bezos-got-as-much-morning-show-coverage-in-a-day-a-1847334966<\/a>.\n<\/p>\n<p>\n<q><span class=\"book\">Undercurrents<\/span>, a un informativo videogr\u00e1fico producido por activistas<\/q> Undercurrents, <a href=\"http:\/\/www.undercurrents.org\/\" target=\"_blank\" rel=\"noopener\">http:\/\/www.undercurrents.org\/<\/a>.\n<\/p>\n<\/li>\n<\/ol>\n<\/div>\n","protected":false},"excerpt":{"rendered":"<p>George Monbiot Todas las fuentes en l\u00ednea se consultaron el 28 de febrero de 2022 permite que unas pocas personas sumamente ricas se apropien de la riqueza natural [\u2026] y la destruyan Monbiot, G., \u2018Make extreme wealth extinct: it\u2019s the only way to avoid climate breakdown\u2019, Guardian, 10 de noviembre 2021, https:\/\/www.theguardian.com\/commentisfree\/2021\/nov\/10\/extreme-wealth-polluting-climate-breakdown-rich. un documental emitido&hellip;<\/p>\n","protected":false},"author":5,"featured_media":0,"parent":611,"menu_order":11,"comment_status":"closed","ping_status":"closed","template":"page-essay.php","meta":{"footnotes":""},"class_list":["post-665","page","type-page","status-publish","hentry"],"_links":{"self":[{"href":"https:\/\/theclimatebook.org\/es\/wp-json\/wp\/v2\/pages\/665","targetHints":{"allow":["GET"]}}],"collection":[{"href":"https:\/\/theclimatebook.org\/es\/wp-json\/wp\/v2\/pages"}],"about":[{"href":"https:\/\/theclimatebook.org\/es\/wp-json\/wp\/v2\/types\/page"}],"author":[{"embeddable":true,"href":"https:\/\/theclimatebook.org\/es\/wp-json\/wp\/v2\/users\/5"}],"replies":[{"embeddable":true,"href":"https:\/\/theclimatebook.org\/es\/wp-json\/wp\/v2\/comments?post=665"}],"version-history":[{"count":0,"href":"https:\/\/theclimatebook.org\/es\/wp-json\/wp\/v2\/pages\/665\/revisions"}],"up":[{"embeddable":true,"href":"https:\/\/theclimatebook.org\/es\/wp-json\/wp\/v2\/pages\/611"}],"wp:attachment":[{"href":"https:\/\/theclimatebook.org\/es\/wp-json\/wp\/v2\/media?parent=665"}],"curies":[{"name":"wp","href":"https:\/\/api.w.org\/{rel}","templated":true}]}}