{"id":663,"date":"2022-09-18T12:46:22","date_gmt":"2022-09-18T12:46:22","guid":{"rendered":"https:\/\/theclimatebook.org\/notas-finales\/quinta-parte-que-debemos-hacer-ahora\/5-7-renaturalizar\/"},"modified":"2022-11-01T13:01:28","modified_gmt":"2022-11-01T13:01:28","slug":"5-7-renaturalizar","status":"publish","type":"page","link":"https:\/\/theclimatebook.org\/es\/notas-finales\/quinta-parte-que-debemos-hacer-ahora\/5-7-renaturalizar\/","title":{"rendered":"5.7 Renaturalizar"},"content":{"rendered":"<div class=\"notes\">\n<p class=\"author\"><a href=\"\/contributors#george-monbiot\" rel=\"author\">George Monbiot<\/a> and <a href=\"\/contributors#rebecca-wrigley\" rel=\"author\">Rebecca Wrigley<\/a><\/p>\n<p class=\"date\">Todas las fuentes en l\u00ednea se consultaron el  <time datetime=\"2022-03-04\">4 de marzo de 2022<\/time><\/p>\n<ol start=\"349\">\n<li>\n<p>\n<q>Ej\u00e9rcitos de atunes rojos las recorr\u00edan<\/q> <a href=\"http:\/\/www.trawlerphotos.co.uk\/forums\/showthread.php?4843-History-of-the-British-Tuna-Fishery\" target=\"_blank\" rel=\"noopener\">http:\/\/www.trawlerphotos.co.uk\/forums\/showthread.php?4843-History-of-the-British-Tuna-Fishery<\/a>.\n<\/p>\n<p>\n<q>hostigando card\u00famenes [\u2026] de caballas y arenques<\/q> Roberts, C. <cite><span class=\"book\">The Unnatural History of the Sea<\/span><\/cite> (Washington, DC: Island Press, 2007).\n<\/p>\n<\/li>\n<li>\n<p>\n<q>solo el 3 por ciento de la superficie terrestre<\/q> Plumptre, J. A., et al., <cite>\u2018Where might we find ecologically intact communities?\u2019<\/cite>, <span class=\"book\">Frontiers in Forests and Global Change<\/span>, 4, 2021: art\u00edculo 626635, <a href=\"https:\/\/doi.org\/10.3389\/ffgc.2021.626635\" target=\"_blank\" rel=\"noopener\">https:\/\/doi.org\/10.3389\/ffgc.2021.626635<\/a>.\n<\/p>\n<p>\n<q>Aunque estas soluciones naturales<\/q> Natural Climate Solutions, <a href=\"https:\/\/www.naturalclimate.solutions\/\" target=\"_blank\" rel=\"noopener\">https:\/\/www.naturalclimate.solutions\/<\/a>.\n<\/p>\n<p>\n<q>podr\u00eda cambiar radicalmente el equilibrio de carbono<\/q> Cromsigt, J. P. C. M., et al., <cite>\u2018Trophic rewilding as a climate change mitigation strategy?\u2019<\/cite>, <span class=\"book\">Philosophical Transactions of the Royal Society B: Biological Sciences<\/span>, 373 (1761), 2018: art\u00edculo  20170440, <a href=\"https:\/\/doi.org\/10.1098\/rstb.2017.0440\" target=\"_blank\" rel=\"noopener\">https:\/\/doi.org\/10.1098\/rstb.2017.0440<\/a>.\n<\/p>\n<p>\n<q>los elefantes y rinocerontes [\u2026] son silvicultores naturales<\/q> Bello, C., <cite>\u2018Defaunation affects carbon storage in tropical forests\u2019<\/cite>, <span class=\"book\">, 1 (11), 2015: Article e150110, Science Advances<\/span>, 1 (11), 2015: art\u00edculo e150110, <a href=\"https:\/\/doi.org\/10.1126\/sciadv.1501105\" target=\"_blank\" rel=\"noopener\">https:\/\/doi.org\/10.1126\/sciadv.1501105<\/a>.\n<\/p>\n<p>\n<q>si se permitiera que los lobos alcanzaran la cifra de sus poblaciones naturales<\/q> Wilmers, C. C., and Schmitz, O. J., <cite>\u2018Effects of gray wolf induced trophic cascades on ecosystem carbon cycling\u2019<\/cite>, <span class=\"book\">Ecosphere<\/span>, 7 (10), 2016: art\u00edculo  e01501, <a href=\"https:\/\/doi.org\/10.1002\/ecs2.1501\" target=\"_blank\" rel=\"noopener\">https:\/\/doi.org\/10.1002\/ecs2.1501<\/a>.\n<\/p>\n<p>\n<q>Las poblaciones sanas de cangrejos y peces depredadores<\/q> Atwood, T. B., et al., <cite>\u2018Predators help protect carbon stocks in blue carbon ecosystems\u2019<\/cite>, <span class=\"book\">Nature Climate Change<\/span><a href=\"https:\/\/doi.org\/10.1038\/nclimate2763\" target=\"_blank\" rel=\"noopener\">https:\/\/doi.org\/10.1038\/nclimate2763<\/a>.\n<\/p>\n<p>\n<q>No hay sustituto posible para los [\u2026] arrecifes coralinos existentes desde hace mucho tiempo<\/q> Mroviec, A., <cite>\u2018Sabellaria reefs: ugly and fragile, yet incredibly important emblems of Dutch waters\u2019<\/cite>, EcoWatch, 31 de mayo de 2019, <a href=\"https:\/\/www.ecowatch.com\/sabellaria-reefs-2638515153.html\" target=\"_blank\" rel=\"noopener\">https:\/\/www.ecowatch.com\/sabellaria-reefs-2638515153.html<\/a>.\n<\/p>\n<p>\n<q>La p\u00e9rdida de esos h\u00e1bitats antiguos es una de las fuerzas<\/q> Heppel, S. S., et al., <cite>\u2018Effects of fishing on long-lived marine organisms\u2019<\/cite>, in Norse, E. A., and Crowder, L. B., eds., <span class=\"book\">Marine Conservation Biology: The Science of Maintaining the Sea\u2019s Biodiversity<\/span> (Washington, DC: Island Press, 2005), 211\u201331.\n<\/p>\n<\/li>\n<li>\n<p>\n<q>un an\u00e1lisis reciente de Rewilding Britain<\/q> Rewilding Britain, <cite><span class=\"book\">Rewilding and the Rural Economy: How Nature-Based Economies Can Help Boost and Sustain Local Communities<\/span><\/cite>, octubre de 2021, <a href=\"https:\/\/s3.eu-west-2.amazonaws.com\/assets.rewildingbritain.org.uk\/documents\/nature-based-economies-rewilding-britain.pdf\" target=\"_blank\" rel=\"noopener\">https:\/\/s3.eu-west-2.amazonaws.com\/assets.rewildingbritain.org.uk\/documents\/nature-based-economies-rewilding-britain.pdf<\/a>.\n<\/p>\n<\/li>\n<\/ol>\n<\/div>\n","protected":false},"excerpt":{"rendered":"<p>George Monbiot and Rebecca Wrigley Todas las fuentes en l\u00ednea se consultaron el 4 de marzo de 2022 Ej\u00e9rcitos de atunes rojos las recorr\u00edan http:\/\/www.trawlerphotos.co.uk\/forums\/showthread.php?4843-History-of-the-British-Tuna-Fishery. hostigando card\u00famenes [\u2026] de caballas y arenques Roberts, C. The Unnatural History of the Sea (Washington, DC: Island Press, 2007). solo el 3 por ciento de la superficie terrestre Plumptre,&hellip;<\/p>\n","protected":false},"author":5,"featured_media":0,"parent":611,"menu_order":7,"comment_status":"closed","ping_status":"closed","template":"page-essay.php","meta":{"footnotes":""},"class_list":["post-663","page","type-page","status-publish","hentry"],"_links":{"self":[{"href":"https:\/\/theclimatebook.org\/es\/wp-json\/wp\/v2\/pages\/663","targetHints":{"allow":["GET"]}}],"collection":[{"href":"https:\/\/theclimatebook.org\/es\/wp-json\/wp\/v2\/pages"}],"about":[{"href":"https:\/\/theclimatebook.org\/es\/wp-json\/wp\/v2\/types\/page"}],"author":[{"embeddable":true,"href":"https:\/\/theclimatebook.org\/es\/wp-json\/wp\/v2\/users\/5"}],"replies":[{"embeddable":true,"href":"https:\/\/theclimatebook.org\/es\/wp-json\/wp\/v2\/comments?post=663"}],"version-history":[{"count":0,"href":"https:\/\/theclimatebook.org\/es\/wp-json\/wp\/v2\/pages\/663\/revisions"}],"up":[{"embeddable":true,"href":"https:\/\/theclimatebook.org\/es\/wp-json\/wp\/v2\/pages\/611"}],"wp:attachment":[{"href":"https:\/\/theclimatebook.org\/es\/wp-json\/wp\/v2\/media?parent=663"}],"curies":[{"name":"wp","href":"https:\/\/api.w.org\/{rel}","templated":true}]}}