{"id":660,"date":"2022-09-18T11:25:18","date_gmt":"2022-09-18T11:25:18","guid":{"rendered":"https:\/\/theclimatebook.org\/notas-finales\/quinta-parte-que-debemos-hacer-ahora\/5-4-superar-la-apatia-climatica\/"},"modified":"2022-11-01T13:01:27","modified_gmt":"2022-11-01T13:01:27","slug":"5-4-superar-la-apatia-climatica","status":"publish","type":"page","link":"https:\/\/theclimatebook.org\/es\/notas-finales\/quinta-parte-que-debemos-hacer-ahora\/5-4-superar-la-apatia-climatica\/","title":{"rendered":"5.4 Superar la apat\u00eda clim\u00e1tica"},"content":{"rendered":"<div class=\"notes\">\n<p class=\"author\"><a href=\"\/contributors#per-espen-stoknes\" rel=\"author\">Per Espen Stoknes<\/a><\/p>\n<p class=\"date\">Todas las fuentes en l\u00ednea se consultaron el  <time datetime=\"2022-03-01\">1 de marzo de 2022<\/time><\/p>\n<ol start=\"337\">\n<li>\n<p>\n<q>\u00abEsto es grave\u00bb<\/q> Rich, N., <cite>\u2018Losing Earth: the decade we almost stopped climate change\u2019<\/cite>, <span class=\"book\">New York Times Magazine<\/span>, 1 de agosto de 2018, <a href=\"\" target=\"_blank\" rel=\"noopener\"><\/a>.\n<\/p>\n<p>\n<q>las \u00abCinco D\u00bb de la defensa psicol\u00f3gica<\/q> Stoknes, P. E., <cite>\u2018How to transform apocalypse fatigue into action\u2019<\/cite>,, TED Talk, 2017, <a href=\"https:\/\/www.ted.com\/talks\/per_espen_stoknes_how_to_transform_apocalypse_fatigue_into_action_on_global_warming?language=en\" target=\"_blank\" rel=\"noopener\">https:\/\/www.ted.com\/talks\/per_espen_stoknes_how_to_transform_apocalypse_fatigue_into_action_on_global_warming?language=en<\/a>; Stoknes, P. E., <span class=\"book\">What We Think about When We Try Not to Think about Global Warming: Toward a New Psychology of Climate Action<\/span> (White River Junction, VT: Chelsea Green, 2015), 81\u20134.\n<\/p>\n<\/li>\n<li>\n<p>\n<q>\u00abSe necesita a la gente en un frente muy amplio\u00bb<\/q> Naess, A., <cite>\u2018Deep Ecology of Wisdom\u2019<\/cite>, in <span class=\"book\">The Selected Works of Arne Naess<\/span>, ed. H. Glasser et al. (Dordrecht: Springer, 2005), vol. 10, 86\u20137.\n<\/p>\n<p>\n<q>Necesitamos a la gente de las finanzas y la administraci\u00f3n<\/q> Stoknes, P. E., <cite><span class=\"book\">Tomorrow\u2019s Economy: A Guide to Creating Healthy Green Growth<\/span><\/cite> (Cambridge, MA: MIT Press, 2021).\n<\/p>\n<\/li>\n<li>\n<p>\n<q>existe una gran preocupaci\u00f3n entre tres cuartas partes de la poblaci\u00f3n<\/q> Watts, J., <cite>\u2018Humans \u201cpushing Earth close to tipping point\u201d, say most in G20\u2019<\/cite>, <span class=\"book\">Guardian<\/span>, 16 de agosto de 2021, <a href=\"https:\/\/www.theguardian.com\/environment\/2021\/aug\/16\/three-quarters-g20-earth-close-to-tipping-point-global-survey-climate-crisis\" target=\"_blank\" rel=\"noopener\">https:\/\/www.theguardian.com\/environment\/2021\/aug\/16\/three-quarters-g20-earth-close-to-tipping-point-global-survey-climate-crisis<\/a>. V\u00e9ase tambi\u00e9n Leiserowitz, A., et al., <span class=\"book\">International Public Opinion on Climate Change<\/span>, Yale Program on Climate Change Communication, 28 de junio de 2021, <a href=\"https:\/\/climatecommunication.yale.edu\/publications\/international-public-opinion-on-climate-change\/\" target=\"_blank\" rel=\"noopener\">https:\/\/climatecommunication.yale.edu\/publications\/international-public-opinion-on-climate-change\/<\/a>.\n<\/p>\n<p>\n<q>\u00abAl interactuar con la miseria extrema\u00bb<\/q> Naess, A., <cite><span class=\"book\">\u2018A Place of Joy in a World of Fact\u2019<\/span><\/cite> (1973), from <span class=\"book\">There Is No Point of No Return<\/span> (Londres: Penguin, 2021), 57.<\/a>.\n<\/p>\n<p>\n<q>hay buenas razones para sentir alegr\u00eda, entusiasmo y gratitud enormes<\/q> Una Buena regla de oro para la comunicaci\u00f3n clim\u00e1tica es compartir tres oportunidades o acciones innovadoras para cada amenaza o riesgo. Esta denominada \u201cproporci\u00f3n positive\u201d genera una mayor implicaci\u00f3n y creatividad. Permite que la energ\u00eda mental que est\u00e1 atenazada por el miedo y la preocupaci\u00f3n encuentre una salida saludable, lo que hace que la gente tienda a la oportunidad y la acci\u00f3n.\n<\/p>\n<\/li>\n<\/ol>\n<\/div>\n","protected":false},"excerpt":{"rendered":"<p>Per Espen Stoknes Todas las fuentes en l\u00ednea se consultaron el 1 de marzo de 2022 \u00abEsto es grave\u00bb Rich, N., \u2018Losing Earth: the decade we almost stopped climate change\u2019, New York Times Magazine, 1 de agosto de 2018, . las \u00abCinco D\u00bb de la defensa psicol\u00f3gica Stoknes, P. E., \u2018How to transform apocalypse fatigue&hellip;<\/p>\n","protected":false},"author":5,"featured_media":0,"parent":611,"menu_order":4,"comment_status":"closed","ping_status":"closed","template":"page-essay.php","meta":{"footnotes":""},"class_list":["post-660","page","type-page","status-publish","hentry"],"_links":{"self":[{"href":"https:\/\/theclimatebook.org\/es\/wp-json\/wp\/v2\/pages\/660","targetHints":{"allow":["GET"]}}],"collection":[{"href":"https:\/\/theclimatebook.org\/es\/wp-json\/wp\/v2\/pages"}],"about":[{"href":"https:\/\/theclimatebook.org\/es\/wp-json\/wp\/v2\/types\/page"}],"author":[{"embeddable":true,"href":"https:\/\/theclimatebook.org\/es\/wp-json\/wp\/v2\/users\/5"}],"replies":[{"embeddable":true,"href":"https:\/\/theclimatebook.org\/es\/wp-json\/wp\/v2\/comments?post=660"}],"version-history":[{"count":0,"href":"https:\/\/theclimatebook.org\/es\/wp-json\/wp\/v2\/pages\/660\/revisions"}],"up":[{"embeddable":true,"href":"https:\/\/theclimatebook.org\/es\/wp-json\/wp\/v2\/pages\/611"}],"wp:attachment":[{"href":"https:\/\/theclimatebook.org\/es\/wp-json\/wp\/v2\/media?parent=660"}],"curies":[{"name":"wp","href":"https:\/\/api.w.org\/{rel}","templated":true}]}}