{"id":657,"date":"2022-09-16T08:24:51","date_gmt":"2022-09-16T08:24:51","guid":{"rendered":"https:\/\/theclimatebook.org\/notas-finales\/cuarta-parte-que-hemos-hecho-al-respecto\/4-26-decrecimiento\/"},"modified":"2022-11-01T13:01:27","modified_gmt":"2022-11-01T13:01:27","slug":"4-26-decrecimiento","status":"publish","type":"page","link":"https:\/\/theclimatebook.org\/es\/notas-finales\/cuarta-parte-que-hemos-hecho-al-respecto\/4-26-decrecimiento\/","title":{"rendered":"4.26 Decrecimiento"},"content":{"rendered":"<div class=\"notes\">\n<p class=\"author\"><a href=\"\/contributors#jason-hickel\" rel=\"author\">Jason Hickel<\/a><\/p>\n<p class=\"date\">Todas las fuentes en l\u00ednea se consultaron el <time datetime=\"2022-02-28\">28 de febrero de 2022<\/time><\/p>\n<ol start=\"310\">\n<li>\n<p>\n<q>El PIB est\u00e1 estrechamente relacionado con el consumo de energ\u00eda y recursos<\/q> Wiedmann, T. O., et al., <cite>\u2018The material footprint of nations\u2019<\/cite>, <span class=\"book\">Proceedings of the National Academy of Sciences<\/span>, 112 (20), 2015: 6271\u20136, https:\/\/doi.org\/10.1073\/pnas.1220362110; Steinmann, Z. J. N., et al., <cite>\u2018Resource footprints are good proxies of environmental damage\u2019<\/cite>, <span class=\"book\">Environmental Science and Technology<\/span>, 51 (11), 2017: 6360\u201366, <a href=\"https:\/\/doi.org\/10.1021\/acs.est.7b00698\" target=\"_blank\" rel=\"noopener\">https:\/\/doi.org\/10.1021\/acs.est.7b00698<\/a>.\n<\/p>\n<p>\n<q>Y nuestro consumo de recursos [\u2026] ya ha excedido el l\u00edmite superior de sostenibilidad<\/q> Bringezu, S., <cite>\u2018Possible target corridor for sustainable use of global material resources\u2019<\/cite>, <span class=\"book\">Resources<\/span>, 4 (1), 2015: 25\u201354, <a href=\"https:\/\/doi.org\/10.3390\/resources4010025\" target=\"_blank\" rel=\"noopener\">https:\/\/doi.org\/10.3390\/resources4010025<\/a>.\n<\/p>\n<p>\n<q>el norte global es responsable del 92 or ciento<\/q> Hickel, J., <cite>\u2018Quantifying national responsibility for climate breakdown: an equality-based attribution approach for carbon dioxide emissions in excess of the planetary boundary\u2019<\/cite>, <span class=\"book\">Lancet Planetary Health<\/span>, 4 (9), 2020: e399\u2013e404, <a href=\"https:\/\/doi.org\/10.1016\/S2542-5196(20)30196-0\" target=\"_blank\" rel=\"noopener\">https:\/\/doi.org\/10.1016\/S2542-5196(20)30196-0<\/a>.\n<\/p>\n<p>\n<q>los pa\u00edses ricos dependen de una gran apropiaci\u00f3n neta<\/q> Hickel, J., et al., <cite>\u2018Imperialist appropriation in the world economy: drain from the Global South through unequal exchange, 1990\u20132015\u2019<\/cite>, <span class=\"book\">Global Environmental Change<\/span>, 73, 2022: art\u00edculo 102467, <a href=\"https:\/\/doi.org\/10.1016\/j.gloenvcha.2022.102467\" target=\"_blank\" rel=\"noopener\">https:\/\/doi.org\/10.1016\/j.gloenvcha.2022.102467<\/a>.\n<\/p>\n<\/li>\n<li>\n<p>\n<q>no hay pruebas de que sea posible desvincular por completo el crecimiento del consumo de energ\u00eda y recursos<\/q> Hickel, J., and Kallis, G., <cite>\u2018Is green growth possible?\u2019<\/cite>, <span class=\"book\">New Political Economy<\/span>, 25 (4), 2020: 469\u201386, <a href=\"https:\/\/doi.org\/10.1080\/13563467.2019.1598964\" target=\"_blank\" rel=\"noopener\">https:\/\/doi.org\/10.1080\/13563467.2019.1598964<\/a>; Vad\u00e9n, T., et al., <cite>\u2018Decoupling for ecological sustainability: a categorisation and review of research literature\u2019<\/cite>, <span class=\"book\">Environmental Science and Policy<\/span>, 112, 2020: 236\u201344, <a href=\"https:\/\/doi.org\/10.1016\/j.envsci.2020.06.016\" target=\"_blank\" rel=\"noopener\">https:\/\/doi.org\/10.1016\/j.envsci.2020.06.016<\/a>; Haberl, H., et al., <cite>\u2018A systematic review of the evidence on decoupling of GDP, resource use and GHG emissions, part II: synthesizing the insights\u2019<\/cite>, <span class=\"book\">Environmental Research Letters<\/span>, 15 (6), 2020: art\u00edculo 065003, <a href=\"https:\/\/doi.org\/10.1088\/1748-9326\/ab842a\" target=\"_blank\" rel=\"noopener\">https:\/\/doi.org\/10.1088\/1748-9326\/ab842a<\/a>.\n<\/p>\n<p>\n<q>Esos resultados han sido confirmados de forma repetida por los cient\u00edficos<\/q> Haberl et al., <cite>\u2018A systematic review of the evidence\u2019<\/cite>; Vad\u00e9n et al., <cite>\u2018Decoupling for ecological sustainability\u2019<\/cite>.\n<\/p>\n<p>\n<q>\u00abresulta enga\u00f1oso desarrollar pol\u00edticas orientadas al crecimiento\u00bb<\/q> Ward, J. D., et al., <cite>\u2018Is decoupling GDP growth from environmental impact possible?\u2019<\/cite>, <span class=\"book\">PLOS One<\/span>, 11 (10), 2016: Art\u00edculo e0164733, <a href=\"https:\/\/doi.org\/10.1371\/journal.pone.0164733\" target=\"_blank\" rel=\"noopener\">https:\/\/doi.org\/10.1371\/journal.pone.0164733<\/a>.\n<\/p>\n<p>\n<q>un aumento del crecimiento significa un aumento de la demanda energ\u00e9tica<\/q> Hickel, J., et al., <cite>\u2018Urgent need for post-growth climate mitigation scenarios\u2019<\/cite>, <span class=\"book\">Nature Energy<\/span>, 6 (8), 2021: 766\u20138, <a href=\"https:\/\/doi.org\/10.1038\/s41560-021-00884-9\" target=\"_blank\" rel=\"noopener\">https:\/\/doi.org\/10.1038\/s41560-021-00884-9<\/a>.\n<\/p>\n<p>\n<q>es posible cubrir las necesidades humanas con un est\u00e1ndar alto usando mucha menos energ\u00eda<\/q> Millward-Hopkins, J., et al., <cite>\u2018Providing decent living with minimum energy: a global scenario\u2019<\/cite>, <span class=\"book\">Global Environmental Change<\/span>, 65, 2020: art\u00edculo 102168, <a href=\"https:\/\/doi.org\/10.1016\/j.gloenvcha.2020.102168\" target=\"_blank\" rel=\"noopener\">https:\/\/doi.org\/10.1016\/j.gloenvcha.2020.102168<\/a>; Jackson, T., <span class=\"book\">Prosperity without Growth: Foundations for the Economy of Tomorrow<\/span> (Abingdon: Routledge, 2017).\n<\/p>\n<\/li>\n<li>\n<p>\n<q>se denomina \u00abdecrecimiento\u00bb, y precisa de una reducci\u00f3n planificada<\/q> Hickel, J., <cite><span class=\"book\">Less Is More: How Degrowth Will Save the World<\/span><\/cite>(London: William Heinemann, 2020).\n<\/p>\n<\/li>\n<\/ol>\n<\/div>\n","protected":false},"excerpt":{"rendered":"<p>Jason Hickel Todas las fuentes en l\u00ednea se consultaron el 28 de febrero de 2022 El PIB est\u00e1 estrechamente relacionado con el consumo de energ\u00eda y recursos Wiedmann, T. O., et al., \u2018The material footprint of nations\u2019, Proceedings of the National Academy of Sciences, 112 (20), 2015: 6271\u20136, https:\/\/doi.org\/10.1073\/pnas.1220362110; Steinmann, Z. J. N., et al.,&hellip;<\/p>\n","protected":false},"author":5,"featured_media":0,"parent":610,"menu_order":26,"comment_status":"closed","ping_status":"closed","template":"page-essay.php","meta":{"footnotes":""},"class_list":["post-657","page","type-page","status-publish","hentry"],"_links":{"self":[{"href":"https:\/\/theclimatebook.org\/es\/wp-json\/wp\/v2\/pages\/657","targetHints":{"allow":["GET"]}}],"collection":[{"href":"https:\/\/theclimatebook.org\/es\/wp-json\/wp\/v2\/pages"}],"about":[{"href":"https:\/\/theclimatebook.org\/es\/wp-json\/wp\/v2\/types\/page"}],"author":[{"embeddable":true,"href":"https:\/\/theclimatebook.org\/es\/wp-json\/wp\/v2\/users\/5"}],"replies":[{"embeddable":true,"href":"https:\/\/theclimatebook.org\/es\/wp-json\/wp\/v2\/comments?post=657"}],"version-history":[{"count":0,"href":"https:\/\/theclimatebook.org\/es\/wp-json\/wp\/v2\/pages\/657\/revisions"}],"up":[{"embeddable":true,"href":"https:\/\/theclimatebook.org\/es\/wp-json\/wp\/v2\/pages\/610"}],"wp:attachment":[{"href":"https:\/\/theclimatebook.org\/es\/wp-json\/wp\/v2\/media?parent=657"}],"curies":[{"name":"wp","href":"https:\/\/api.w.org\/{rel}","templated":true}]}}