{"id":655,"date":"2022-09-16T08:02:11","date_gmt":"2022-09-16T08:02:11","guid":{"rendered":"https:\/\/theclimatebook.org\/notas-finales\/cuarta-parte-que-hemos-hecho-al-respecto\/4-24-emisiones-y-crecimiento\/"},"modified":"2022-11-01T13:01:26","modified_gmt":"2022-11-01T13:01:26","slug":"4-24-emisiones-y-crecimiento","status":"publish","type":"page","link":"https:\/\/theclimatebook.org\/es\/notas-finales\/cuarta-parte-que-hemos-hecho-al-respecto\/4-24-emisiones-y-crecimiento\/","title":{"rendered":"4.24 Emisiones y crecimiento"},"content":{"rendered":"<div class=\"notes\">\n<p class=\"author\"><a href=\"\/contributors#nicholas-stern\" rel=\"author\">Nicholas Stern<\/a><\/p>\n<p class=\"date\">Todas las fuentes en l\u00ednea se consultaron el <time datetime=\"2022-05-12\">12 de mayo de 2022<\/time><\/p>\n<ol start=\"306\">\n<li>\n<p>\n<q>en 2019 eran un 54 por ciento superiores a 1990<\/q> Olivier, J. G. J., and Peters, J. A. H. W., <cite><span class=\"book\">Trends in Global CO2 and Total Greenhouse Gas Emissions: 2020 Report<\/span><\/cite>, PBL Netherlands Environmental Assessment Agency, diciembre de 2020, <a href=\"https:\/\/www.pbl.nl\/en\/publications\/trends-in-global-co2-and-total-greenhouse-gas-emissions-2020-report\" target=\"_blank\" rel=\"noopener\">https:\/\/www.pbl.nl\/en\/publications\/trends-in-global-co2-and-total-greenhouse-gas-emissions-2020-report<\/a>.\n<\/p>\n<p>\n<q>la econom\u00eda global creci\u00f3 en un 120 por ciento<\/q> Banco Mundial, <cite>\u2018GDP (current US$)\u2019<\/cite>, <a href=\"https:\/\/data.worldbank.org\/indicator\/NY.GDP.MKTP.CD\" target=\"_blank\" rel=\"noopener\">https:\/\/data.worldbank.org\/indicator\/NY.GDP.MKTP.CD<\/a>.\n<\/p>\n<p>\n<q>el 80 por ciento de la energ\u00eda del mundo en 2019 proven\u00eda de combustibles f\u00f3siles<\/q> International Energy Agency, <cite><span class=\"book\">World Energy Outlook 2021<\/span><\/cite>, octubre de 2021, <a href=\"https:\/\/www.iea.org\/reports\/world-energy-outlook-2021\" target=\"_blank\" rel=\"noopener\">https:\/\/www.iea.org\/reports\/world-energy-outlook-2021<\/a>.\n<\/p>\n<p>\n<q>las emisiones anuales producidas por el Reino Unido cayeron un 44 por ciento<\/q> Department for Business, Energy and Industrial Affairs, <cite>\u2018Final UK greenhouse gas emissions national statistics: 1990 to 2020\u2019<\/cite>, 1 de febrero de 2022, <a href=\"https:\/\/www.gov.uk\/government\/statistics\/final-uk-greenhouse-gas-emissions-national-statistics-1990-to-2020\" target=\"_blank\" rel=\"noopener\">https:\/\/www.gov.uk\/government\/statistics\/final-uk-greenhouse-gas-emissions-national-statistics-1990-to-2020<\/a>.\n<\/p>\n<p>\n<q>su econom\u00eda creci\u00f3 un 78 por ciento<\/q> Office for National Statistics, <cite>\u2018Gross domestic product: chained volume measures: seasonally adjusted \u00a3m\u2019<\/cite>, 12 de mayo de 2022, <a href=\"https:\/\/www.ons.gov.uk\/economy\/grossdomesticproductgdp\/timeseries\/abmi\/pn2\" target=\"_blank\" rel=\"noopener\">https:\/\/www.ons.gov.uk\/economy\/grossdomesticproductgdp\/timeseries\/abmi\/pn2<\/a>.\n<\/p>\n<p>\n<q>la reducci\u00f3n ser\u00eda mucho menor (alrededor del 15 por ciento)<\/q> Climate Change Committee, <cite><span class=\"book\">Progress in Reducing Emissions: 2021 Report to Parliament<\/span><\/cite>, junio de 2021, <a href=\"https:\/\/www.theccc.org.uk\/wp-content\/uploads\/2021\/06\/Progress-in-reducing-emissions-2021-Report-to-Parliament.pdf\" target=\"_blank\" rel=\"noopener\">https:\/\/www.theccc.org.uk\/wp-content\/uploads\/2021\/06\/Progress-in-reducing-emissions-2021-Report-to-Parliament.pdf<\/a>.\n<\/p>\n<\/li>\n<\/ol>\n<\/div>\n","protected":false},"excerpt":{"rendered":"<p>Nicholas Stern Todas las fuentes en l\u00ednea se consultaron el 12 de mayo de 2022 en 2019 eran un 54 por ciento superiores a 1990 Olivier, J. G. J., and Peters, J. A. H. W., Trends in Global CO2 and Total Greenhouse Gas Emissions: 2020 Report, PBL Netherlands Environmental Assessment Agency, diciembre de 2020, https:\/\/www.pbl.nl\/en\/publications\/trends-in-global-co2-and-total-greenhouse-gas-emissions-2020-report.&hellip;<\/p>\n","protected":false},"author":5,"featured_media":0,"parent":610,"menu_order":24,"comment_status":"closed","ping_status":"closed","template":"page-essay.php","meta":{"footnotes":""},"class_list":["post-655","page","type-page","status-publish","hentry"],"_links":{"self":[{"href":"https:\/\/theclimatebook.org\/es\/wp-json\/wp\/v2\/pages\/655","targetHints":{"allow":["GET"]}}],"collection":[{"href":"https:\/\/theclimatebook.org\/es\/wp-json\/wp\/v2\/pages"}],"about":[{"href":"https:\/\/theclimatebook.org\/es\/wp-json\/wp\/v2\/types\/page"}],"author":[{"embeddable":true,"href":"https:\/\/theclimatebook.org\/es\/wp-json\/wp\/v2\/users\/5"}],"replies":[{"embeddable":true,"href":"https:\/\/theclimatebook.org\/es\/wp-json\/wp\/v2\/comments?post=655"}],"version-history":[{"count":0,"href":"https:\/\/theclimatebook.org\/es\/wp-json\/wp\/v2\/pages\/655\/revisions"}],"up":[{"embeddable":true,"href":"https:\/\/theclimatebook.org\/es\/wp-json\/wp\/v2\/pages\/610"}],"wp:attachment":[{"href":"https:\/\/theclimatebook.org\/es\/wp-json\/wp\/v2\/media?parent=655"}],"curies":[{"name":"wp","href":"https:\/\/api.w.org\/{rel}","templated":true}]}}