{"id":646,"date":"2022-09-08T14:56:02","date_gmt":"2022-09-08T14:56:02","guid":{"rendered":"https:\/\/theclimatebook.org\/notas-finales\/cuarta-parte-que-hemos-hecho-al-respecto\/4-14-mapa-de-emisiones-en-un-mundo-industrial\/"},"modified":"2022-11-01T13:01:24","modified_gmt":"2022-11-01T13:01:24","slug":"4-14-mapa-de-emisiones-en-un-mundo-industrial","status":"publish","type":"page","link":"https:\/\/theclimatebook.org\/es\/notas-finales\/cuarta-parte-que-hemos-hecho-al-respecto\/4-14-mapa-de-emisiones-en-un-mundo-industrial\/","title":{"rendered":"4.14 Mapa de emisiones en un mundo industrial"},"content":{"rendered":"<div class=\"notes\">\n<p class=\"author\"><a href=\"\/contributors#john-barrett\" rel=\"author\">John Barrett<\/a> and <a href=\"\/contributors#alice-garvey\" rel=\"author\">Alice Garvey<\/a><\/p>\n<p class=\"date\">Todas las fuentes en l\u00ednea se consultaron el  <time datetime=\"2022-03-24\">24 de marzo de 2022<\/time><\/p>\n<ol start=\"256\">\n<li>\n<p>\n<q>causante de m\u00e1s del 30 por ciento de las emisiones<\/q> Fischedick, M., et al., <cite>\u2018Industry\u2019<\/cite>, in Intergovernmental Panel on Climate Change, <span class=\"book\">Climate Change 2014: Mitigation of Climate Change. Contribution of Working Group III to the Fifth Assessment Report of the Intergovernmental Panel on Climate Change<\/span>, ed. O. Edenhofer et al. (Cambridge: Cambridge University Press, 2015), <a href=\"https:\/\/www.ipcc.ch\/report\/ar5\/wg3\/\" target=\"_blank\" rel=\"noopener\">https:\/\/www.ipcc.ch\/report\/ar5\/wg3\/<\/a>.\n<\/p>\n<p>\n<q>La mayor proporci\u00f3n [\u2026] procede de la producci\u00f3n del hierro y el acero<\/q> Serrenho, A. C., et al., <cite>\u2018The influence of UK emissions reduction targets on the emissions of the global steel industry\u2019<\/cite>, <span class=\"book\">Resources, Conservation and Recycling<\/span>, 107, 2016: 174\u201384, <a href=\"https:\/\/doi.org\/10.1016\/j.resconrec.2016.01.001\" target=\"_blank\" rel=\"noopener\">https:\/\/doi.org\/10.1016\/j.resconrec.2016.01.001<\/a>.\n<\/p>\n<p>\n<q>solo tres ramas de la industria pesada [\u2026] aportan el 70 por ciento<\/q> International Energy Agency, <cite><span class=\"book\">Energy Technology Perspectives 2020<\/span><\/cite>, septiembre de 2020), <a href=\"https:\/\/www.iea.org\/reports\/energy-technology-perspectives-2020\" target=\"_blank\" rel=\"noopener\">https:\/\/www.iea.org\/reports\/energy-technology-perspectives-2020<\/a>.\n<\/p>\n<p>\n<q>En la producci\u00f3n de cemento, la mitad del CO<sub>2<\/sub> emitido<\/q> Van Ruijven, B. J., et al., <cite>\u2018Long-term model-based projections of energy use and CO2 emissions from the global steel and cement industries\u2019<\/cite>, <span class=\"book\">Resources, Conservation and Recycling<\/span>, 112, 2016: 15\u201336, <a href=\"https:\/\/doi.org\/10.1016\/j.resconrec.2016.04.016\" target=\"_blank\" rel=\"noopener\">https:\/\/doi.org\/10.1016\/j.resconrec.2016.04.016<\/a>.\n<\/p>\n<p>\n<q>emisiones territoriales [\u2026] emitidos por un pa\u00eds determinado<\/q> Una perspectiva de emisiones territoriales no tiene en cuenta las emisiones del transporte a\u00e9reo y mar\u00edtimo internacionales: Barrett, J., et al., <cite>\u2018Consumption-based GHG emission accounting: a UK case study\u2019<\/cite>, <span class=\"book\">Climate Policy<\/span>, 13 (4), 2013: 1\u201319, <a href=\"https:\/\/doi.org\/10.1080\/14693062.2013.788858\" target=\"_blank\" rel=\"noopener\">https:\/\/doi.org\/10.1080\/14693062.2013.788858<\/a>.\n<\/p>\n<\/li>\n<li value=\"258\">\n<p>\n<q>esas ganancias se han visto contrarrestadas por la creciente demanda<\/q> Wang, P., et al., <cite>\u2018Efficiency stagnation in global steel production urges joint supply- and demand-side mitigation efforts\u2019<\/cite>, <span class=\"book\">Nature Communications<\/span>, 12, 2021: art\u00edculo  2066, <a href=\"https:\/\/doi.org\/10.1038\/s41467-021-22245-6\" target=\"_blank\" rel=\"noopener\">https:\/\/doi.org\/10.1038\/s41467-021-22245-6<\/a>.\n<\/p>\n<p>\n<q>Se espera que en 2050 dicha demanda se duplique<\/q> Allwood, J. M., et al., <cite>\u2018Options for achieving a 50% cut in industrial carbon emissions by 2050\u2019<\/cite>, <span class=\"book\">Environmental Science and Technology<\/span>, 44 (6), 2010: 1888\u201394, <a href=\"https:\/\/doi.org\/10.1021\/es902909k\" target=\"_blank\" rel=\"noopener\">https:\/\/doi.org\/10.1021\/es902909k<\/a>.\n<\/p>\n<p>\n<q>la demanda de acero y cemento [\u2026] de actividad econ\u00f3mica<\/q> Van Ruijven et al., <cite>\u2018Long-term model-based projections of energy use and CO<sub>2<\/sub> emissions\u2019<\/cite>.\n<\/p>\n<p>\n<q>el 61 por ciento del incremento en las emisiones de gases de efecto invernadero en China<\/q> Minx, Jan C., et al., <cite>\u2018A \u201ccarbonizing dragon\u201d: China\u2019s fast-growing CO2 emissions revisited\u2019<\/cite>, <span class=\"book\">Environmental Science and Technology<\/span>, 45 (21) 2011: 9144\u201353, <a href=\"https:\/\/doi.org\/10.1021\/es201497m\" target=\"_blank\" rel=\"noopener\">https:\/\/doi.org\/10.1021\/es201497m<\/a>.\n<\/p>\n<\/li>\n<li>\n<p>\n<q>en 2050 se espera que una quinta parte de la producci\u00f3n [\u2026] en la India<\/q> International Energy Agency, <cite><span class=\"book\">Iron and Steel Technology Roadmap: Towards More Sustainable Steelmaking<\/span><\/cite>, October 2020, <a href=\"https:\/\/www.iea.org\/reports\/iron-and-steel-technology-roadmap\" target=\"_blank\" rel=\"noopener\">https:\/\/www.iea.org\/reports\/iron-and-steel-technology-roadmap<\/a>.\n<\/p>\n<p>\n<q>el 37 por ciento del carbono que podemos emitir para la producci\u00f3n de acero<\/q> Wang et al., <cite>\u2018Efficiency stagnation in global steel production\u2019<\/cite>.\n<\/p>\n<p>\n<q>Esto quiz\u00e1 implique un dise\u00f1o m\u00e1s eficiente de los productos<\/q> Allwood, J. M., et al., <cite><span class=\"book\">Steel Arising: Opportunities for the UK in a Transforming Global Steel Industry<\/span><\/cite>, Use Less Group, University of Cambridge, abril de 2019, <a href=\"https:\/\/doi.org\/10.17863\/CAM.40835\" target=\"_blank\" rel=\"noopener\">https:\/\/doi.org\/10.17863\/CAM.40835<\/a>.\n<\/p>\n<\/li>\n<\/ol>\n<\/div>\n","protected":false},"excerpt":{"rendered":"<p>John Barrett and Alice Garvey Todas las fuentes en l\u00ednea se consultaron el 24 de marzo de 2022 causante de m\u00e1s del 30 por ciento de las emisiones Fischedick, M., et al., \u2018Industry\u2019, in Intergovernmental Panel on Climate Change, Climate Change 2014: Mitigation of Climate Change. Contribution of Working Group III to the Fifth Assessment&hellip;<\/p>\n","protected":false},"author":5,"featured_media":0,"parent":610,"menu_order":14,"comment_status":"closed","ping_status":"closed","template":"page-essay.php","meta":{"footnotes":""},"class_list":["post-646","page","type-page","status-publish","hentry"],"_links":{"self":[{"href":"https:\/\/theclimatebook.org\/es\/wp-json\/wp\/v2\/pages\/646","targetHints":{"allow":["GET"]}}],"collection":[{"href":"https:\/\/theclimatebook.org\/es\/wp-json\/wp\/v2\/pages"}],"about":[{"href":"https:\/\/theclimatebook.org\/es\/wp-json\/wp\/v2\/types\/page"}],"author":[{"embeddable":true,"href":"https:\/\/theclimatebook.org\/es\/wp-json\/wp\/v2\/users\/5"}],"replies":[{"embeddable":true,"href":"https:\/\/theclimatebook.org\/es\/wp-json\/wp\/v2\/comments?post=646"}],"version-history":[{"count":0,"href":"https:\/\/theclimatebook.org\/es\/wp-json\/wp\/v2\/pages\/646\/revisions"}],"up":[{"embeddable":true,"href":"https:\/\/theclimatebook.org\/es\/wp-json\/wp\/v2\/pages\/610"}],"wp:attachment":[{"href":"https:\/\/theclimatebook.org\/es\/wp-json\/wp\/v2\/media?parent=646"}],"curies":[{"name":"wp","href":"https:\/\/api.w.org\/{rel}","templated":true}]}}