{"id":642,"date":"2022-09-07T17:25:52","date_gmt":"2022-09-07T17:25:52","guid":{"rendered":"https:\/\/theclimatebook.org\/notas-finales\/cuarta-parte-que-hemos-hecho-al-respecto\/4-10-una-manera-de-pensar-completamente-nueva\/"},"modified":"2022-11-01T13:01:24","modified_gmt":"2022-11-01T13:01:24","slug":"4-10-una-manera-de-pensar-completamente-nueva","status":"publish","type":"page","link":"https:\/\/theclimatebook.org\/es\/notas-finales\/cuarta-parte-que-hemos-hecho-al-respecto\/4-10-una-manera-de-pensar-completamente-nueva\/","title":{"rendered":"4.10 Una manera de pensar completamente nueva"},"content":{"rendered":"<div class=\"notes\">\n<p class=\"author\"><a href=\"\/contributors#greta-thunberg\" rel=\"author\">Greta Thunberg<\/a><\/p>\n<p class=\"date\">Todas las fuentes en l\u00ednea se consultaron el <time datetime=\"2022-02-24\">24 de febrero de 2022<\/time><\/p>\n<ol start=\"240\">\n<li>\n<p>\n<q>\u00abEl estilo de vida estadounidense\u00bb<\/q> Deen, T., <cite>\u2018U.S. lifestyle is not up for negotiation\u2019<\/cite>, Inter Press Service, 1 de mayo de 2012, <a href=\"https:\/\/www.ipsnews.net\/2012\/05\/us-lifestyle-is-not-up-for-negotiation\/\" target=\"_blank\" rel=\"noopener\">https:\/\/www.ipsnews.net\/2012\/05\/us-lifestyle-is-not-up-for-negotiation\/<\/a>.\n<\/p>\n<\/li>\n<li>\n<p>\n<q>el l\u00edmite m\u00e1ximo seguro de concentraci\u00f3n de di\u00f3xido de carbono en la atm\u00f3sfera que garantice esa estabilidad clim\u00e1tica<\/q> Hansen, J., et al., <cite>\u2018Target atmospheric CO2: where should humanity aim?\u2019<\/cite>, <span class=\"book\">Open Atmospheric Science Journal<\/span>, 2, 2008: 217\u201331, doi: 10.2174\/1874282300802010217.\n<\/p>\n<\/li>\n<\/ol>\n<\/div>\n","protected":false},"excerpt":{"rendered":"<p>Greta Thunberg Todas las fuentes en l\u00ednea se consultaron el 24 de febrero de 2022 \u00abEl estilo de vida estadounidense\u00bb Deen, T., \u2018U.S. lifestyle is not up for negotiation\u2019, Inter Press Service, 1 de mayo de 2012, https:\/\/www.ipsnews.net\/2012\/05\/us-lifestyle-is-not-up-for-negotiation\/. el l\u00edmite m\u00e1ximo seguro de concentraci\u00f3n de di\u00f3xido de carbono en la atm\u00f3sfera que garantice esa estabilidad&hellip;<\/p>\n","protected":false},"author":5,"featured_media":0,"parent":610,"menu_order":10,"comment_status":"closed","ping_status":"closed","template":"page-essay.php","meta":{"footnotes":""},"class_list":["post-642","page","type-page","status-publish","hentry"],"_links":{"self":[{"href":"https:\/\/theclimatebook.org\/es\/wp-json\/wp\/v2\/pages\/642","targetHints":{"allow":["GET"]}}],"collection":[{"href":"https:\/\/theclimatebook.org\/es\/wp-json\/wp\/v2\/pages"}],"about":[{"href":"https:\/\/theclimatebook.org\/es\/wp-json\/wp\/v2\/types\/page"}],"author":[{"embeddable":true,"href":"https:\/\/theclimatebook.org\/es\/wp-json\/wp\/v2\/users\/5"}],"replies":[{"embeddable":true,"href":"https:\/\/theclimatebook.org\/es\/wp-json\/wp\/v2\/comments?post=642"}],"version-history":[{"count":0,"href":"https:\/\/theclimatebook.org\/es\/wp-json\/wp\/v2\/pages\/642\/revisions"}],"up":[{"embeddable":true,"href":"https:\/\/theclimatebook.org\/es\/wp-json\/wp\/v2\/pages\/610"}],"wp:attachment":[{"href":"https:\/\/theclimatebook.org\/es\/wp-json\/wp\/v2\/media?parent=642"}],"curies":[{"name":"wp","href":"https:\/\/api.w.org\/{rel}","templated":true}]}}