{"id":640,"date":"2022-09-06T15:37:44","date_gmt":"2022-09-06T15:37:44","guid":{"rendered":"https:\/\/theclimatebook.org\/notas-finales\/cuarta-parte-que-hemos-hecho-al-respecto\/4-8-y-que-hay-de-la-geoingenieria\/"},"modified":"2022-11-01T13:01:23","modified_gmt":"2022-11-01T13:01:23","slug":"4-8-y-que-hay-de-la-geoingenieria","status":"publish","type":"page","link":"https:\/\/theclimatebook.org\/es\/notas-finales\/cuarta-parte-que-hemos-hecho-al-respecto\/4-8-y-que-hay-de-la-geoingenieria\/","title":{"rendered":"4.8 \u00bfY qu\u00e9 hay de la geoingenier\u00eda?"},"content":{"rendered":"<div class=\"notes\">\n<p class=\"author\"><a href=\"\/contributors#niclas-h\u00e4llstr\u00f6m\" rel=\"author\">Niclas H\u00e4llstr\u00f6m<\/a>, <a href=\"\/contributors#jennie-c.-stephens\" rel=\"author\">Jennie C. Stephens<\/a> e <a href=\"\/contributors#isak-stoddard\" rel=\"author\">Isak Stoddard<\/a><\/p>\n<p class=\"date\">Todas las fuentes en l\u00ednea se consultaron el <time datetime=\"2021-11-30\">30 de noviembre de 2021<\/time><\/p>\n<ol start=\"233\">\n<li>\n<p>\n<q>la inyecci\u00f3n de aerosoles en la estratosfera podr\u00eda alterar los monzones<\/q> Jones, A. C., et al., <cite>\u2018Impacts of hemispheric solar geoengineering on tropical cyclone frequency\u2018<\/cite>, <span class=\"book\">Nature Communications<\/span>, 8, 2017: 1382, <a href=\"https:\/\/doi.org\/10.1038\/s41467-017-01606-0\" target=\"_blank\" rel=\"noopener\">https:\/\/doi.org\/10.1038\/s41467-017-01606-0<\/a>.\n<\/p>\n<p>\n<q>se detuviera la inyecci\u00f3n de los aerosoles que aten\u00faan el sol<\/q> Pierrehumbert, R., and Mann, M., <cite>\u2018Some say we can \u201csolar-engineer\u201d ourselves out of the climate crisis. Don\u2019t buy it\u2019<\/cite>, <span class=\"book\">Guardian<\/span>. 22 de abril de 2021, <a href=\"https:\/\/www.theguardian.com\/commentisfree\/2021\/apr\/22\/climate-crisis-emergency-earth-day\" target=\"_blank\" rel=\"noopener\">https:\/\/www.theguardian.com\/commentisfree\/2021\/apr\/22\/climate-crisis-emergency-earth-day<\/a>.\n<\/p>\n<p>\n<q>tales tecnolog\u00edas no pueden gestionarse de manera justa y segura<\/q> V\u00e9ase <cite>\u2018We call for an international non-use agreement on solar geoengineering\u2019<\/cite>, Solar Geoengineering Non-use Agreement, <a href=\"https:\/\/www.solargeoeng.org\/\" target=\"_blank\" rel=\"noopener\">https:\/\/www.solargeoeng.org\/<\/a>.\n<\/p>\n<\/li>\n<li>\n<p>\n<q>sistemas globales estables de gobierno, capaces de funcionar sin interrupci\u00f3n<\/q> Stephens, J. C., et al., <cite>\u2018The dangers of mainstreaming solar geoengineering: a critique of the National Academies report\u2019<\/cite>, <span class=\"book\">Environmental Politics<\/span>, 18 de octubre de 2021, <a href=\"https:\/\/doi.org\/10.1080\/09644016.2021.1989214\" target=\"_blank\" rel=\"noopener\">https:\/\/doi.org\/10.1080\/09644016.2021.1989214<\/a>.\n<\/p>\n<p>\n<q>agravando las actuales desigualdades [\u2026] incrementando el riesgo de guerras<\/q> Stephens, J. C., et al., <cite>\u2018The risks of solar geoengineering research\u2019<\/cite>, <span class=\"book\">Science<\/span>, 372 (6547), 2021: 1161, <a href=\"https:\/\/doi.org\/10.1126\/science.abj3679\" target=\"_blank\" rel=\"noopener\">https:\/\/doi.org\/10.1126\/science.abj3679<\/a>.\n<\/p>\n<p>\n<q>el Convenio sobre Diversidad Biol\u00f3gica de la ONU<\/q> <cite>\u2018Climate-related geoengineering and biodiversity\u2019<\/cite>, United Nations Convention on Biological Diversity, 23 de marzo de 2017, <a href=\"https:\/\/www.cbd.int\/climate\/geoengineering\/\" target=\"_blank\" rel=\"noopener\">https:\/\/www.cbd.int\/climate\/geoengineering\/<\/a>.\n<\/p>\n<p>\n<q>intereses que se han creado al introducir la idea de la geoingenier\u00eda<\/q> Stephens, J. C., and Surprise, K., <cite>\u2018The hidden injustices of advancing solar geoengineering research\u2019<\/cite>, <span class=\"book\">Global Sustainability<\/span>, 3, 2020: art\u00edculo e2, <a href=\"https:\/\/doi.org\/10.1017\/sus.2019.28\" target=\"_blank\" rel=\"noopener\">https:\/\/doi.org\/10.1017\/sus.2019.28<\/a>.\n<\/p>\n<p>\n<q>Sugerir que la geoingenier\u00eda es un \u00abplan B\u00bb<\/q> V\u00e9ase, por ejemplo, Pierrehumbert, R., <cite>\u2018There is no plan B for dealing with the climate crisis\u2019<\/cite>, <span class=\"book\">Bulletin of the Atomic Scientists<\/span>, 75 (5), 2019: 215\u201321, <a href=\"https:\/\/doi.org\/10.1080\/00963402.2019.1654255\" target=\"_blank\" rel=\"noopener\">https:\/\/doi.org\/10.1080\/00963402.2019.1654255<\/a>.\n<\/p>\n<\/li>\n<\/ol>\n<\/div>\n","protected":false},"excerpt":{"rendered":"<p>Niclas H\u00e4llstr\u00f6m, Jennie C. Stephens e Isak Stoddard Todas las fuentes en l\u00ednea se consultaron el 30 de noviembre de 2021 la inyecci\u00f3n de aerosoles en la estratosfera podr\u00eda alterar los monzones Jones, A. C., et al., \u2018Impacts of hemispheric solar geoengineering on tropical cyclone frequency\u2018, Nature Communications, 8, 2017: 1382, https:\/\/doi.org\/10.1038\/s41467-017-01606-0. se detuviera la&hellip;<\/p>\n","protected":false},"author":5,"featured_media":0,"parent":610,"menu_order":8,"comment_status":"closed","ping_status":"closed","template":"page-essay.php","meta":{"footnotes":""},"class_list":["post-640","page","type-page","status-publish","hentry"],"_links":{"self":[{"href":"https:\/\/theclimatebook.org\/es\/wp-json\/wp\/v2\/pages\/640","targetHints":{"allow":["GET"]}}],"collection":[{"href":"https:\/\/theclimatebook.org\/es\/wp-json\/wp\/v2\/pages"}],"about":[{"href":"https:\/\/theclimatebook.org\/es\/wp-json\/wp\/v2\/types\/page"}],"author":[{"embeddable":true,"href":"https:\/\/theclimatebook.org\/es\/wp-json\/wp\/v2\/users\/5"}],"replies":[{"embeddable":true,"href":"https:\/\/theclimatebook.org\/es\/wp-json\/wp\/v2\/comments?post=640"}],"version-history":[{"count":0,"href":"https:\/\/theclimatebook.org\/es\/wp-json\/wp\/v2\/pages\/640\/revisions"}],"up":[{"embeddable":true,"href":"https:\/\/theclimatebook.org\/es\/wp-json\/wp\/v2\/pages\/610"}],"wp:attachment":[{"href":"https:\/\/theclimatebook.org\/es\/wp-json\/wp\/v2\/media?parent=640"}],"curies":[{"name":"wp","href":"https:\/\/api.w.org\/{rel}","templated":true}]}}