{"id":638,"date":"2022-09-06T12:19:39","date_gmt":"2022-09-06T12:19:39","guid":{"rendered":"https:\/\/theclimatebook.org\/notas-finales\/cuarta-parte-que-hemos-hecho-al-respecto\/energias-no-fosiles\/"},"modified":"2022-11-01T13:01:23","modified_gmt":"2022-11-01T13:01:23","slug":"energias-no-fosiles","status":"publish","type":"page","link":"https:\/\/theclimatebook.org\/es\/notas-finales\/cuarta-parte-que-hemos-hecho-al-respecto\/energias-no-fosiles\/","title":{"rendered":"Energ\u00edas no f\u00f3siles"},"content":{"rendered":"<div class=\"notes\">\n<p class=\"date\">Todas las fuentes en l\u00ednea se consultaron el <time datetime=\"2022-03-04\">4 de marzo de 2022<\/time><\/p>\n<ol start=\"228\">\n<li>\n<p>\n<q>el 96 por ciento del hidr\u00f3geno se obtiene de combustibles f\u00f3siles<\/q> Vaughan, A., <cite>\u2018Europe wants to use hydrogen to slow climate change \u2013 will it work?\u2019<\/cite>, <span class=\"book\">New Scientist<\/span>, 7 de julio de 2020, <a href=\"https:\/\/www.newscientist.com\/article\/2248140-europe-wants-to-use-hydrogen-to-slow-climate-change-will-it-work\/#:~:text=Globally%2C%20around%2096%20per%20cent,coal%20and%20gas%20power%20stations\" target=\"_blank\" rel=\"noopener\">https:\/\/www.newscientist.com\/article\/2248140-europe-wants-to-use-hydrogen-to-slow-climate-change-will-it-work\/#:~:text=Globally%2C%20around%2096%20per%20cent,coal%20and%20gas%20power%20stations<\/a>.\n<\/p>\n<p>\n<q>emitiendo m\u00e1s gases de efecto invernadero de los que capturaba<\/q> Global Witness, <cite>\u2018Hydrogen\u2019s hidden emissions\u2019<\/cite>, 20 de enero de 2022, <a href=\"https:\/\/www.globalwitness.org\/en\/campaigns\/fossil-gas\/shell-hydrogen-true-emissions\/\" target=\"_blank\" rel=\"noopener\">https:\/\/www.globalwitness.org\/en\/campaigns\/fossil-gas\/shell-hydrogen-true-emissions\/<\/a>\n<\/p>\n<\/li>\n<li>\n<p>\n<q>del 17 por ciento de las emisiones que produce el gas f\u00f3sil<\/q> Gonzales, V., <cite>\u2018Geothermal energy 101\u2019<\/cite>, Resources for the Future, 11 de septiembre de 2020, <a href=\"https:\/\/www.rff.org\/publications\/explainers\/geothermal-energy-101\/#:~:text=For%20comparison%2C%20geothermal%20fields%20only,type%20of%20fossil%2Dfuel%20plant\" target=\"_blank\" rel=\"noopener\">https:\/\/www.rff.org\/publications\/explainers\/geothermal-energy-101\/#:~:text=For%20comparison%2C%20geothermal%20fields%20only,type%20of%20fossil%2Dfuel%20plant<\/a>.\n<\/p>\n<\/li>\n<\/ol>\n<\/div>\n","protected":false},"excerpt":{"rendered":"<p>Todas las fuentes en l\u00ednea se consultaron el 4 de marzo de 2022 el 96 por ciento del hidr\u00f3geno se obtiene de combustibles f\u00f3siles Vaughan, A., \u2018Europe wants to use hydrogen to slow climate change \u2013 will it work?\u2019, New Scientist, 7 de julio de 2020, https:\/\/www.newscientist.com\/article\/2248140-europe-wants-to-use-hydrogen-to-slow-climate-change-will-it-work\/#:~:text=Globally%2C%20around%2096%20per%20cent,coal%20and%20gas%20power%20stations. emitiendo m\u00e1s gases de efecto invernadero de los&hellip;<\/p>\n","protected":false},"author":5,"featured_media":0,"parent":610,"menu_order":6,"comment_status":"closed","ping_status":"closed","template":"page-essay.php","meta":{"footnotes":""},"class_list":["post-638","page","type-page","status-publish","hentry"],"_links":{"self":[{"href":"https:\/\/theclimatebook.org\/es\/wp-json\/wp\/v2\/pages\/638","targetHints":{"allow":["GET"]}}],"collection":[{"href":"https:\/\/theclimatebook.org\/es\/wp-json\/wp\/v2\/pages"}],"about":[{"href":"https:\/\/theclimatebook.org\/es\/wp-json\/wp\/v2\/types\/page"}],"author":[{"embeddable":true,"href":"https:\/\/theclimatebook.org\/es\/wp-json\/wp\/v2\/users\/5"}],"replies":[{"embeddable":true,"href":"https:\/\/theclimatebook.org\/es\/wp-json\/wp\/v2\/comments?post=638"}],"version-history":[{"count":0,"href":"https:\/\/theclimatebook.org\/es\/wp-json\/wp\/v2\/pages\/638\/revisions"}],"up":[{"embeddable":true,"href":"https:\/\/theclimatebook.org\/es\/wp-json\/wp\/v2\/pages\/610"}],"wp:attachment":[{"href":"https:\/\/theclimatebook.org\/es\/wp-json\/wp\/v2\/media?parent=638"}],"curies":[{"name":"wp","href":"https:\/\/api.w.org\/{rel}","templated":true}]}}