{"id":636,"date":"2022-08-31T18:00:39","date_gmt":"2022-08-31T18:00:39","guid":{"rendered":"https:\/\/theclimatebook.org\/notas-finales\/segunda-parte-como-esta-cambiando-nuestro-planeta\/2-19-biodiversidad-terrestre\/"},"modified":"2022-11-01T13:01:17","modified_gmt":"2022-11-01T13:01:17","slug":"2-19-biodiversidad-terrestre","status":"publish","type":"page","link":"https:\/\/theclimatebook.org\/es\/notas-finales\/segunda-parte-como-esta-cambiando-nuestro-planeta\/2-19-biodiversidad-terrestre\/","title":{"rendered":"2.19 Biodiversidad terrestre"},"content":{"rendered":"<div class=\"notes\">\n<p class=\"author\"><a href=\"\/contributors#adriana-de-palma\" rel=\"author\">Adriana De Palma<\/a> y <a href=\"\/contributors#andy-purvis\" rel=\"author\">Andy Purvis<\/a><\/p>\n<p class=\"date\">Todas las fuentes en l\u00ednea se consultaron el <time datetime=\"2022-01-15\">15 de enero de 2022<\/time><\/p>\n<ol start=\"107\">\n<li>\n<p>\n<q>la caza contribuy\u00f3 a acabar con muchas especies de grandes mam\u00edferos<\/q> Purvis, A., et al., <cite>\u2018Status and trends \u2013 nature\u2019<\/cite>, en IPBES, <span class=\"book\">Global Assessment Report of the Intergovernmental Science-Policy Platform on Biodiversity and Ecosystem Services<\/span>, ed. E. S. Brondizio et al., 2019, <a href=\"https:\/\/doi.org\/10.5281\/zenodo.3832005\" target=\"_blank\" rel=\"noopener\">https:\/\/doi.org\/10.5281\/zenodo.3832005<\/a>.\n<\/p>\n<p>\n<q>Numerosos pueblos ind\u00edgenas [\u2026] a\u00fan gestionan as\u00ed sus tierras<\/q> Ibid.; Ellis, E. C., <cite>\u2018Land use and ecological change: a 12,000-year history\u2019<\/cite>, <span class=\"book\">Annual Review of Environment and Resources<\/span>, 46, 2021: 1\u201333, <a href=\"https:\/\/doi.org\/10.1146\/annurev-environ-012220-010822\" target=\"_blank\" rel=\"noopener\">https:\/\/doi.org\/10.1146\/annurev-environ-012220-010822<\/a>.\n<\/p>\n<p>\n<q>Nuestra huella [\u2026] se ve incluso desde el espacio<\/q> Watson, J. E. M., et al., <cite>\u2018Catastrophic declines in wilderness areas undermine global environment targets\u2019<\/cite>, <span class=\"book\">Current Biology<\/span>, 26 (21), 2016: 2929\u201334, <a href=\"https:\/\/doi.org\/10.1016\/j.cub.2016.08.049\" target=\"_blank\" rel=\"noopener\">https:\/\/doi.org\/10.1016\/j.cub.2016.08.049<\/a>.\n<\/p>\n<p>\n<q>cultivamos m\u00e1s del 30 por ciento de la tierra de manera cada vez m\u00e1s intensiva<\/q> Purvis et al., <cite>\u2018Status and trends\u2019<\/cite>.\n<\/p>\n<p>\n<q>Los efectos de esas amenazas en la naturaleza dependen mucho del lugar<\/q> Foley, J. A., et al., <cite>\u2018Global consequences of land use\u2019<\/cite>, <span class=\"book\">Science<\/span>, 309 (5734), 2005: 570\u201374, <a href=\"https:\/\/doi.org\/10.1126\/science.1111772\" target=\"_blank\" rel=\"noopener\">https:\/\/doi.org\/10.1126\/science.1111772<\/a>; Purvis et al., <cite>\u2018Status and trends\u2019<\/cite>.\n<\/p>\n<\/li>\n<li>\n<p>\n<q>En lugares en que ya est\u00e1 en marcha la tercera oleada<\/q> D\u00edaz, S., et al., <cite>\u2018Pervasive human-driven decline of life on Earth points to the need for transformative change\u2019<\/cite>, <span class=\"book\">Science<\/span>, 366 (6471), 2019: Article eaax3100, <a href=\"https:\/\/doi.org\/10.1126\/science.aax3100\" target=\"_blank\" rel=\"noopener\">https:\/\/doi.org\/10.1126\/science.aax3100<\/a><\/p>\n<p>\n<q>la biomasa vegetal y la cobertura boscosa global son ahora solo la mitad<\/q> Purvis et al., <cite>\u2018Status and trends\u2019<\/cite>.\n<\/p>\n<p>\n<q>Aunque la agricultura intensiva ha aumentado la producci\u00f3n<\/q> D\u00edaz et al., <cite>\u2018Pervasive human-driven decline of life on Earth\u2019<\/cite>.\n<\/p>\n<\/li>\n<li>\n<p>\n<q>la rata de cola de mosaico de Bramble Cay<\/q> Woinarski, J. C. Z., et al., <cite>\u2018The contribution of policy, law, management, research, and advocacy failings to the recent extinctions of three Australian vertebrate species\u2019<\/cite>, <span class=\"book\">Conservation Biology<\/span>, 31 (1), 2017: 13\u201323, <a href=\"https:\/\/doi.org\/10.1111\/cobi.12852\" target=\"_blank\" rel=\"noopener\">https:\/\/doi.org\/10.1111\/cobi.12852<\/a>.\n<\/p>\n<p>\n<q>a\u00fan no ha llevado a tanta p\u00e9rdida de biodiversidad como el uso de la tierra por parte del ser humano<\/q> Otto-P\u00f6rtner, H., et al.,  <cite><span class=\"book\">IPBES\u2013IPCC Co-sponsored Workshop Report on Biodiversity and Climate Change<\/span><\/cite>, Intergovernmental Science-Policy Platform on Biodiversity and Ecosystem Services and Intergovernmental Panel on Climate Change, 2021, <a href=\"https:\/\/doi.org\/10.5281\/zenodo.4782538\" target=\"_blank\" rel=\"noopener\">https:\/\/doi.org\/10.5281\/zenodo.4782538<\/a>.\n<\/p>\n<p>\n<q>un c\u00edrculo vicioso con el cambio clim\u00e1tico<\/q> Ibid.\n<\/p>\n<\/li>\n<\/ol>\n<\/div>\n","protected":false},"excerpt":{"rendered":"<p>Adriana De Palma y Andy Purvis Todas las fuentes en l\u00ednea se consultaron el 15 de enero de 2022 la caza contribuy\u00f3 a acabar con muchas especies de grandes mam\u00edferos Purvis, A., et al., \u2018Status and trends \u2013 nature\u2019, en IPBES, Global Assessment Report of the Intergovernmental Science-Policy Platform on Biodiversity and Ecosystem Services, ed.&hellip;<\/p>\n","protected":false},"author":5,"featured_media":0,"parent":588,"menu_order":19,"comment_status":"closed","ping_status":"closed","template":"page-essay.php","meta":{"footnotes":""},"class_list":["post-636","page","type-page","status-publish","hentry"],"_links":{"self":[{"href":"https:\/\/theclimatebook.org\/es\/wp-json\/wp\/v2\/pages\/636","targetHints":{"allow":["GET"]}}],"collection":[{"href":"https:\/\/theclimatebook.org\/es\/wp-json\/wp\/v2\/pages"}],"about":[{"href":"https:\/\/theclimatebook.org\/es\/wp-json\/wp\/v2\/types\/page"}],"author":[{"embeddable":true,"href":"https:\/\/theclimatebook.org\/es\/wp-json\/wp\/v2\/users\/5"}],"replies":[{"embeddable":true,"href":"https:\/\/theclimatebook.org\/es\/wp-json\/wp\/v2\/comments?post=636"}],"version-history":[{"count":0,"href":"https:\/\/theclimatebook.org\/es\/wp-json\/wp\/v2\/pages\/636\/revisions"}],"up":[{"embeddable":true,"href":"https:\/\/theclimatebook.org\/es\/wp-json\/wp\/v2\/pages\/588"}],"wp:attachment":[{"href":"https:\/\/theclimatebook.org\/es\/wp-json\/wp\/v2\/media?parent=636"}],"curies":[{"name":"wp","href":"https:\/\/api.w.org\/{rel}","templated":true}]}}