{"id":635,"date":"2022-09-06T12:14:51","date_gmt":"2022-09-06T12:14:51","guid":{"rendered":"https:\/\/theclimatebook.org\/notas-finales\/cuarta-parte-que-hemos-hecho-al-respecto\/4-6-el-ascenso-de-las-energias-renovables\/"},"modified":"2022-11-01T13:01:23","modified_gmt":"2022-11-01T13:01:23","slug":"4-6-el-ascenso-de-las-energias-renovables","status":"publish","type":"page","link":"https:\/\/theclimatebook.org\/es\/notas-finales\/cuarta-parte-que-hemos-hecho-al-respecto\/4-6-el-ascenso-de-las-energias-renovables\/","title":{"rendered":"4.6 El ascenso de las energ\u00edas renovables"},"content":{"rendered":"<div class=\"notes\">\n<p class=\"author\"><a href=\"\/contributors#glen-peters\" rel=\"author\">Glen Peters<\/a><\/p>\n<p class=\"date\">Todas las fuentes en l\u00ednea se consultaron el <time datetime=\"2022-03-04\">4 de marzo de 2022<\/time><\/p>\n<ol start=\"224\">\n<li>\n<p>\n<q>Durante doscientos a\u00f1os, las emisiones globales de CO<sub>2<\/sub> han crecido<\/q> Stoddard, I., et al., <cite>\u2018Three decades of climate mitigation: why haven\u2019t we bent the global emissions curve?\u2019<\/cite>, <span class=\"book\">Annual Review of Environment and Resources<\/span>, 46, 2021: 653\u201389, <a href=\"https:\/\/doi.org\/10.1146\/annurev-environ-012220-011104\" target=\"_blank\" rel=\"noopener\">https:\/\/doi.org\/10.1146\/annurev-environ-012220-011104<\/a>.\n<\/p>\n<p>\n<q>est\u00e1 ahora en el nivel m\u00e1s alto desde la d\u00e9cada de 1950<\/q> Ibid.\n<\/p>\n<p>\n<q>en los pa\u00edses de altos ingresos, las emisiones de CO<sub>2<\/sub> est\u00e1n reduci\u00e9ndose<\/q> Friedlingstein, P., et al., <cite>\u2018Global carbon budget 2021\u2019<\/cite>, <span class=\"book\">Earth System Science Data<\/span>, 14 (4), 2022: 1917\u20132005, <a href=\"https:\/\/doi.org\/10.5194\/essd-14-1917-2022\" target=\"_blank\" rel=\"noopener\">https:\/\/doi.org\/10.5194\/essd-14-1917-2022<\/a>.\n<\/p>\n<\/li>\n<\/ol>\n<\/div>\n","protected":false},"excerpt":{"rendered":"<p>Glen Peters Todas las fuentes en l\u00ednea se consultaron el 4 de marzo de 2022 Durante doscientos a\u00f1os, las emisiones globales de CO2 han crecido Stoddard, I., et al., \u2018Three decades of climate mitigation: why haven\u2019t we bent the global emissions curve?\u2019, Annual Review of Environment and Resources, 46, 2021: 653\u201389, https:\/\/doi.org\/10.1146\/annurev-environ-012220-011104. est\u00e1 ahora en&hellip;<\/p>\n","protected":false},"author":5,"featured_media":0,"parent":610,"menu_order":6,"comment_status":"closed","ping_status":"closed","template":"page-essay.php","meta":{"footnotes":""},"class_list":["post-635","page","type-page","status-publish","hentry"],"_links":{"self":[{"href":"https:\/\/theclimatebook.org\/es\/wp-json\/wp\/v2\/pages\/635","targetHints":{"allow":["GET"]}}],"collection":[{"href":"https:\/\/theclimatebook.org\/es\/wp-json\/wp\/v2\/pages"}],"about":[{"href":"https:\/\/theclimatebook.org\/es\/wp-json\/wp\/v2\/types\/page"}],"author":[{"embeddable":true,"href":"https:\/\/theclimatebook.org\/es\/wp-json\/wp\/v2\/users\/5"}],"replies":[{"embeddable":true,"href":"https:\/\/theclimatebook.org\/es\/wp-json\/wp\/v2\/comments?post=635"}],"version-history":[{"count":0,"href":"https:\/\/theclimatebook.org\/es\/wp-json\/wp\/v2\/pages\/635\/revisions"}],"up":[{"embeddable":true,"href":"https:\/\/theclimatebook.org\/es\/wp-json\/wp\/v2\/pages\/610"}],"wp:attachment":[{"href":"https:\/\/theclimatebook.org\/es\/wp-json\/wp\/v2\/media?parent=635"}],"curies":[{"name":"wp","href":"https:\/\/api.w.org\/{rel}","templated":true}]}}