{"id":634,"date":"2022-09-06T11:57:15","date_gmt":"2022-09-06T11:57:15","guid":{"rendered":"https:\/\/theclimatebook.org\/notas-finales\/cuarta-parte-que-hemos-hecho-al-respecto\/4-4-no-estamos-avanzando-en-la-direccion-correcta\/"},"modified":"2022-11-07T09:04:51","modified_gmt":"2022-11-07T09:04:51","slug":"4-4-no-estamos-avanzando-en-la-direccion-correcta","status":"publish","type":"page","link":"https:\/\/theclimatebook.org\/es\/notas-finales\/cuarta-parte-que-hemos-hecho-al-respecto\/4-4-no-estamos-avanzando-en-la-direccion-correcta\/","title":{"rendered":"4.4 No estamos avanzando en la direcci\u00f3n correcta"},"content":{"rendered":"<div class=\"notes\">\n<p class=\"author\"><a href=\"\/contributors#greta-thunberg\" rel=\"author\">Greta Thunberg<\/a><\/p>\n<p class=\"date\">Todas las fuentes en l\u00ednea se consultaron el <time datetime=\"2022-02-24\">24 de febrero de 2022<\/time><\/p>\n<ol start=\"216\">\n<li>\n<p>\n<q>seg\u00fan los c\u00e1lculos de Peter Kalmus, cient\u00edfico del clima<\/q> Kalmus, P., <cite>\u2018Today the world\u2019s biggest carbon capture facility turned on\u2019<\/cite>, Twitter, 9 de septiembre de 2021, <a href=\"https:\/\/techstory.in\/orca-worlds-largest-carbon-capturing-facility-just-opened-in-iceland\/\" target=\"_blank\" rel=\"noopener\">https:\/\/techstory.in\/orca-worlds-largest-carbon-capturing-facility-just-opened-in-iceland\/<\/a>, <a href=\"https:\/\/www.businessinsider.nl\/the-worlds-biggest-carbon-removal-plant-just-opened-in-a-year-itll-negate-just-3-seconds-worth-of-global-emissions\/\" target=\"_blank\" rel=\"noopener\">https:\/\/www.businessinsider.nl\/the-worlds-biggest-carbon-removal-plant-just-opened-in-a-year-itll-negate-just-3-seconds-worth-of-global-emissions\/<\/a>.\n<\/p>\n<p>\n<q>se trata de convertirlos en varias semanas <\/q> Cada a\u00f1o emitimos normalmente alrededor de 42GT de CO2. Esto supone alrededor de 0,8 GT semanales. Como ejemplo, la hoja de ruta de IEA Cero Neto para 2050 (de 2021) estima que la captaci\u00f3n global de CO2 hacia 2050 ha de ser de 7,6 GT de CO2 anual. Esto equivale a unas 9,5 semanas de los niveles actuals de emisiones. Se estima que la captaci\u00f3n de CO2 en el a\u00f1o 2050 mediante \u00fanicamente Captaci\u00f3n Directa de Aire (CDA) ser\u00e1 de \u201csolo menos de 1 GT\u201d.<br \/>\n<a href=\"https:\/\/www.unepfi.org\/industries\/investment\/net-zero-asset-owner-alliance-backs-call-to-scale-up-carbon-removal-from-atmosphere\/\" target=\"_blank\" rel=\"noopener\">https:\/\/www.unepfi.org\/industries\/investment\/net-zero-asset-owner-alliance-backs-call-to-scale-up-carbon-removal-from-atmosphere\/<\/a>, <a href=\"https:\/\/iea.blob.core.windows.net\/assets\/deebef5d-0c34-4539-9d0c-10b13d840027\/NetZeroby2050-ARoadmapfortheGlobalEnergySector_CORR.pdf\" target=\"_blank\" rel=\"noopener\">https:\/\/iea.blob.core.windows.net\/assets\/deebef5d-0c34-4539-9d0c-10b13d840027\/NetZeroby2050-ARoadmapfortheGlobalEnergySector_CORR.pdf<\/a>.<\/p>\n<p>\n<q>Cada una de sus perspectivas y promesas dependen<\/q><br \/>\n<a href=\"https:\/\/unfccc.int\/news\/cop26-update-to-the-ndc-synthesis-report\" target=\"_blank\" rel=\"noopener\">https:\/\/unfccc.int\/news\/cop26-update-to-the-ndc-synthesis-report<\/a>.\n<\/p>\n<p>\n<q>un m\u00edsero 2 por ciento<\/q><br \/>\n<a href=\"https:\/\/www.iea.org\/news\/with-only-2-of-governments-recovery-spending-going-to-clean-energy-transitions-global-emissions-are-set-to-surge-to-an-all-time-high\" target=\"_blank\" rel=\"noopener\">https:\/\/www.iea.org\/news\/with-only-2-of-governments-recovery-spending-going-to-clean-energy-transitions-global-emissions-are-set-to-surge-to-an-all-time-high<\/a>.\n<\/p>\n<p>\n<q>su nivel m\u00e1s alto desde la presidencia de George W. Bush<\/q><br \/>\n<a href=\"https:\/\/apnews.com\/article\/joe-biden-business-science-environment-and-nature-6ac8ff49970e4b052489678b40e3ba82.\" target=\"_blank\" rel=\"noopener\">https:\/\/apnews.com\/article\/joe-biden-business-science-environment-and-nature-6ac8ff49970e4b052489678b40e3ba82.<\/a>.\n<\/p>\n<p>\n<q>La electricidad generada mediante carbon alcanz\u00f3 un m\u00e1ximo absoluto<\/q><br \/>\n<a href=\"https:\/\/www.reuters.com\/markets\/commodities\/global-2021-coal-fired-electricity-generation-surges-record-high-2022-07-21\/\" target=\"_blank\" rel=\"noopener\">\thttps:\/\/www.reuters.com\/markets\/commodities\/global-2021-coal-fired-electricity-generation-surges-record-high-2022-07-21\/<\/a>.\n<\/p>\n<p>\n<q>el segundo mayor aumento de las emisiones jam\u00e1s registrado<\/q><br \/>\n<a href=\"https:\/\/www.iea.org\/news\/global-carbon-dioxide-emissions-are-set-for-their-second-biggest-increase-in-history\" target=\"_blank\" rel=\"noopener\">https:\/\/www.iea.org\/news\/global-carbon-dioxide-emissions-are-set-for-their-second-biggest-increase-in-history<\/a>.\n<\/p>\n<\/li>\n<li>\n<p>\n<q>se subvencion\u00f3 con 5,9 billones de d\u00f3lares solo en 2020<\/q> Parry, I. W. H., et al., <cite><span class=\"book\">Still Not Getting Energy Prices Right: A Global and Country Update of Fossil Fuel Subsidies<\/span><\/cite>, International Monetary Fund (documento de trabajo), 24 de septiembre de 2021, <a href=\"https:\/\/www.imf.org\/en\/Publications\/WP\/Issues\/2021\/09\/23\/Still-Not-Getting-Energy-Prices-Right-A-Global-and-Country-Update-of-Fossil-Fuel-Subsidies-466004\" target=\"_blank\" rel=\"noopener\">https:\/\/www.imf.org\/en\/Publications\/WP\/Issues\/2021\/09\/23\/Still-Not-Getting-Energy-Prices-Right-A-Global-and-Country-Update-of-Fossil-Fuel-Subsidies-466004<\/a>.\n<\/p>\n<p>\n<q>se hab\u00eda invertido un m\u00edsero 2 por ciento en la energ\u00eda verde<\/q> International Energy Agency, <cite>\u2018Sustainable recovery tracker: monitoring progress towards sustainable recoveries from the Covid-19 crisis\u2019<\/cite>, 2021, <a href=\"https:\/\/www.iea.org\/reports\/sustainable-recovery-tracker\" target=\"_blank\" rel=\"noopener\">https:\/\/www.iea.org\/reports\/sustainable-recovery-tracker<\/a>.\n<\/p>\n<p>\n<q>China ha previsto construir cuarenta y tres nuevas centrales el\u00e9ctricas de carb\u00f3n<\/q> Gunia, A., <cite>\u2018China is planning to build 43 new coal-fired power plants. Can it still keep its promises to cut emissions?\u2019<\/cite>, <span class=\"book\">Time<\/span>, 20 de Agosto de 2021, <a href=\"https:\/\/time.com\/6090732\/china-coal-power-plants-emissions\/\" target=\"_blank\" rel=\"noopener\">https:\/\/time.com\/6090732\/china-coal-power-plants-emissions\/<\/a>.\n<\/p>\n<\/li>\n<li>\n<p>\n<q>hacia 2030 se espera un aumento del 16 por ciento<\/q> Secretariat of the United Nations Framework Convention on Climate Change, <cite><span class=\"book\">Nationally Determined Contributions under the Paris Agreement: Synthesis Report<\/span><\/cite>, 17 de septiembre de 2021, <a href=\"https:\/\/unfccc.int\/sites\/default\/files\/resource\/cma2021_08E.pdf\" target=\"_blank\" rel=\"noopener\">https:\/\/unfccc.int\/sites\/default\/files\/resource\/cma2021_08E.pdf<\/a>.\n<\/p>\n<p>\n<q>en 2021 los incendios forestales a escala mundial generaron el equivalente a 6.450 megatoneladas de di\u00f3xido de carbono<\/q> Copernicus Atmosphere Monitoring Service, <cite>\u2018Wildfires wreaked havoc in 2021, CAMS tracked their impact\u2019<\/cite>, 6 de diciembre de 2021, <a href=\"https:\/\/atmosphere.copernicus.eu\/wildfires-wreaked-havoc-2021-cams-tracked-their-impact\" target=\"_blank\" rel=\"noopener\">https:\/\/atmosphere.copernicus.eu\/wildfires-wreaked-havoc-2021-cams-tracked-their-impact<\/a>.\n<\/p>\n<\/li>\n<\/ol>\n<\/div>\n","protected":false},"excerpt":{"rendered":"<p>Greta Thunberg Todas las fuentes en l\u00ednea se consultaron el 24 de febrero de 2022 seg\u00fan los c\u00e1lculos de Peter Kalmus, cient\u00edfico del clima Kalmus, P., \u2018Today the world\u2019s biggest carbon capture facility turned on\u2019, Twitter, 9 de septiembre de 2021, https:\/\/techstory.in\/orca-worlds-largest-carbon-capturing-facility-just-opened-in-iceland\/, https:\/\/www.businessinsider.nl\/the-worlds-biggest-carbon-removal-plant-just-opened-in-a-year-itll-negate-just-3-seconds-worth-of-global-emissions\/. se trata de convertirlos en varias semanas Cada a\u00f1o emitimos normalmente alrededor&hellip;<\/p>\n","protected":false},"author":5,"featured_media":0,"parent":610,"menu_order":4,"comment_status":"closed","ping_status":"closed","template":"page-essay.php","meta":{"footnotes":""},"class_list":["post-634","page","type-page","status-publish","hentry"],"_links":{"self":[{"href":"https:\/\/theclimatebook.org\/es\/wp-json\/wp\/v2\/pages\/634","targetHints":{"allow":["GET"]}}],"collection":[{"href":"https:\/\/theclimatebook.org\/es\/wp-json\/wp\/v2\/pages"}],"about":[{"href":"https:\/\/theclimatebook.org\/es\/wp-json\/wp\/v2\/types\/page"}],"author":[{"embeddable":true,"href":"https:\/\/theclimatebook.org\/es\/wp-json\/wp\/v2\/users\/5"}],"replies":[{"embeddable":true,"href":"https:\/\/theclimatebook.org\/es\/wp-json\/wp\/v2\/comments?post=634"}],"version-history":[{"count":0,"href":"https:\/\/theclimatebook.org\/es\/wp-json\/wp\/v2\/pages\/634\/revisions"}],"up":[{"embeddable":true,"href":"https:\/\/theclimatebook.org\/es\/wp-json\/wp\/v2\/pages\/610"}],"wp:attachment":[{"href":"https:\/\/theclimatebook.org\/es\/wp-json\/wp\/v2\/media?parent=634"}],"curies":[{"name":"wp","href":"https:\/\/api.w.org\/{rel}","templated":true}]}}