{"id":633,"date":"2022-09-06T11:46:40","date_gmt":"2022-09-06T11:46:40","guid":{"rendered":"https:\/\/theclimatebook.org\/notas-finales\/cuarta-parte-que-hemos-hecho-al-respecto\/4-3-la-verdad-sobre-los-objetivos-climaticos-de-los-gobiernos\/"},"modified":"2022-11-07T08:59:11","modified_gmt":"2022-11-07T08:59:11","slug":"4-3-la-verdad-sobre-los-objetivos-climaticos-de-los-gobiernos","status":"publish","type":"page","link":"https:\/\/theclimatebook.org\/es\/notas-finales\/cuarta-parte-que-hemos-hecho-al-respecto\/4-3-la-verdad-sobre-los-objetivos-climaticos-de-los-gobiernos\/","title":{"rendered":"4.3 La verdad sobre los objetivos clim\u00e1ticos de los gobiernos"},"content":{"rendered":"<div class=\"notes\">\n<p class=\"author\"><a href=\"\/contributors#alexandra-urisman-otto\" rel=\"author\">Alexandra Urisman Otto<\/a><\/p>\n<p class=\"date\">Todas las fuentes en l\u00ednea se consultaron el <time datetime=\"2022-03-13\">13 de marzo de 2022<\/time><\/p>\n<ol start=\"211\">\n<li>\n<p>\n<q>es la cifra que siempre aparece en los debates pol\u00edticos y en las estad\u00edsticas oficiales<\/q> <a href=\"https:\/\/www.naturvardsverket.se\/om-oss\/aktuellt\/nyheter-och-pressmeddelanden\/sveriges-klimatutslapp-okade-med-fyra-procent-under-2021\/\" target=\"_blank\" rel=\"noopener\">https:\/\/www.naturvardsverket.se\/om-oss\/aktuellt\/nyheter-och-pressmeddelanden\/sveriges-klimatutslapp-okade-med-fyra-procent-under-2021\/<\/a>\n<\/p>\n<p>\n<q>la evaluaci\u00f3n de la [\u2026] Agencia Sueca de Protecci\u00f3n Ambiental<\/q> <a href=\"https:\/\/www.naturvardsverket.se\/om-oss\/aktuellt\/nyheter-och-pressmeddelanden\/sveriges-klimatutslapp-okade-med-fyra-procent-under-2021\/\" target=\"_blank\" rel=\"noopener\">https:\/\/www.naturvardsverket.se\/om-oss\/aktuellt\/nyheter-och-pressmeddelanden\/sveriges-klimatutslapp-okade-med-fyra-procent-under-2021\/<\/a>.\n<\/p>\n<p>\n<q>Cuando se a\u00f1aden las emisiones del consumo<\/q><br \/>\n<a href=\"https:\/\/web.archive.org\/web\/20210416194222\/\" target=\"_blank\" rel=\"noopener\">https:\/\/web.archive.org\/web\/20210416194222\/<\/a>, <a href=\"https:\/\/naturvardsverket.se\/Sa-mar-miljon\/Statistik-A-O\/Vaxthusgaser-konsumtionsbaserade-utslapp-Sverige-och-andra-lander\/\" target=\"_blank\" rel=\"noopener\">https:\/\/naturvardsverket.se\/Sa-mar-miljon\/Statistik-A-O\/Vaxthusgaser-konsumtionsbaserade-utslapp-Sverige-och-andra-lander\/<\/a>.\n<\/p>\n<p>\n<q>y la combusti\u00f3n de biomasa<\/q><br \/>\n<a href=\"https:\/\/www.statistikdatabasen.scb.se\/pxweb\/sv\/ssd\/START__MI__MI0107\/TotaltUtslappN\/\" target=\"_blank\" rel=\"noopener\">https:\/\/www.statistikdatabasen.scb.se\/pxweb\/sv\/ssd\/START__MI__MI0107\/TotaltUtslappN\/<\/a>.\n<\/p>\n<p>\n<q>Suecia necesitar\u00eda reducciones porcentuales de dos cifras al a\u00f1o para contribuir de forma justa a la transici\u00f3n<\/q><br \/>\n<a href=\"https:\/\/www.tandfonline.com\/doi\/full\/10.1080\/14693062.2020.1728209\" target=\"_blank\" rel=\"noopener\">https:\/\/www.tandfonline.com\/doi\/full\/10.1080\/14693062.2020.1728209<\/a>.\n<\/p>\n<\/li>\n<li>\n<p>\n<q>la evaluaci\u00f3n de la [&#8230;] Agencia Sueca de Protecci\u00f3n Ambiental<\/q> Naturv\u00e5rdsverket, <cite>\u2018Underlag till regeringens klimatpolitiska handlingsplan\u2019<\/cite>, <a href=\"https:\/\/www.naturvardsverket.se\/om-oss\/publikationer\/6800\/underlag-till-regeringens-klimatpolitiska-handlingsplan\/\" target=\"_blank\" rel=\"noopener\">https:\/\/www.naturvardsverket.se\/om-oss\/publikationer\/6800\/underlag-till-regeringens-klimatpolitiska-handlingsplan\/<\/a>.\n<\/p>\n<\/li>\n<li>\n<p>\n<q>la publicaci\u00f3n del reportaje en verano<\/q><br \/>\n<a href=\"https:\/\/www.dn.se\/sverige\/sverige-ska-ga-fore-anda-ar-klimatmalen-langt-ifran-tillrackliga\/\" target=\"_blank\" rel=\"noopener\">https:\/\/www.dn.se\/sverige\/sverige-ska-ga-fore-anda-ar-klimatmalen-langt-ifran-tillrackliga\/<\/a>.\n<\/p>\n<\/li>\n<li>\n<p>\n<q>\u00abSi hoy en d\u00eda estamos calculando mal las emisiones\u00bb<\/q> Mooney, C., et al., <cite>\u2018Countries\u2019 climate pledges built on flawed data, Post investigation finds\u2019<\/cite>, <span class=\"book\">Washington Post<\/span>, 7 de noviembre de 2021, <a href=\"https:\/\/www.washingtonpost.com\/climate-environment\/interactive\/2021\/greenhouse-gas-emissions-pledges-data\/\" target=\"_blank\" rel=\"noopener\">https:\/\/www.washingtonpost.com\/climate-environment\/interactive\/2021\/greenhouse-gas-emissions-pledges-data\/<\/a>.\n<\/p>\n<\/li>\n<\/ol>\n<\/div>\n","protected":false},"excerpt":{"rendered":"<p>Alexandra Urisman Otto Todas las fuentes en l\u00ednea se consultaron el 13 de marzo de 2022 es la cifra que siempre aparece en los debates pol\u00edticos y en las estad\u00edsticas oficiales https:\/\/www.naturvardsverket.se\/om-oss\/aktuellt\/nyheter-och-pressmeddelanden\/sveriges-klimatutslapp-okade-med-fyra-procent-under-2021\/ la evaluaci\u00f3n de la [\u2026] Agencia Sueca de Protecci\u00f3n Ambiental https:\/\/www.naturvardsverket.se\/om-oss\/aktuellt\/nyheter-och-pressmeddelanden\/sveriges-klimatutslapp-okade-med-fyra-procent-under-2021\/. Cuando se a\u00f1aden las emisiones del consumo https:\/\/web.archive.org\/web\/20210416194222\/, https:\/\/naturvardsverket.se\/Sa-mar-miljon\/Statistik-A-O\/Vaxthusgaser-konsumtionsbaserade-utslapp-Sverige-och-andra-lander\/. y la combusti\u00f3n&hellip;<\/p>\n","protected":false},"author":5,"featured_media":0,"parent":610,"menu_order":3,"comment_status":"closed","ping_status":"closed","template":"page-essay.php","meta":{"footnotes":""},"class_list":["post-633","page","type-page","status-publish","hentry"],"_links":{"self":[{"href":"https:\/\/theclimatebook.org\/es\/wp-json\/wp\/v2\/pages\/633","targetHints":{"allow":["GET"]}}],"collection":[{"href":"https:\/\/theclimatebook.org\/es\/wp-json\/wp\/v2\/pages"}],"about":[{"href":"https:\/\/theclimatebook.org\/es\/wp-json\/wp\/v2\/types\/page"}],"author":[{"embeddable":true,"href":"https:\/\/theclimatebook.org\/es\/wp-json\/wp\/v2\/users\/5"}],"replies":[{"embeddable":true,"href":"https:\/\/theclimatebook.org\/es\/wp-json\/wp\/v2\/comments?post=633"}],"version-history":[{"count":0,"href":"https:\/\/theclimatebook.org\/es\/wp-json\/wp\/v2\/pages\/633\/revisions"}],"up":[{"embeddable":true,"href":"https:\/\/theclimatebook.org\/es\/wp-json\/wp\/v2\/pages\/610"}],"wp:attachment":[{"href":"https:\/\/theclimatebook.org\/es\/wp-json\/wp\/v2\/media?parent=633"}],"curies":[{"name":"wp","href":"https:\/\/api.w.org\/{rel}","templated":true}]}}