{"id":631,"date":"2022-09-06T11:32:07","date_gmt":"2022-09-06T11:32:07","guid":{"rendered":"https:\/\/theclimatebook.org\/notas-finales\/cuarta-parte-que-hemos-hecho-al-respecto\/4-1-como-vamos-a-enmendar-nuestros-errores-si-somos-incapaces-de-reconocerlos\/"},"modified":"2022-11-01T13:01:22","modified_gmt":"2022-11-01T13:01:22","slug":"4-1-como-vamos-a-enmendar-nuestros-errores-si-somos-incapaces-de-reconocerlos","status":"publish","type":"page","link":"https:\/\/theclimatebook.org\/es\/notas-finales\/cuarta-parte-que-hemos-hecho-al-respecto\/4-1-como-vamos-a-enmendar-nuestros-errores-si-somos-incapaces-de-reconocerlos\/","title":{"rendered":"4.1 \u00bfC\u00f3mo vamos a enmendar nuestros errores si somos incapaces de reconocerlos?"},"content":{"rendered":"<div class=\"notes\">\n<p class=\"author\"><a href=\"\/contributors#greta-thunberg\" rel=\"author\">Greta Thunberg<\/a><\/p>\n<p class=\"date\">Todas las fuentes en l\u00ednea se consultaron el <time datetime=\"2022-02-04\">4 de febrero de 2022<\/time><\/p>\n<ol start=\"201\">\n<li>\n<p>\n<q>solo estaba incluido un tercio de las emisiones reales<\/q> <cite>\u2018Klimatpolitiken r\u00e4cker bara halvv\u00e4gs \u2013 f\u00f6r att n\u00e5 redan bristf\u00e4lliga m\u00e5l\u2019<\/cite>, <span class=\"book\">Dagens Nyheter<\/span>, 25 de julio de 2021, <a href=\"https:\/\/www.dn.se\/sverige\/klimatpolitiken-racker-bara-halvvags-for-att-na-redan-bristfalliga-mal\/\" target=\"_blank\" rel=\"noopener\">https:\/\/www.dn.se\/sverige\/klimatpolitiken-racker-bara-halvvags-for-att-na-redan-bristfalliga-mal\/<\/a>.\n<\/p>\n<p>\n<q>no es un fen\u00f3meno en absoluto exclusivo<\/q> Mooney, C., et al., <cite>\u2018Countries\u2019 climate pledges built on flawed data, Post investigation finds\u2019<\/cite>, <span class=\"book\">Washington Post<\/span>, 7 de noviembre de 2021, <a href=\"https:\/\/www.washingtonpost.com\/climate-environment\/interactive\/2021\/greenhouse-gas-emissions-pledges-data\/\" target=\"_blank\" rel=\"noopener\">https:\/\/www.washingtonpost.com\/climate-environment\/interactive\/2021\/greenhouse-gas-emissions-pledges-data\/<\/a>.\n<\/p>\n<\/li>\n<\/ol>\n<\/div>\n","protected":false},"excerpt":{"rendered":"<p>Greta Thunberg Todas las fuentes en l\u00ednea se consultaron el 4 de febrero de 2022 solo estaba incluido un tercio de las emisiones reales \u2018Klimatpolitiken r\u00e4cker bara halvv\u00e4gs \u2013 f\u00f6r att n\u00e5 redan bristf\u00e4lliga m\u00e5l\u2019, Dagens Nyheter, 25 de julio de 2021, https:\/\/www.dn.se\/sverige\/klimatpolitiken-racker-bara-halvvags-for-att-na-redan-bristfalliga-mal\/. no es un fen\u00f3meno en absoluto exclusivo Mooney, C., et al., \u2018Countries\u2019&hellip;<\/p>\n","protected":false},"author":5,"featured_media":0,"parent":610,"menu_order":1,"comment_status":"closed","ping_status":"closed","template":"page-essay.php","meta":{"footnotes":""},"class_list":["post-631","page","type-page","status-publish","hentry"],"_links":{"self":[{"href":"https:\/\/theclimatebook.org\/es\/wp-json\/wp\/v2\/pages\/631","targetHints":{"allow":["GET"]}}],"collection":[{"href":"https:\/\/theclimatebook.org\/es\/wp-json\/wp\/v2\/pages"}],"about":[{"href":"https:\/\/theclimatebook.org\/es\/wp-json\/wp\/v2\/types\/page"}],"author":[{"embeddable":true,"href":"https:\/\/theclimatebook.org\/es\/wp-json\/wp\/v2\/users\/5"}],"replies":[{"embeddable":true,"href":"https:\/\/theclimatebook.org\/es\/wp-json\/wp\/v2\/comments?post=631"}],"version-history":[{"count":0,"href":"https:\/\/theclimatebook.org\/es\/wp-json\/wp\/v2\/pages\/631\/revisions"}],"up":[{"embeddable":true,"href":"https:\/\/theclimatebook.org\/es\/wp-json\/wp\/v2\/pages\/610"}],"wp:attachment":[{"href":"https:\/\/theclimatebook.org\/es\/wp-json\/wp\/v2\/media?parent=631"}],"curies":[{"name":"wp","href":"https:\/\/api.w.org\/{rel}","templated":true}]}}