{"id":630,"date":"2022-09-05T15:57:46","date_gmt":"2022-09-05T15:57:46","guid":{"rendered":"https:\/\/theclimatebook.org\/notas-finales\/tercera-parte-como-nos-afecta\/3-20-el-verdadero-coste-del-cambio-climatico\/"},"modified":"2022-11-01T13:01:22","modified_gmt":"2022-11-01T13:01:22","slug":"3-20-el-verdadero-coste-del-cambio-climatico","status":"publish","type":"page","link":"https:\/\/theclimatebook.org\/es\/notas-finales\/tercera-parte-como-nos-afecta\/3-20-el-verdadero-coste-del-cambio-climatico\/","title":{"rendered":"3.20 El verdadero coste del cambio clim\u00e1tico"},"content":{"rendered":"<div class=\"notes\">\n<p class=\"author\"><a href=\"\/contributors#eugene-linden\" rel=\"author\">Eugene Linden<\/a><\/p>\n<p class=\"date\">Todas las fuentes en l\u00ednea se consultaron el <time datetime=\"2022-03-04\">4 de marzo de 2022<\/time><\/p>\n<ol start=\"191\">\n<li>\n<p>\n<q>una insignificante cuarta parte del 1 por ciento del PIB<\/q> Nordhaus, W. D., <cite>\u2018Rolling the \u201cDICE\u201d: an optimal transition path for controlling greenhouse gases\u2019\u2018Rolling the \u201cDICE\u201d: an optimal transition path for controlling greenhouse gases\u2019<\/cite>, <span class=\"book\">Resource and Energy Economics<\/span>, 15 (1), 1993, 27\u201350, <a href=\"https:\/\/doi.org\/10.1016\/0928-7655(93)90017-O\" target=\"_blank\" rel=\"noopener\">https:\/\/doi.org\/10.1016\/0928-7655(93)90017-O<\/a>.\n<\/p>\n<\/li>\n<li>\n<p>\n<q>la factura econ\u00f3mica global de un calentamiento de 2 \u00b0C ser\u00eda de 69 billones de d\u00f3lares<\/q> Lafakis, C., et al., <cite><span class=\"book\">The Economic Implications of Climate Change<\/span><\/cite>, Moody\u2019s Analytics, junio de 2021, <a href=\"https:\/\/www.moodysanalytics.com\/-\/media\/article\/2019\/economic-implications-of-climate-change.pdf\" target=\"_blank\" rel=\"noopener\">https:\/\/www.moodysanalytics.com\/-\/media\/article\/2019\/economic-implications-of-climate-change.pdf<\/a>.\n<\/p>\n<p>\n<q>un perjuicio econ\u00f3mico que ser\u00eda tres veces el de la pandemia de la COVID-19<\/q> Guo, J., et al., <cite><span class=\"book\">The Economics of Climate Change: No Action Not an Option<\/span><\/cite>, Swiss Re Institute, abril de 2021, <a href=\"https:\/\/www.swissre.com\/dam\/jcr:e73ee7c3-7f83-4c17-a2b8-8ef23a8d3312\/swiss-re-institute-expertise-publication-economics-of-climate-change.pdf\" target=\"_blank\" rel=\"noopener\">https:\/\/www.swissre.com\/dam\/jcr:e73ee7c3-7f83-4c17-a2b8-8ef23a8d3312\/swiss-re-institute-expertise-publication-economics-of-climate-change.pdf<\/a>.\n<\/p>\n<\/li>\n<li>\n<p>\n<q>En la segunda d\u00e9cada, la cifra lleg\u00f3 a 3 billones de d\u00f3lares<\/q> Aon, <cite><span class=\"book\">Weather Climate and Catastrophe Insight: 2019 Annual Report<\/span><\/cite>, 2019, <a href=\"https:\/\/www.aon.com\/global-weather-catastrophe-natural-disasters-costs-climate-change-2019-annual-report\/index.html?utm_source=prnewswire&#038;utm_medium=mediarelease&#038;utm_campaign=natcat20\" target=\"_blank\" rel=\"noopener\">https:\/\/www.aon.com\/global-weather-catastrophe-natural-disasters-costs-climate-change-2019-annual-report\/index.html?utm_source=prnewswire&#038;utm_medium=mediarelease&#038;utm_campaign=natcat20<\/a>.\n<\/p>\n<\/li>\n<\/ol>\n<\/div>\n","protected":false},"excerpt":{"rendered":"<p>Eugene Linden Todas las fuentes en l\u00ednea se consultaron el 4 de marzo de 2022 una insignificante cuarta parte del 1 por ciento del PIB Nordhaus, W. D., \u2018Rolling the \u201cDICE\u201d: an optimal transition path for controlling greenhouse gases\u2019\u2018Rolling the \u201cDICE\u201d: an optimal transition path for controlling greenhouse gases\u2019, Resource and Energy Economics, 15 (1),&hellip;<\/p>\n","protected":false},"author":5,"featured_media":0,"parent":608,"menu_order":20,"comment_status":"closed","ping_status":"closed","template":"page-essay.php","meta":{"footnotes":""},"class_list":["post-630","page","type-page","status-publish","hentry"],"_links":{"self":[{"href":"https:\/\/theclimatebook.org\/es\/wp-json\/wp\/v2\/pages\/630","targetHints":{"allow":["GET"]}}],"collection":[{"href":"https:\/\/theclimatebook.org\/es\/wp-json\/wp\/v2\/pages"}],"about":[{"href":"https:\/\/theclimatebook.org\/es\/wp-json\/wp\/v2\/types\/page"}],"author":[{"embeddable":true,"href":"https:\/\/theclimatebook.org\/es\/wp-json\/wp\/v2\/users\/5"}],"replies":[{"embeddable":true,"href":"https:\/\/theclimatebook.org\/es\/wp-json\/wp\/v2\/comments?post=630"}],"version-history":[{"count":0,"href":"https:\/\/theclimatebook.org\/es\/wp-json\/wp\/v2\/pages\/630\/revisions"}],"up":[{"embeddable":true,"href":"https:\/\/theclimatebook.org\/es\/wp-json\/wp\/v2\/pages\/608"}],"wp:attachment":[{"href":"https:\/\/theclimatebook.org\/es\/wp-json\/wp\/v2\/media?parent=630"}],"curies":[{"name":"wp","href":"https:\/\/api.w.org\/{rel}","templated":true}]}}