{"id":626,"date":"2022-09-05T14:17:20","date_gmt":"2022-09-05T14:17:20","guid":{"rendered":"https:\/\/theclimatebook.org\/notas-finales\/tercera-parte-como-nos-afecta\/3-15-en-lucha-por-la-selva\/"},"modified":"2022-11-01T13:01:21","modified_gmt":"2022-11-01T13:01:21","slug":"3-15-en-lucha-por-la-selva","status":"publish","type":"page","link":"https:\/\/theclimatebook.org\/es\/notas-finales\/tercera-parte-como-nos-afecta\/3-15-en-lucha-por-la-selva\/","title":{"rendered":"3.15 En lucha por la selva"},"content":{"rendered":"<div class=\"notes\">\n<p class=\"author\"><a href=\"\/contributors#sonia-guajajara\" rel=\"author\">Sonia Guajajara<\/a><\/p>\n<p class=\"date\">Todas las fuentes en l\u00ednea se consultaron el <time datetime=\"2022-03-04\">4 de marzo de 2022<\/time><\/p>\n<ol start=\"177\">\n<li>\n<p>\n<q>los verdaderos guardianes [\u2026] son los pueblos ind\u00edgenas<\/q> Rainforest Foundation Norway, <cite><span class=\"book\">Donor Funding for Indigenous Peoples and Local Communities to Secure Tenure Rights and Manage Forests in Tropical Countries (2011\u20132020)<\/span><\/cite>, 2021, <a href=\"https:\/\/d5i6is0eze552.cloudfront.net\/documents\/Publikasjoner\/Andre-rapporter\/RFN_Falling_short_2021.pdf\" target=\"_blank\" rel=\"noopener\">https:\/\/d5i6is0eze552.cloudfront.net\/documents\/Publikasjoner\/Andre-rapporter\/RFN_Falling_short_2021.pdf<\/a>; Food and Agriculture Organization of the United Nations and Fund for the Development of Indigenous Peoples of Latin America and the Caribbean, <span class=\"book\">Los pueblos ind\u00edgenas y tribales y la gobernanza de los bosques: na oportunidad para la acci\u00f3n clim\u00e1tica en Latina Am\u00e9rica y el Caribe<\/span>, 2021, <a href=\"https:\/\/www.fao.org\/documents\/card\/en\/c\/cb2953es\" target=\"_blank\" rel=\"noopener\">https:\/\/www.fao.org\/documents\/card\/en\/c\/cb2953es<\/a>.\n<\/p>\n<p>\n<q>conservar el 80 por ciento de la diversidad<\/q> Campbell, J. Y., <cite>\u2018No sustainable development without Indigenous peoples\u2019<\/cite>, International Institute for Sustainable Development SDG Knowledge Hub, 8 August 2019, <a href=\"https:\/\/sdg.iisd.org\/commentary\/guest-articles\/no-sustainable-development-without-indigenous-peoples\/\" target=\"_blank\" rel=\"noopener\">https:\/\/sdg.iisd.org\/commentary\/guest-articles\/no-sustainable-development-without-indigenous-peoples\/<\/a>.\n<\/p>\n<\/li>\n<\/ol>\n<\/div>\n","protected":false},"excerpt":{"rendered":"<p>Sonia Guajajara Todas las fuentes en l\u00ednea se consultaron el 4 de marzo de 2022 los verdaderos guardianes [\u2026] son los pueblos ind\u00edgenas Rainforest Foundation Norway, Donor Funding for Indigenous Peoples and Local Communities to Secure Tenure Rights and Manage Forests in Tropical Countries (2011\u20132020), 2021, https:\/\/d5i6is0eze552.cloudfront.net\/documents\/Publikasjoner\/Andre-rapporter\/RFN_Falling_short_2021.pdf; Food and Agriculture Organization of the United Nations&hellip;<\/p>\n","protected":false},"author":5,"featured_media":0,"parent":608,"menu_order":15,"comment_status":"closed","ping_status":"closed","template":"page-essay.php","meta":{"footnotes":""},"class_list":["post-626","page","type-page","status-publish","hentry"],"_links":{"self":[{"href":"https:\/\/theclimatebook.org\/es\/wp-json\/wp\/v2\/pages\/626","targetHints":{"allow":["GET"]}}],"collection":[{"href":"https:\/\/theclimatebook.org\/es\/wp-json\/wp\/v2\/pages"}],"about":[{"href":"https:\/\/theclimatebook.org\/es\/wp-json\/wp\/v2\/types\/page"}],"author":[{"embeddable":true,"href":"https:\/\/theclimatebook.org\/es\/wp-json\/wp\/v2\/users\/5"}],"replies":[{"embeddable":true,"href":"https:\/\/theclimatebook.org\/es\/wp-json\/wp\/v2\/comments?post=626"}],"version-history":[{"count":0,"href":"https:\/\/theclimatebook.org\/es\/wp-json\/wp\/v2\/pages\/626\/revisions"}],"up":[{"embeddable":true,"href":"https:\/\/theclimatebook.org\/es\/wp-json\/wp\/v2\/pages\/608"}],"wp:attachment":[{"href":"https:\/\/theclimatebook.org\/es\/wp-json\/wp\/v2\/media?parent=626"}],"curies":[{"name":"wp","href":"https:\/\/api.w.org\/{rel}","templated":true}]}}