{"id":613,"date":"2022-09-01T14:31:40","date_gmt":"2022-09-01T14:31:40","guid":{"rendered":"https:\/\/theclimatebook.org\/notas-finales\/tercera-parte-como-nos-afecta\/3-2-salud-y-clima\/"},"modified":"2022-11-01T13:01:19","modified_gmt":"2022-11-01T13:01:19","slug":"3-2-salud-y-clima","status":"publish","type":"page","link":"https:\/\/theclimatebook.org\/es\/notas-finales\/tercera-parte-como-nos-afecta\/3-2-salud-y-clima\/","title":{"rendered":"3.2 Salud y Clima"},"content":{"rendered":"<div class=\"notes\">\n<p class=\"author\"><a href=\"\/contributors#tedros-adhanom-ghebreyesus\" rel=\"author\">Tedros Adhanom Ghebreyesus<\/a><\/p>\n<p class=\"date\">Todas las fuentes en l\u00ednea se consultaron el <time datetime=\"2022-03-04\">4 de marzo de 2022<\/time><\/p>\n<ol start=\"134\">\n<li>\n<p>\n<q>El riesgo de enfermedades transmitidas por vectores y de crisis de hambrunas en masa<\/q> Organizaci\u00f3n Mundial de la Salud, <cite><span class=\"book\">COP26 Special Report on Climate Change and Health: The Health Argument for Climate Action<\/span><\/cite>, 11 de octubre de 2021, <a href=\"https:\/\/www.who.int\/publications\/i\/item\/9789240036727\" rel=\"noopener\" target=\"_blank\">COP26 special report on climate change and health: the health argument for climate action (who.int)<\/a>.\n<\/p>\n<p>\n<q>Un estudio realizado por la Organizaci\u00f3n Mundial de la Salud<\/q> Organizaci\u00f3n Mundial de la Salud, <cite><span class=\"book\">Quantitative Risk Assessment of the Effects of Climate Change on Selected Causes of Death, 2030s and 2050s<\/span><\/cite>, 18 de septiembre de 2014, <a href=\"https:\/\/www.who.int\/publications\/i\/item\/9789241507691\" target=\"_blank\" rel=\"noopener\">https:\/\/www.who.int\/publications\/i\/item\/9789241507691<\/a>.\n<\/p>\n<p>\n<q>los ni\u00f1os nacidos despu\u00e9s de 2014<\/q> Thiery, W., et al., <cite>\u2018Intergenerational inequities in exposure to climate extremes\u2019<\/cite>, <span class=\"book\">Science<\/span>, 2021; 374 (6564), 2021: 158\u201360, <a href=\"https:\/\/doi.org\/10.1126\/science.abi7339\" target=\"_blank\" rel=\"noopener\">https:\/\/doi.org\/10.1126\/science.abi7339<\/a>.\n<\/p>\n<p>\n<q>los efectos los suelen sufrir los m\u00e1s desfavorecidos<\/q> Action for Global Health, <cite><span class=\"book\">Health Inequalities and Climate Change: Action for Global Health Position Paper<\/span>, septiembre de 2021, <a href=\"https:\/\/actionforglobalhealth.org.uk\/wp-content\/uploads\/2021\/10\/Health-Inequalities-and-Climate-Change-Action-for-Global-Health-Position-Paper.pdf\" target=\"_blank\" rel=\"noopener\">https:\/\/actionforglobalhealth.org.uk\/wp-content\/uploads\/2021\/10\/Health-Inequalities-and-Climate-Change-Action-for-Global-Health-Position-Paper.pdf<\/a>.<br \/>\n<\/cite>\n<\/p>\n<\/li>\n<li>\n<p>\n<q>los efectos y las presiones sanitarias ya hacen que al a\u00f1o alrededor de cien millones de personas ingresen en las filas de la pobreza<\/q> United Nations Human Rights Council, <cite><span class=\"book\">Report of the Special Rapporteur on Extreme Poverty and Human Rights: Climate Change and Poverty<\/span><\/cite>, 16 July 2019, <a href=\"https:\/\/www.ohchr.org\/en\/documents\/thematic-reports\/ahrc4139-climate-change-extreme-poverty-and-human-rights-report\" target=\"_blank\" rel=\"noopener\">https:\/\/www.ohchr.org\/en\/documents\/thematic-reports\/ahrc4139-climate-change-extreme-poverty-and-human-rights-report<\/a>\n<\/p>\n<p>\n<q>evitar que se traspasen los umbrales peligrosos de temperatura<\/q> Intergovernmental Panel on Climate Change, <cite>\u2018Summary for policymakers\u2019<\/cite>, <span class=\"book\">Climate Change 2021: The Physical Science Basis. Contribution of Working Group I to the Sixth Assessment Report of the Intergovernmental Panel on Climate Change<\/span>, ed. V. Masson-Delmotte et al. (Cambridge: Cambridge University Press, en prensa), <a href=\"https:\/\/www.ipcc.ch\/report\/ar6\/wg1\/\" rel=\"noopener\" target=\"_blank\">https:\/\/www.ipcc.ch\/report\/ar6\/wg1\/<\/a>.\n<\/p>\n<p>\n<q>En una encuesta que la OMS realiz\u00f3 hace poco entre sus estados miembros<\/q> Organizaci\u00f3n Mundial de la Salud, <cite><span class=\"book\">2021 WHO Health and Climate Change Global Survey Report<\/span><\/cite>, 8 de noviembre de 2021, <a href=\"https:\/\/www.who.int\/publications\/i\/item\/9789240038509\" target=\"_blank\" rel=\"noopener\">https:\/\/www.who.int\/publications\/i\/item\/9789240038509<\/a>\n<\/p>\n<p>\n<q>dietas m\u00e1s nutritivas basadas en vegetales podr\u00edan reducir de manera importante las emisiones globales<\/q> Springmann, M., et al., <cite>\u2018Analysis and valuation of the health and climate change cobenefits of dietary change\u2019<\/cite>, <span class=\"book\">Proceedings of the National Academy of Sciences<\/span>, 113 (15), 2016: 4146\u201351, <a href=\"https:\/\/doi.org\/10.1073\/pnas.1523119113\" target=\"_blank\" rel=\"noopener\">https:\/\/doi.org\/10.1073\/pnas.1523119113<\/a>.\n<\/p>\n<p>\n<q>la acci\u00f3n clim\u00e1tica en consonancia con los objetivos del Acuerdo de Par\u00eds<\/q> Hamilton, I., et al., <cite>\u2018The public health implications of the Paris Agreement: a modelling study\u2019<\/cite>, <span class=\"book\">Lancet Planetary Health<\/span>, 5 (2), 2021: e74\u2013e83, <a href=\"https:\/\/doi.org\/10.1016\/S2542-5196(20)30249-7\" target=\"_blank\" rel=\"noopener\">https:\/\/doi.org\/10.1016\/S2542-5196(20)30249-7<\/a>.\n<\/p>\n<\/li>\n<li>\n<p>\n<q>las industrias de combustibles f\u00f3siles perjudiciales est\u00e1n recibiendo todav\u00eda subsidios de 11 millones de d\u00f3lares<\/q> Parry, I. W. H., et al., <cite><span class=\"book\">Still Not Getting Energy Prices Right: A Global and Country Update of Fossil Fuel Subsidies<\/span><\/cite>, International Monetary Fund (documento de trabajo), 24 de septiembre de 2021, <a href=\"https:\/\/www.imf.org\/en\/Publications\/WP\/Issues\/2021\/09\/23\/Still-Not-Getting-Energy-Prices-Right-A-Global-and-Country-Update-of-Fossil-Fuel-Subsidies-466004\" target=\"_blank\" rel=\"noopener\">https:\/\/www.imf.org\/en\/Publications\/WP\/Issues\/2021\/09\/23\/Still-Not-Getting-Energy-Prices-Right-A-Global-and-Country-Update-of-Fossil-Fuel-Subsidies-466004<\/a>.\n<\/p>\n<\/li>\n<\/ol>\n<\/div>\n","protected":false},"excerpt":{"rendered":"<p>Tedros Adhanom Ghebreyesus Todas las fuentes en l\u00ednea se consultaron el 4 de marzo de 2022 El riesgo de enfermedades transmitidas por vectores y de crisis de hambrunas en masa Organizaci\u00f3n Mundial de la Salud, COP26 Special Report on Climate Change and Health: The Health Argument for Climate Action, 11 de octubre de 2021, COP26&hellip;<\/p>\n","protected":false},"author":5,"featured_media":0,"parent":608,"menu_order":2,"comment_status":"closed","ping_status":"closed","template":"page-essay.php","meta":{"footnotes":""},"class_list":["post-613","page","type-page","status-publish","hentry"],"_links":{"self":[{"href":"https:\/\/theclimatebook.org\/es\/wp-json\/wp\/v2\/pages\/613","targetHints":{"allow":["GET"]}}],"collection":[{"href":"https:\/\/theclimatebook.org\/es\/wp-json\/wp\/v2\/pages"}],"about":[{"href":"https:\/\/theclimatebook.org\/es\/wp-json\/wp\/v2\/types\/page"}],"author":[{"embeddable":true,"href":"https:\/\/theclimatebook.org\/es\/wp-json\/wp\/v2\/users\/5"}],"replies":[{"embeddable":true,"href":"https:\/\/theclimatebook.org\/es\/wp-json\/wp\/v2\/comments?post=613"}],"version-history":[{"count":0,"href":"https:\/\/theclimatebook.org\/es\/wp-json\/wp\/v2\/pages\/613\/revisions"}],"up":[{"embeddable":true,"href":"https:\/\/theclimatebook.org\/es\/wp-json\/wp\/v2\/pages\/608"}],"wp:attachment":[{"href":"https:\/\/theclimatebook.org\/es\/wp-json\/wp\/v2\/media?parent=613"}],"curies":[{"name":"wp","href":"https:\/\/api.w.org\/{rel}","templated":true}]}}