{"id":609,"date":"2022-10-20T11:32:21","date_gmt":"2022-10-20T11:32:21","guid":{"rendered":"https:\/\/theclimatebook.org\/notas-finales\/segunda-parte-como-esta-cambiando-nuestro-planeta\/2-1-el-clima-parece-estar-con-esteroides\/"},"modified":"2022-11-07T08:25:02","modified_gmt":"2022-11-07T08:25:02","slug":"2-1-el-clima-parece-estar-con-esteroides","status":"publish","type":"page","link":"https:\/\/theclimatebook.org\/es\/notas-finales\/segunda-parte-como-esta-cambiando-nuestro-planeta\/2-1-el-clima-parece-estar-con-esteroides\/","title":{"rendered":"2.1 El clima parece estar con esteroides"},"content":{"rendered":"<div class=\"notes\">\n<p class=\"author\"><a href=\"\/contributors\/#greta-thunberg\" rel=\"author\">Greta Thunberg<\/a><\/p>\n<p class=\"date\">Todas las fuentes en l\u00ednea se consultaron el <time datetime=\"2022-01-11\">11 de enero de 2022<\/time><\/p>\n<ol start=\"480\">\n<li><q>Estos fen\u00f3menos meteorol\u00f3gicos no solo se vuelven cada vez m\u00e1s frecuentes<\/q>&nbsp;<br \/>\n<a href=\"https:\/\/www.undrr.org\/publication\/human-cost-disasters-overview-last-20-years-2000-2019\" target=\"_blank\" rel=\"noopener\">https:\/\/www.undrr.org\/publication\/human-cost-disasters-overview-last-20-years-2000-2019<\/a><br \/>\n<a href=\"https:\/\/public.wmo.int\/en\/media\/press-release\/weather-related-disasters-increase-over-past-50-years-causing-more-damage-fewer\" target=\"_blank\" rel=\"noopener\">https:\/\/public.wmo.int\/en\/media\/press-release\/weather-related-disasters-increase-over-past-50-years-causing-more-damage-fewer<\/a>.<\/li>\n<\/ol>\n<\/div>\n","protected":false},"excerpt":{"rendered":"<p>Greta Thunberg Todas las fuentes en l\u00ednea se consultaron el 11 de enero de 2022 Estos fen\u00f3menos meteorol\u00f3gicos no solo se vuelven cada vez m\u00e1s frecuentes&nbsp; https:\/\/www.undrr.org\/publication\/human-cost-disasters-overview-last-20-years-2000-2019 https:\/\/public.wmo.int\/en\/media\/press-release\/weather-related-disasters-increase-over-past-50-years-causing-more-damage-fewer.<\/p>\n","protected":false},"author":3,"featured_media":0,"parent":588,"menu_order":1,"comment_status":"closed","ping_status":"closed","template":"page-essay.php","meta":{"footnotes":""},"class_list":["post-609","page","type-page","status-publish","hentry"],"_links":{"self":[{"href":"https:\/\/theclimatebook.org\/es\/wp-json\/wp\/v2\/pages\/609","targetHints":{"allow":["GET"]}}],"collection":[{"href":"https:\/\/theclimatebook.org\/es\/wp-json\/wp\/v2\/pages"}],"about":[{"href":"https:\/\/theclimatebook.org\/es\/wp-json\/wp\/v2\/types\/page"}],"author":[{"embeddable":true,"href":"https:\/\/theclimatebook.org\/es\/wp-json\/wp\/v2\/users\/3"}],"replies":[{"embeddable":true,"href":"https:\/\/theclimatebook.org\/es\/wp-json\/wp\/v2\/comments?post=609"}],"version-history":[{"count":0,"href":"https:\/\/theclimatebook.org\/es\/wp-json\/wp\/v2\/pages\/609\/revisions"}],"up":[{"embeddable":true,"href":"https:\/\/theclimatebook.org\/es\/wp-json\/wp\/v2\/pages\/588"}],"wp:attachment":[{"href":"https:\/\/theclimatebook.org\/es\/wp-json\/wp\/v2\/media?parent=609"}],"curies":[{"name":"wp","href":"https:\/\/api.w.org\/{rel}","templated":true}]}}