{"id":607,"date":"2022-09-01T12:12:42","date_gmt":"2022-09-01T12:12:42","guid":{"rendered":"https:\/\/theclimatebook.org\/notas-finales\/segunda-parte-como-esta-cambiando-nuestro-planeta\/2-24-que-sucede-con-un-calentamiento-de-15-2-y-4-c\/"},"modified":"2022-11-01T13:01:18","modified_gmt":"2022-11-01T13:01:18","slug":"2-24-que-sucede-con-un-calentamiento-de-15-2-y-4-c","status":"publish","type":"page","link":"https:\/\/theclimatebook.org\/es\/notas-finales\/segunda-parte-como-esta-cambiando-nuestro-planeta\/2-24-que-sucede-con-un-calentamiento-de-15-2-y-4-c\/","title":{"rendered":"2.24 \u00bfQu\u00e9 sucede con un calentamiento de 1,5, 2 y 4 \u00b0C?"},"content":{"rendered":"<div class=\"notes\">\n<p class=\"author\"><a href=\"\/contributors#tamsin-edwards\" rel=\"author\">Tamsin Edwards<\/a><\/p>\n<p class=\"date\">Todas las fuentes en l\u00ednea se consultaron el <time datetime=\"2022-03-04\">4 de marzo de 2022<\/time><\/p>\n<ol start=\"122\">\n<li>\n<p>\n<q>El tipo de calor previsible solo una vez por d\u00e9cada<\/q> Intergovernmental Panel on Climate Change, <cite>\u2018Summary for policymakers\u2019<\/cite>, en <span class=\"book\">Climate Change 2021: The Physical Science Basis. Contribution of Working Group I to the Sixth Assessment Report of the Intergovernmental Panel on Climate Change<\/span>, ed. V. Masson-Delmotte et al. (Cambridge: Cambridge University Press, en prensa), Fig. SPM.6: <cite>\u2018Hot temperature extremes over land\u2019<\/cite>, <a href=\"https:\/\/www.ipcc.ch\/report\/ar6\/wg1\/\" rel=\"noopener\" target=\"_blank\">https:\/\/www.ipcc.ch\/report\/ar6\/wg1\/<\/a>. Los extremos de temperatura c\u00e1lida se definen como las temperaturas m\u00e1ximas diarias en tierra que en promedio se superaron una vez por d\u00e9cada entre 1850 y 1900.\n<\/p>\n<p>\n<q>La probabilidad de aguaceros extremos ha aumentado un 30 por ciento<\/q> Ibid., Fig. SPM.6: <cite>\u2018Heavy precipitation over land\u2019<\/cite>. Los acontecimientos de precipitaci\u00f3n extrema se definen como la cantidad de precipitaci\u00f3n annual en tierra que en promedio se super\u00f3 una vez por d\u00e9cada entre 1850 y 1900.\n<\/p>\n<p>\n<q>Las sequ\u00edas son un 70 por ciento m\u00e1s probables<\/q> Ibid., Fig. SPM.6: <cite>\u2018Agricultural and ecological droughts in drying regions\u2019<\/cite>. Los acontecimientos de sequ\u00eda se definen como el promedio annual de la humedad de una columna total de suelo por debajo de la d\u00e9cima parte del percentile del periodo 1850-1900 Los resultados se muesran solo para las regions sometidas a sequ\u00eda.\n<\/p>\n<p>\n<q>(algunos de los cuales hemos convertido en tres [\u2026] veces m\u00e1s probables)<\/q> Otto, F. E. L., et al., <cite>\u2018Likelihood of Cape Town water crisis tripled by climate change\u2019<\/cite>, World Weather Attribution, 13 July 2018,  <a href=\"https:\/\/www.worldweatherattribution.org\/the-role-of-climate-change-in-the-2015-2017-drought-in-the-western-cape-of-south-africa\" target=\"_blank\" rel=\"noopener\">https:\/\/www.worldweatherattribution.org\/the-role-of-climate-change-in-the-2015-2017-drought-in-the-western-cape-of-south-africa<\/a>.\n<\/p>\n<p>\n<q>duplic\u00e1ndolas para el final del siglo<\/q> Las emisiones de CO<sub>2<\/sub> de todos los sectores aumentan desde unas 40 gigatoneladas hasta 80 gigatoneladas entre 2015 y 2100, es decir, una media de poco menos de 0,5 gigatoneladas por a\u00f1o (de las que la inmensa mayor\u00eda son de combustibles f\u00f3siles fuels, no de deforestaci\u00f3n). Esto es similar al aumento medio de las emisiones de CO<sub>2<\/sub> procedente de combustibles f\u00f3siles, de unas 26 gigatoneladas anuales a unas 36 gigatoneladas anuales durante el periodo de veinte a\u00f1os comprendido entre 2000 y 2019, estimadas en el balance de carbono global para 2021, estimated in the global carbon budget for 2021: Global Carbon Project, <cite>\u2018Infographics: Global carbon budget 2021\u2019<\/cite>, <a href=\"https:\/\/www.globalcarbonproject.org\/carbonbudget\/21\/infographics.htm\" target=\"_blank\" rel=\"noopener\">https:\/\/www.globalcarbonproject.org\/carbonbudget\/21\/infographics.htm<\/a>.\n<\/p>\n<p>\n<q>Cuando nuestros antepasados empezaban a fabricar herramientas de piedra<\/q> Harmand, S., <cite>\u20183.3-million-year-old stone tools from Lomekwi 3, West Turkana, Kenya\u2019<\/cite>, <span class=\"book\">Nature<\/span>, 521 (7552), 2015: 310\u201315, <a href=\"https:\/\/doi.org\/10.1038\/nature14464\" target=\"_blank\" rel=\"noopener\">https:\/\/doi.org\/10.1038\/nature14464<\/a>; Brahic, C., <cite>\u2018Human ancestors got a grip on tools 3 million years ago\u2019<\/cite>, <span class=\"book\">New Scientist<\/span>, 22 January 2015, <a href=\"https:\/\/www.newscientist.com\/article\/dn26844-human-ancestors-got-a-grip-on-tools-3-million-years-ago\" target=\"_blank\" rel=\"noopener\">https:\/\/www.newscientist.com\/article\/dn26844-human-ancestors-got-a-grip-on-tools-3-million-years-ago<\/a>; Skinner, M. M., et al., <cite>\u2018Human-like hand use in Australopithecus africanus\u2019<\/cite>, <span class=\"book\">Science<\/span>, 347 (6220), 2015: 395\u20139, <a href=\"https:\/\/doi.org\/10.1126\/science.1261735\" target=\"_blank\" rel=\"noopener\">https:\/\/doi.org\/10.1126\/science.1261735<\/a>.\n<\/p>\n<p>\n<q>cientos de millones de personas se ver\u00e1n expuestas a letales olas de calor<\/q> Hoegh-Guldberg, O., et al., <cite>\u2018Impacts of 1.5\u00baC global warming on natural and human systems\u2019<\/cite>, in Intergovernmental Panel on Climate Change, <span class=\"book\">Global Warming of 1.5\u00b0C: An IPCC Special Report on the Impacts of Global Warming of 1.5\u00b0C above Pre-industrial Levels and Related Global Greenhouse Gas Emission Pathways, in the Context of Strengthening the Global Response to the Threat of Climate Change, Sustainable Development, and Efforts to Eradicate Poverty<\/span>, ed. V. Masson-Delmotte (Cambridge: Cambridge University Press, 2018), <a href=\"https:\/\/www.ipcc.ch\/sr15\/chapter\/chapter-3\/\" target=\"_blank\" rel=\"noopener\">https:\/\/www.ipcc.ch\/sr15\/chapter\/chapter-3\/<\/a>.\n<\/p>\n<\/li>\n<\/ol>\n<ol start=\"124\">\n<li>\n<p>\n<q>incluso con un calentamiento de 1,5 \u00b0C, el hielo [\u2026] desaparecer\u00e1 casi por completo<\/q> Intergovernmental Panel on Climate Change, <cite>\u2018Summary for policymakers\u2019<\/cite>, en <span class=\"book\">Climate Change 2021: The Physical Science Basis<\/span>, paragraph B.2.5: <cite>\u00abEs probable que el \u00c1rtico se halle pr\u00e1cticamente desprovisto de hielo en septiembre al menos una vez antes de 2050 seg\u00fan las cinco situaciones hipot\u00e9ticas ilustrativas consideradas en este informe\u00bb<\/cite>. Seg\u00fan el m\u00e1s bajo de estos escenarios de emisiones (SSP1-1.9), se predice que la temperatura superficial global en relaci\u00f3n con la de 1950-2000 aumente en 1,5 \u00b0C en 2021-2040, en 1,6 \u00b0C en 2041-2060 y en 1,4 \u00b0C en 2081-2100, es decir, 15 \u00b0C con un sobrepasamiento limitado: ibid., Tabla SPM.1.\n<\/p>\n<p>\n<q>A 3-4 \u00b0C de calentamiento, desaparecer\u00e1 por completo<\/q> Fox-Kemper, B., et al., <cite>\u2018Ocean, cryosphere and sea level change\u2019<\/cite>, en Intergovernmental Panel on Climate Change, <span class=\"book\">Climate Change 2021: The Physical Science Basis. Contribution of Working Group I to the Sixth Assessment Report of the Intergovernmental Panel on Climate Change<\/span>, ed. V. Masson-Delmotte et al. (Cambridge: Cambridge University Press, en prensa), <a href=\"https:\/\/www.ipcc.ch\/report\/ar6\/wg1\/\" rel=\"noopener\" target=\"_blank\">https:\/\/www.ipcc.ch\/report\/ar6\/wg1\/<\/a>, <cite>\u2018Executive summary\u2019<\/cite> : <cite>\u00abSe pronostica que el estado pr\u00e1cticamente libre de hielo tendr\u00e1 lugar con m\u00e1s frecuencia con concentraciones m\u00e1s elevadas de gases de efecto invernadero, y se convertir\u00e1 en la normalidad para situaciones hipot\u00e9ticas de emisiones elevadas al final de este siglo (confianza alta) [\u2026]. A niveles de caldeamiento mantenidos entre 1,5 \u00b0C y 2 \u00b0C, el oc\u00e9ano \u00c1rtico permanecer\u00e1 pr\u00e1cticamente libre de hielo en septiembre algunos a\u00f1os (confianza media) [\u2026]. A niveles de caldeamiento mantenidos entre 2 \u00b0C y 3 \u00b0C, el oc\u00e9ano \u00c1rtico permanecer\u00e1 pr\u00e1cticamente libre de hielo en septiembre la mayor\u00eda de los a\u00f1os (confianza media) [\u2026]. A niveles de caldeamiento mantenidos entre 3 y 5 \u00b0C, el oc\u00e9ano \u00c1rtico permanecer\u00e1 pr\u00e1cticamente libre de hielo durante varios meses la mayor\u00eda de los a\u00f1os (confianza alta)\u00bb.<\/cite>\n<\/p>\n<p>\n<q>Incluso a esas temperaturas<\/q> Lee, J.-Y., et al., <cite>\u2018Future global climate: scenario-based projections and near-term information\u2019<\/cite>, in Intergovernmental Panel on Climate Change, <span class=\"book\">Climate Change 2021: The Physical Science Basis. Contribution of Working Group I to the Sixth Assessment Report of the Intergovernmental Panel on Climate Change<\/span>, ed. V. Masson-Delmotte et al. (Cambridge: Cambridge University Press, en prensa), doi: 10.1017\/9781009157896.006.<\/p>\n<p>\n<q>10\u00b0C m\u00e1s c\u00e1lido en 2300<\/q> Ibid., Tabla 4.9. Seg\u00fan la situaci\u00f3n hipot\u00e9tica de emisiones m\u00e1s altas (SSP5-8), la mejor estima (media) para el aumento de  temperatura del aire superficial global hacia 2300 en relaci\u00f3n con 1950-2000 es de 9,6\u00b0C, con una posibilidad muy probable (90 por ciento) de que se encuentre entre 6,6 y 14,1\u00b0C.\n<\/p>\n<\/li>\n<li>\n<p>\n<q>\u00aba menos que haya reducciones inmediatas y a gran escala\u00bb<\/q> Intergovernmental Panel on Climate Change, <cite>\u2018Climate change widespread, rapid, and intensifying\u2019<\/cite> (comunicado de prensa del informe final del Grupo de Trabajo I del IPCC <span class=\"book\">Climate Change 2021: The Physical Science Basis<\/span>), 9 de Agosto de 2021, <a href=\"https:\/\/www.ipcc.ch\/2021\/08\/09\/ar6-wg1-20210809-pr\" target=\"_blank\" rel=\"noopener\">https:\/\/www.ipcc.ch\/2021\/08\/09\/ar6-wg1-20210809-pr<\/a>.<\/p>\n<p>\n<q>si podemos aplicar con \u00e9xito esas pol\u00edticas<\/q> Carbon Brief, <cite>\u2018Analysis: do COP26 promises keep global warming below 2\u00b0C?\u2019<\/cite>, 10 de noviembre de 2021, <a href=\"https:\/\/www.carbonbrief.org\/analysis-do-cop26-promises-keep-global-warming-below-2c\" target=\"_blank\" rel=\"noopener\">https:\/\/www.carbonbrief.org\/analysis-do-cop26-promises-keep-global-warming-below-2c<\/a>.<\/p>\n<\/li>\n<\/ol>\n<\/div>\n","protected":false},"excerpt":{"rendered":"<p>Tamsin Edwards Todas las fuentes en l\u00ednea se consultaron el 4 de marzo de 2022 El tipo de calor previsible solo una vez por d\u00e9cada Intergovernmental Panel on Climate Change, \u2018Summary for policymakers\u2019, en Climate Change 2021: The Physical Science Basis. Contribution of Working Group I to the Sixth Assessment Report of the Intergovernmental Panel&hellip;<\/p>\n","protected":false},"author":5,"featured_media":0,"parent":588,"menu_order":24,"comment_status":"closed","ping_status":"closed","template":"page-essay.php","meta":{"footnotes":""},"class_list":["post-607","page","type-page","status-publish","hentry"],"_links":{"self":[{"href":"https:\/\/theclimatebook.org\/es\/wp-json\/wp\/v2\/pages\/607","targetHints":{"allow":["GET"]}}],"collection":[{"href":"https:\/\/theclimatebook.org\/es\/wp-json\/wp\/v2\/pages"}],"about":[{"href":"https:\/\/theclimatebook.org\/es\/wp-json\/wp\/v2\/types\/page"}],"author":[{"embeddable":true,"href":"https:\/\/theclimatebook.org\/es\/wp-json\/wp\/v2\/users\/5"}],"replies":[{"embeddable":true,"href":"https:\/\/theclimatebook.org\/es\/wp-json\/wp\/v2\/comments?post=607"}],"version-history":[{"count":0,"href":"https:\/\/theclimatebook.org\/es\/wp-json\/wp\/v2\/pages\/607\/revisions"}],"up":[{"embeddable":true,"href":"https:\/\/theclimatebook.org\/es\/wp-json\/wp\/v2\/pages\/588"}],"wp:attachment":[{"href":"https:\/\/theclimatebook.org\/es\/wp-json\/wp\/v2\/media?parent=607"}],"curies":[{"name":"wp","href":"https:\/\/api.w.org\/{rel}","templated":true}]}}