{"id":604,"date":"2022-08-31T21:09:12","date_gmt":"2022-08-31T21:09:12","guid":{"rendered":"https:\/\/theclimatebook.org\/notas-finales\/segunda-parte-como-esta-cambiando-nuestro-planeta\/2-20-insectos\/"},"modified":"2022-11-01T13:01:17","modified_gmt":"2022-11-01T13:01:17","slug":"2-20-insectos","status":"publish","type":"page","link":"https:\/\/theclimatebook.org\/es\/notas-finales\/segunda-parte-como-esta-cambiando-nuestro-planeta\/2-20-insectos\/","title":{"rendered":"2.20 Insectos"},"content":{"rendered":"<div class=\"notes\">\n<p class=\"author\"><a href=\"\/contributors#dave-goulson\" rel=\"author\">Dave Goulson<\/a><\/p>\n<p class=\"date\">Todas las fuentes en l\u00ednea se consultaron el <time datetime=\"2022-02-26\">26 de febrero de 2022<\/time><\/p>\n<ol start=\"110\">\n<li>\n<p>\n<q>en el Reino Unido, las poblaciones de mariposas han ca\u00eddo alrededor de un 50 por ciento desde 1976<\/q> Warren, M. S., et al., <cite>\u2018The decline of butterflies in Europe: problems, significance, and possible solutions\u2019<\/cite>, <span class=\"book\">Proceedings of the National Academy of Sciences<\/span>, 118 (2), 2021: art\u00edculo e2002551117, <a href=\"https:\/\/doi.org\/10.1073\/pnas.2002551117\" target=\"_blank\" rel=\"noopener\">https:\/\/doi.org\/10.1073\/pnas.2002551117<\/a>.\n<\/p>\n<p>\n<q>La biomasa de los insectos voladores en las reservas de naturaleza alemanas<\/q> Hallmann, C. A., et al., <cite>\u2018More than 75 percent decline over 27 years in total flying insect biomass in protected areas\u2019<\/cite>, <span class=\"book\">PLOS One<\/span>, 12 (10), 2017: art\u00edculo e0185809, <a href=\"https:\/\/doi.org\/10.1371\/journal.pone.0185809\" target=\"_blank\" rel=\"noopener\">https:\/\/doi.org\/10.1371\/journal.pone.0185809<\/a>.\n<\/p>\n<p>\n<q>las frig\u00e1neas se redujeron en un 60 por ciento entre 2006 y 2017<\/q> Ibid.\n<\/p>\n<p>\n<q>En Norteam\u00e9rica, desde la d\u00e9cada de 1990 el n\u00famero de mariposas monarca<\/q> Center for Biological Diversity, <cite>\u2018Eastern monarch butterfly population falls again\u2019<\/cite>, <a href=\"https:\/\/biologicaldiversity.org\/w\/news\/press-releases\/eastern-monarch-butterfly-population-falls-again-2021-02-25\/\" target=\"_blank\" rel=\"noopener\">https:\/\/biologicaldiversity.org\/w\/news\/press-releases\/eastern-monarch-butterfly-population-falls-again-2021-02-25\/<\/a>, 25 de febrero de 2021.\n<\/p>\n<\/li>\n<li>\n<p>\n<q>Cuando se ha intentado calcular una tasa media de reducci\u00f3n<\/q> Wagner, D. L., et al., <cite>\u2018Insect decline in the Anthropocene: death by a thousand cuts\u2019<\/cite>, <span class=\"book\">, Proceedings of the National Academy of Sciences<\/span>, 118 (2), 2021: art\u00edculo e2023989118, <a href=\"https:\/\/www.pnas.org\/content\/118\/2\/e2023989118\/\" target=\"_blank\" rel=\"noopener\">https:\/\/www.pnas.org\/content\/118\/2\/e2023989118\/<\/a>.\n<\/p>\n<\/li>\n<li>\n<p>\n<q>la polilla cinabrio [\u2026] ha disminuido desde mi infancia un 83 por ciento<\/q> Fox, R., et al., <cite><span class=\"book\">The State of Britain\u2019s Larger Moths<\/span><\/cite>, Butterfly Conservation and Rothamsted Research, 2006, <a href=\"https:\/\/doi.org\/10.23637\/rothamsted.898z8\" target=\"_blank\" rel=\"noopener\">https:\/\/doi.org\/10.23637\/rothamsted.898z8<\/a>.\n<\/p>\n<\/li>\n<\/ol>\n<\/div>\n","protected":false},"excerpt":{"rendered":"<p>Dave Goulson Todas las fuentes en l\u00ednea se consultaron el 26 de febrero de 2022 en el Reino Unido, las poblaciones de mariposas han ca\u00eddo alrededor de un 50 por ciento desde 1976 Warren, M. S., et al., \u2018The decline of butterflies in Europe: problems, significance, and possible solutions\u2019, Proceedings of the National Academy of&hellip;<\/p>\n","protected":false},"author":5,"featured_media":0,"parent":588,"menu_order":20,"comment_status":"closed","ping_status":"closed","template":"page-essay.php","meta":{"footnotes":""},"class_list":["post-604","page","type-page","status-publish","hentry"],"_links":{"self":[{"href":"https:\/\/theclimatebook.org\/es\/wp-json\/wp\/v2\/pages\/604","targetHints":{"allow":["GET"]}}],"collection":[{"href":"https:\/\/theclimatebook.org\/es\/wp-json\/wp\/v2\/pages"}],"about":[{"href":"https:\/\/theclimatebook.org\/es\/wp-json\/wp\/v2\/types\/page"}],"author":[{"embeddable":true,"href":"https:\/\/theclimatebook.org\/es\/wp-json\/wp\/v2\/users\/5"}],"replies":[{"embeddable":true,"href":"https:\/\/theclimatebook.org\/es\/wp-json\/wp\/v2\/comments?post=604"}],"version-history":[{"count":0,"href":"https:\/\/theclimatebook.org\/es\/wp-json\/wp\/v2\/pages\/604\/revisions"}],"up":[{"embeddable":true,"href":"https:\/\/theclimatebook.org\/es\/wp-json\/wp\/v2\/pages\/588"}],"wp:attachment":[{"href":"https:\/\/theclimatebook.org\/es\/wp-json\/wp\/v2\/media?parent=604"}],"curies":[{"name":"wp","href":"https:\/\/api.w.org\/{rel}","templated":true}]}}