{"id":601,"date":"2022-08-25T12:35:15","date_gmt":"2022-08-25T12:35:15","guid":{"rendered":"https:\/\/theclimatebook.org\/notas-finales\/segunda-parte-como-esta-cambiando-nuestro-planeta\/2-16-incendios-forestales\/"},"modified":"2022-11-01T13:01:17","modified_gmt":"2022-11-01T13:01:17","slug":"2-16-incendios-forestales","status":"publish","type":"page","link":"https:\/\/theclimatebook.org\/es\/notas-finales\/segunda-parte-como-esta-cambiando-nuestro-planeta\/2-16-incendios-forestales\/","title":{"rendered":"2.16 Incendios forestales"},"content":{"rendered":"<div class=\"notes\">\n<p class=\"author\"><a href=\"\/contributors#jo\u00eblle-gergis\" rel=\"author\">Jo\u00eblle Gergis<\/a><\/p>\n<p class=\"date\">Todas las fuentes en l\u00ednea se consultaron el <time datetime=\"2022-01-15\">15 de enero de 2022<\/time><\/p>\n<ol start=\"97\">\n<li>\n<p>\n<q>pruebas de que las condiciones climatol\u00f3gicas que conllevan riesgo de incendios<\/q> Intergovernmental Panel on Climate Change, <cite>\u2018Technical summary\u2019<\/cite>, en <span class=\"book\">Climate Change 2022: Mitigation of Climate Change. Working Group III Contribution to the Sixth Assessment Report of the Intergovernmental Panel on Climate Change<\/span>, ed. P. R. Shukla et al. (Cambridge: Cambridge University Press, en prensa), <a href=\"https:\/\/www.ipcc.ch\/report\/ar6\/wg3\/about\/how-to-cite-this-report\" rel=\"noopener\" target=\"_blank\">https:\/\/www.ipcc.ch\/report\/ar6\/wg3\/about\/how-to-cite-this-report<\/a>; Seneviratne, S. I., et al., <cite>\u2018Weather and climate extreme events in a changing climate\u2019<\/cite>, en <span class=\"book\">Climate Change 2021: The Physical Science Basis. Contribution of Working Group I to the Sixth Assessment Report of the Intergovernmental Panel on Climate Change<\/span>, ed. V. Masson-Delmotte et al. (Cambridge: Cambridge University Press, en prensa), <a href=\"https:\/\/www.ipcc.ch\/report\/ar6\/wg1\/\" rel=\"noopener\" target=\"_blank\">https:\/\/www.ipcc.ch\/report\/ar6\/wg1\/<\/a>; Ranasinghe, R., et al., <cite>\u2018Climate change information for regional impact and for risk assessment\u2019<\/cite>, en <span class=\"book\">Climate Change 2021: The Physical Science Basis. Contribution of Working Group I to the Sixth Assessment Report of the Intergovernmental Panel on Climate Change<\/span>, ed. V. Masson-Delmotte et al. (Cambridge: Cambridge University Press, en prensa), doi: 10.1017\/9781009157896.014.\n<\/p>\n<p>\n<q>se ha manifestado una influencia humana en las condiciones meteorol\u00f3gicas propicias para el fuego<\/q> Abatzoglou, J. T., et al., <cite>\u2018Global emergence of anthropogenic climate change in fire weather indices\u2019<\/cite>, <span class=\"book\">Geophysical Research Letters<\/span>, 46 (1), 2019: 326\u201336, <a href=\"https:\/\/doi.org\/10.1029\/2018GL080959\" target=\"_blank\" rel=\"noopener\">https:\/\/doi.org\/10.1029\/2018GL080959<\/a>.\n<\/p>\n<p>\n<q>el \u00e1rea afectada a 3 \u00b0C por encima de los niveles preindustriales<\/q> Ibid.\n<\/p>\n<p>\n<q>el 21 por ciento de los bosques templados de Australia se quem\u00f3<\/q> Boer, M. M., et al., <cite>\u2018Unprecedented burn area of Australian mega forest fires\u2019<\/cite>, <span class=\"book\">Nature Climate Change<\/span>, 10 (3), 2020: 171\u20132, <a href=\"https:\/\/doi.org\/10.1038\/s41558-020-0716-1\" target=\"_blank\" rel=\"noopener\">https:\/\/doi.org\/10.1038\/s41558-020-0716-1<\/a>.\n<\/p>\n<p>\n<q>Los megaincendios que han batido r\u00e9cords de Australia arrasaron unos impresionantes 24 millones de hect\u00e1reas<\/q> Van der Velde, I. R., et al., <cite>\u2018Vast CO<sub>2<\/sub> release from Australian fires in 2019\u20132020 constrained by satellite\u2019<\/cite>, <span class=\"book\">Nature<\/span>, 597 (7876), 2021: 366\u20139, <a href=\"https:\/\/doi.org\/10.1038\/s41586-021-03712-y\" target=\"_blank\" rel=\"noopener\">https:\/\/doi.org\/10.1038\/s41586-021-03712-y<\/a>; Nolan, R. H., et al., <cite>\u2018What do the Australian Black Summer fires signify for the global fire crisis?\u2019<\/cite>, <span class=\"book\">Fire<\/span>, 4 (4), 2021: art\u00edculo 97, <a href=\"\" target=\"_blank\" rel=\"noopener\">https:\/\/doi.org\/10.3390\/fire4040097<\/a>.\n<\/p>\n<\/li>\n<li>\n<p>\n<q>M\u00e1s de tres mil millones de animales, una cifra espeluznante, murieron o se vieron desplazados<\/q> Nolan et al., <cite>\u2018What do the Australian Black Summer fires signify for the global fire crisis?\u2019<\/cite>; Collins, L., et al., <cite>\u2018The 2019\u20132020 mega-fires exposed Australian ecosystems to an unprecedented extent of high-severity fire\u2019<\/cite>, <span class=\"book\">Environmental Research Letters<\/span>, 16 (4), 2021: art\u00edculo 044029, <a href=\"https:\/\/doi.org\/10.1088\/1748-9326\/abeb9e\" target=\"_blank\" rel=\"noopener\">https:\/\/doi.org\/10.1088\/1748-9326\/abeb9e<\/a>.\n<\/p>\n<p>\n<q>En Lytton, en la Columbia Brit\u00e1nica, las temperaturas<\/q> World Meteorological Organization, <cite><span class=\"book\">State of Global Climate 2021: WMO Provisional Report<\/span><\/cite>, 2021, <a href=\"https:\/\/library.wmo.int\/index.php?lvl=notice_display&#038;id=21982#.Yd-bCS0RrUI\" target=\"_blank\" rel=\"noopener\">https:\/\/library.wmo.int\/index.php?lvl=notice_display&#038;id=21982#.Yd-bCS0RrUI<\/a>.\n<\/p>\n<p>\n<q>la cifra r\u00e9cord 6.450 millones de toneladas de CO<sub>2<\/sub><\/q> Copernicus Atmosphere Monitoring Service, <cite>\u2018Wildfires wreaked havoc in 2021, CAMS tracked their impact\u2019<\/cite>, 6 de diciembre de 2021, <a href=\"https:\/\/atmosphere.copernicus.eu\/wildfires-wreaked-havoc-2021-cams-tracked-their-impact\" target=\"_blank\" rel=\"noopener\">https:\/\/atmosphere.copernicus.eu\/wildfires-wreaked-havoc-2021-cams-tracked-their-impact<\/a>; Friedlingstein, P., et al., <cite>\u2018Global carbon budget 2021\u2019<\/cite>, <span class=\"book\">Earth System Science Data<\/span>, 14 (4), 2022: 1917\u20132005, <a href=\"https:\/\/doi.org\/10.5194\/essd-14-1917-2022\" target=\"_blank\" rel=\"noopener\">https:\/\/doi.org\/10.5194\/essd-14-1917-2022<\/a>.\n<\/p>\n<p>\n<q>m\u00e1s del doble de las emisiones totales de la UE<\/q> Friedlingstein, et al., <cite>\u2018Global Carbon Budget 2021\u2019<\/cite>.\n<\/p>\n<\/li>\n<\/ol>\n<\/div>\n","protected":false},"excerpt":{"rendered":"<p>Jo\u00eblle Gergis Todas las fuentes en l\u00ednea se consultaron el 15 de enero de 2022 pruebas de que las condiciones climatol\u00f3gicas que conllevan riesgo de incendios Intergovernmental Panel on Climate Change, \u2018Technical summary\u2019, en Climate Change 2022: Mitigation of Climate Change. Working Group III Contribution to the Sixth Assessment Report of the Intergovernmental Panel on&hellip;<\/p>\n","protected":false},"author":5,"featured_media":0,"parent":588,"menu_order":16,"comment_status":"closed","ping_status":"closed","template":"page-essay.php","meta":{"footnotes":""},"class_list":["post-601","page","type-page","status-publish","hentry"],"_links":{"self":[{"href":"https:\/\/theclimatebook.org\/es\/wp-json\/wp\/v2\/pages\/601","targetHints":{"allow":["GET"]}}],"collection":[{"href":"https:\/\/theclimatebook.org\/es\/wp-json\/wp\/v2\/pages"}],"about":[{"href":"https:\/\/theclimatebook.org\/es\/wp-json\/wp\/v2\/types\/page"}],"author":[{"embeddable":true,"href":"https:\/\/theclimatebook.org\/es\/wp-json\/wp\/v2\/users\/5"}],"replies":[{"embeddable":true,"href":"https:\/\/theclimatebook.org\/es\/wp-json\/wp\/v2\/comments?post=601"}],"version-history":[{"count":0,"href":"https:\/\/theclimatebook.org\/es\/wp-json\/wp\/v2\/pages\/601\/revisions"}],"up":[{"embeddable":true,"href":"https:\/\/theclimatebook.org\/es\/wp-json\/wp\/v2\/pages\/588"}],"wp:attachment":[{"href":"https:\/\/theclimatebook.org\/es\/wp-json\/wp\/v2\/media?parent=601"}],"curies":[{"name":"wp","href":"https:\/\/api.w.org\/{rel}","templated":true}]}}