{"id":598,"date":"2022-08-24T16:57:28","date_gmt":"2022-08-24T16:57:28","guid":{"rendered":"https:\/\/theclimatebook.org\/notas-finales\/segunda-parte-como-esta-cambiando-nuestro-planeta\/2-13-microplasticos\/"},"modified":"2022-11-01T13:01:16","modified_gmt":"2022-11-01T13:01:16","slug":"2-13-microplasticos","status":"publish","type":"page","link":"https:\/\/theclimatebook.org\/es\/notas-finales\/segunda-parte-como-esta-cambiando-nuestro-planeta\/2-13-microplasticos\/","title":{"rendered":"2.13 Micropl\u00e1sticos"},"content":{"rendered":"<div class=\"notes\">\n<p class=\"author\"><a href=\"\/contributors#karin-kvale\" rel=\"author\">Karin Kvale<\/a><\/p>\n<p class=\"date\">Todas las fuentes en l\u00ednea se consultaron el <time datetime=\"2021-11-06\">6 de noviembre de 2021<\/time><\/p>\n<ol start=\"86\">\n<li>\n<p><q>se acumulan en la atm\u00f3sfera<\/q> Intergovernmental Panel on Climate Change, <cite><span class=\"book\">Climate Change: The IPCC Scientific Assessment<\/span><\/cite>, ed. J. T. Houghton et al. (Cambridge: Cambridge University Press, 1990), <a href=\"https:\/\/www.ipcc.ch\/report\/ar1\/wg1\/\" target=\"_blank\" rel=\"noopener\">https:\/\/www.ipcc.ch\/report\/ar1\/wg1\/<\/a>; Stubbins, A., et al., <cite>\u2018Plastics in the Earth system\u2019<\/cite>, <span class=\"book\">Science<\/span>, 373 (6550), 2021: 51\u20135, <a href=\"https:\/\/doi.org\/10.1126\/science.abb0354\" target=\"_blank\" rel=\"noopener\">https:\/\/doi.org\/10.1126\/science.abb0354<\/a>.<\/p>\n<p><q>y el oc\u00e9ano<\/q> Intergovernmental Panel on Climate Change, <cite><span class=\"book\">Climate Change 1995: The Science of Climate Change. Contribution of WGI to the Second Assessment Reports of the Intergovernmental Panel on Climate Change<\/span><\/cite>, ed. J. T. Houghton et al. (Cambridge: Cambridge University Press, 1996), <a href=\"https:\/\/www.ipcc.ch\/report\/ar2\/wg1\/\" target=\"_blank\" rel=\"noopener\">https:\/\/www.ipcc.ch\/report\/ar2\/wg1\/<\/a>.<\/p>\n<p><q>entre el 15 y el 40 por ciento de los residuos pl\u00e1sticos mal gestionados<\/q> Jambeck, J. R., et al., <cite>\u2018Plastic waste inputs from land into the ocean\u2019<\/cite>, <span class=\"book\">Science<\/span>, 347 (6223), 2015: 768\u201371, <a href=\"https:\/\/doi.org\/10.1126\/science.1260352\" target=\"_blank\" rel=\"noopener\">https:\/\/doi.org\/10.1126\/science.1260352<\/a>.<\/p>\n<p><q>Un muestreo repetido en playas y mar abierto<\/q> Galgani, F., et al., <cite>\u2018Are litter, plastic and microplastic quantities increasing in the ocean?\u2019<\/cite>, <span class=\"book\">Microplastics Nanoplastics<\/span>, 1, 2021: art\u00edculo 2, <a href=\"https:\/\/doi.org\/10.1186\/s43591-020-00002-8\" target=\"_blank\" rel=\"noopener\">https:\/\/doi.org\/10.1186\/s43591-020-00002-8<\/a>.<\/p>\n<p><q>basta un c\u00e1lculo simple para ver<\/q> Eriksen, M., et al., <cite>\u2018Plastic pollution in the South Pacific subtropical gyre\u2019<\/cite>, <span class=\"book\">Marine Pollution Bulletin<\/span>, 68 (1\u20132), 2013: 71\u20136, <a href=\"https:\/\/doi.org\/10.1016\/j.marpolbul.2012.12.021\" target=\"_blank\" rel=\"noopener\">https:\/\/doi.org\/10.1016\/j.marpolbul.2012.12.021<\/a>.<\/p>\n<p><q>En los \u00faltimos a\u00f1os, estos min\u00fasculos pl\u00e1sticos se han hallado<\/q> Peng, X., et al., <cite>\u2018Microplastics contaminate the deepest part of the world\u2019s ocean\u2019<\/cite>, <span class=\"book\">Geochemical Perspectives Letters<\/span>, 9, 2018: 1\u20135, <a href=\"https:\/\/doi.org\/10.7185\/geochemlet.1829\" target=\"_blank\" rel=\"noopener\">https:\/\/doi.org\/10.7185\/geochemlet.1829<\/a>.<\/p>\n<p><q>en sedimentos oce\u00e1nicos a lo largo de la plataforma continental<\/q> Filgueiras, A. V., et al., <cite>\u2018Microplastic distribution in surface sediments along the Spanish Mediterranean continental shelf\u2019<\/cite>, <span class=\"book\">Environmental Science and Pollution Research<\/span>, 26 (21), 2019: 21264\u201373, <a href=\"https:\/\/doi.org\/10.1007\/s11356-019-05341-5\" target=\"_blank\" rel=\"noopener\">https:\/\/doi.org\/10.1007\/s11356-019-05341-5<\/a>.<\/p>\n<p><q>justo por debajo de la superficie del oc\u00e9ano, donde la luz no penetra<\/q> Choy, C. A., et al., <cite>\u2018The vertical distribution and biological transport of marine microplastics across the Epipelagic and Mesopelagic water column\u2019<\/cite>, <span class=\"book\">Scientific Reports<\/span>, 9, 2019: art\u00edculo 7843, <a href=\"https:\/\/doi.org\/10.1038\/s41598-019-44117-2\" target=\"_blank\" rel=\"noopener\">https:\/\/doi.org\/10.1038\/s41598-019-44117-2<\/a>; Pabortsava, K., and Lampitt, R. S., <cite>\u2018High concentrations of plastic hidden beneath the surface of the Atlantic Ocean\u2019<\/cite>, <span class=\"book\">Nature Communications<\/span>, 11, 2020: art\u00edculo 4073, <a href=\"https:\/\/doi.org\/10.1038\/s41467-020-17932-9\" target=\"_blank\" rel=\"noopener\">https:\/\/doi.org\/10.1038\/s41467-020-17932-9<\/a>.<\/p>\n<p><q>altas concentraciones de part\u00edculas en los alrededores del oc\u00e9ano \u00c1rtico<\/q> Ross, P. S., et al., <cite>\u2018Pervasive distribution of polyester fibres in the Arctic Ocean is driven by Atlantic inputs\u2019<\/cite>, <span class=\"book\">Nature Communications<\/span>, 12, 2021: Article 106, <a href=\"https:\/\/doi.org\/10.1038\/s41467-020-20347-1\" target=\"_blank\" rel=\"noopener\">https:\/\/doi.org\/10.1038\/s41467-020-20347-1<\/a>.<\/p>\n<\/li>\n<li>\n<p><q>las patas enredadas en fibras de micropl\u00e1sticos<\/q> Kang, J. H., et al., <cite>\u2018Can zooplankton be entangled by microfibers in the marine environment? Laboratory studies\u2019<\/cite>, <span class=\"book\">Water<\/span>, 12 (12), 2020: art\u00edculo 3302, <a href=\"https:\/\/doi.org\/10.3390\/w12123302\" target=\"_blank\" rel=\"noopener\">https:\/\/doi.org\/10.3390\/w12123302<\/a>.<\/p>\n<p><q>Y aliment\u00e1ndose de micropart\u00edculas<\/q> Cole, M., et al., <cite>\u2018The impact of polystyrene microplastics on feeding, function and fecundity in the marine copepod Calanus helgolandicus\u2019<\/cite>, <span class=\"book\">Environmental Science and Technology<\/span>, 49 (2), 2015: 1130\u201337, <a href=\"https:\/\/doi.org\/10.1021\/es504525u\" target=\"_blank\" rel=\"noopener\">https:\/\/doi.org\/10.1021\/es504525u<\/a>.<\/p>\n<p><q>cubiertos de bacterias pat\u00f3genas y toxinas<\/q> Galloway, T. S., et al., <cite>\u2018Interactions of microplastic debris throughout the marine ecosystem\u2019<\/cite>, <span class=\"book\">Nature Ecology and Evolution<\/span>, 1 (5), 2017: art\u00edculo 0116, <a href=\"https:\/\/doi.org\/10.1038\/s41559-017-0116\" target=\"_blank\" rel=\"noopener\">https:\/\/doi.org\/10.1038\/s41559-017-0116<\/a>,<\/p>\n<p><q>a\u00fan no est\u00e1 claro si su efecto neto calienta o enfr\u00eda<\/q> Revell, L. E., et al., <cite>\u2018Direct radiative effects of airborne microplastics\u2019<\/cite>, <span class=\"book\">Nature<\/span>, 598 (7881), 2021: 462\u20137, <a href=\"https:\/\/doi.org\/10.1038\/s41586-021-03864-x\" target=\"_blank\" rel=\"noopener\">https:\/\/doi.org\/10.1038\/s41586-021-03864-x<\/a>.<\/p>\n<p><q>una fuente importante de micropl\u00e1sticos atmosf\u00e9ricos<\/q> Allen, S., et al., <cite>\u2018Examination of the ocean as a source for atmospheric microplastics\u2019<\/cite>, <span class=\"book\">PLOS One<\/span>, 15 (5), 2020: art\u00edculo e0232746, <a href=\"https:\/\/doi.org\/10.1371\/journal.pone.0232746\" target=\"_blank\" rel=\"noopener\">https:\/\/doi.org\/10.1371\/journal.pone.0232746<\/a>.<\/p>\n<p><q>en potencia tan perjudiciales [\u2026] como el calentamiento global<\/q> Kvale, K., et al., <cite>\u2018Zooplankton grazing of microplastic can accelerate global loss of ocean oxygen\u2019<\/cite>, <span class=\"book\">Nature Communications<\/span>, 12, 2021: art\u00edculo 2358, <a href=\"https:\/\/doi.org\/10.1038\/s41467-021-22554-w\" target=\"_blank\" rel=\"noopener\">https:\/\/doi.org\/10.1038\/s41467-021-22554-w<\/a>.<\/p>\n<p><q>puede influir de manera desproporcionada en las funciones planetarias<\/q> Zhu, X., <cite>\u2018The plastic cycle \u2013 an unknown branch of the carbon cycle\u2019<\/cite>, <span class=\"book\">Frontiers in Marine Science<\/span>, 7, 2021: art\u00edculo 609243, <a href=\"https:\/\/doi.org\/10.3389\/fmars.2020.609243\" target=\"_blank\" rel=\"noopener\">https:\/\/doi.org\/10.3389\/fmars.2020.609243<\/a><\/p>\n<p><q>que el problema [\u2026] vaya a agravarse<\/q> <a href=\"https:\/\/www.sciencedirect.com\/science\/article\/pii\/S0301421521002883\" target=\"_blank\" rel=\"noopener\">https:\/\/www.sciencedirect.com\/science\/article\/pii\/S0301421521002883<\/a><\/p>\n<p><q>tanto permeables como incapaces de reciclar<\/q> Jambeck, J. R., et al., <cite>\u2018Plastic waste inputs from land into the ocean\u2019<\/cite>, <span class=\"book\">Science<\/span>, 347 (6223), 2015: 768\u201371, <a href=\"https:\/\/doi.org\/10.1126\/science.1260352\" target=\"_blank\" rel=\"noopener\">https:\/\/doi.org\/10.1126\/science.1260352<\/a>.<\/p>\n<p><q>el fen\u00f3meno de lo \u00absupuestamente reciclable\u00bb<\/q> Albeck-Ripka, L., <cite>\u20186 things you\u2019re recycling wrong\u2019<\/cite>, <span class=\"book\">New York Times<\/span>, 29 May 2018, <a href=\"https:\/\/www.nytimes.com\/2018\/05\/29\/climate\/recycling-wrong-mistakes.html\" target=\"_blank\" rel=\"noopener\">https:\/\/www.nytimes.com\/2018\/05\/29\/climate\/recycling-wrong-mistakes.html<\/a>.<\/p>\n<p><q>falta de rendici\u00f3n de cuentas en los sistemas multinacionales de exportaci\u00f3n de residuos<\/q> McCormick, E., et al., <cite>\u2018Where does your plastic go? Global investigation reveals America\u2019s dirty secret\u2019<\/cite>, <span class=\"book\">Guardian<\/span>, 7 de junio de 2019, <a href=\"https:\/\/www.theguardian.com\/us-news\/2019\/jun\/17\/recycled-plastic-america-global-crisis\" target=\"_blank\" rel=\"noopener\">https:\/\/www.theguardian.com\/us-news\/2019\/jun\/17\/recycled-plastic-america-global-crisis<\/a>.<\/p>\n<\/li>\n<\/ol>\n<\/div>\n","protected":false},"excerpt":{"rendered":"<p>Karin Kvale Todas las fuentes en l\u00ednea se consultaron el 6 de noviembre de 2021 se acumulan en la atm\u00f3sfera Intergovernmental Panel on Climate Change, Climate Change: The IPCC Scientific Assessment, ed. J. T. Houghton et al. (Cambridge: Cambridge University Press, 1990), https:\/\/www.ipcc.ch\/report\/ar1\/wg1\/; Stubbins, A., et al., \u2018Plastics in the Earth system\u2019, Science, 373 (6550),&hellip;<\/p>\n","protected":false},"author":5,"featured_media":0,"parent":588,"menu_order":13,"comment_status":"closed","ping_status":"closed","template":"page-essay.php","meta":{"footnotes":""},"class_list":["post-598","page","type-page","status-publish","hentry"],"_links":{"self":[{"href":"https:\/\/theclimatebook.org\/es\/wp-json\/wp\/v2\/pages\/598","targetHints":{"allow":["GET"]}}],"collection":[{"href":"https:\/\/theclimatebook.org\/es\/wp-json\/wp\/v2\/pages"}],"about":[{"href":"https:\/\/theclimatebook.org\/es\/wp-json\/wp\/v2\/types\/page"}],"author":[{"embeddable":true,"href":"https:\/\/theclimatebook.org\/es\/wp-json\/wp\/v2\/users\/5"}],"replies":[{"embeddable":true,"href":"https:\/\/theclimatebook.org\/es\/wp-json\/wp\/v2\/comments?post=598"}],"version-history":[{"count":0,"href":"https:\/\/theclimatebook.org\/es\/wp-json\/wp\/v2\/pages\/598\/revisions"}],"up":[{"embeddable":true,"href":"https:\/\/theclimatebook.org\/es\/wp-json\/wp\/v2\/pages\/588"}],"wp:attachment":[{"href":"https:\/\/theclimatebook.org\/es\/wp-json\/wp\/v2\/media?parent=598"}],"curies":[{"name":"wp","href":"https:\/\/api.w.org\/{rel}","templated":true}]}}