{"id":596,"date":"2022-08-24T15:31:57","date_gmt":"2022-08-24T15:31:57","guid":{"rendered":"https:\/\/theclimatebook.org\/notas-finales\/segunda-parte-como-esta-cambiando-nuestro-planeta\/2-11-oceanos-mas-calidos-mares-que-ascienden\/"},"modified":"2022-11-01T13:01:16","modified_gmt":"2022-11-01T13:01:16","slug":"2-11-oceanos-mas-calidos-mares-que-ascienden","status":"publish","type":"page","link":"https:\/\/theclimatebook.org\/es\/notas-finales\/segunda-parte-como-esta-cambiando-nuestro-planeta\/2-11-oceanos-mas-calidos-mares-que-ascienden\/","title":{"rendered":"2.11 Oc\u00e9anos m\u00e1s c\u00e1lidos, mares que ascienden"},"content":{"rendered":"<div class=\"notes\">\n<p class=\"author\"><a href=\"\/contributors#stefan-rahmstorf\" rel=\"author\">Stefan Rahmstorf<\/a><\/p>\n<p class=\"date\">Todas las fuentes en l\u00ednea se consultaron el <time datetime=\"2022-01-11\">11 de enero de 2022<\/time><\/p>\n<ol start=\"79\">\n<li>\n<p><q>Los gases de efecto invernadero empiezan a disminuir<\/q> MacDougall, A. H., et al. <cite>\u2018Is there warming in the pipeline? A multi-model analysis of the zero emissions commitment from CO<sub>2<\/sub>\u2019<\/cite>, <span class=\"book\">Biogeosciences<\/span>, 17 (11), 2020: 2987\u20133016, <a href=\"https:\/\/doi.org\/10.5194\/bg-17-2987-2020\" target=\"_blank\" rel=\"noopener\">https:\/\/doi.org\/10.5194\/bg-17-2987-2020<\/a>.<\/p>\n<p><q>esto contribuye a los fen\u00f3menos de pluviosidad intensa<\/q> Pendergrass, A. G., and Knutti, R., <cite>\u2018The uneven nature of daily precipitation and its change\u2019<\/cite>, <span class=\"book\">Geophysical Research Letters<\/span>, 45 (21), 2018: 11980\u201388, <a href=\"https:\/\/doi.org\/10.1029\/2018GL080298\" target=\"_blank\" rel=\"noopener\">https:\/\/doi.org\/10.1029\/2018GL080298<\/a>.<\/p>\n<\/li>\n<li>\n<p><q>Hasta ahora, el ascenso del nivel del mar [\u2026] coincide con datos independientes<\/q> WCRP Global Sea Level Budget Group, <cite>\u2018Global sea-level budget 1993\u2013present\u2019<\/cite>, <span class=\"book\">Earth System Science Data<\/span>, 10 (3), 2018: 1551\u201390, <a href=\"https:\/\/doi.org\/10.5194\/essd-10-1551-2018\" target=\"_blank\" rel=\"noopener\">https:\/\/doi.org\/10.5194\/essd-10-1551-2018<\/a>.<\/p>\n<\/li>\n<\/ol>\n<ol start=\"82\">\n<li>\n<p><q>El AMOC es la principal raz\u00f3n<\/q> Feulner, G., et al., <cite>\u2018On the origin of the surface air temperature difference between the hemispheres in Earth\u2019s present-day climate\u2019<\/cite>, <span class=\"book\">Journal of Climate<\/span>, 26 (18) 2013: 7136\u201350, <a href=\"https:\/\/journals.ametsoc.org\/view\/journals\/clim\/26\/18\/jcli-d-12-00636.1.xml\" target=\"_blank\" rel=\"noopener\">https:\/\/journals.ametsoc.org\/view\/journals\/clim\/26\/18\/jcli-d-12-00636.1.xml<\/a>.<\/p>\n<\/li>\n<li>\n<p><q>se\u00f1ales de aviso cre\u00edbles procedentes de los datos observados<\/q> Boers, N., <cite>\u2018Observation-based early-warning signals for a collapse of the Atlantic Meridional Overturning Circulation\u2019<\/cite>, <span class=\"book\">Nature Climate Change<\/span>, 11 (8), 2021: 680\u201388, <a href=\"https:\/\/doi.org\/10.1038\/s41558-021-01097-4\" target=\"_blank\" rel=\"noopener\">https:\/\/doi.org\/10.1038\/s41558-021-01097-4<\/a>.<\/p>\n<\/li>\n<\/ol>\n<\/div>\n","protected":false},"excerpt":{"rendered":"<p>Stefan Rahmstorf Todas las fuentes en l\u00ednea se consultaron el 11 de enero de 2022 Los gases de efecto invernadero empiezan a disminuir MacDougall, A. H., et al. \u2018Is there warming in the pipeline? A multi-model analysis of the zero emissions commitment from CO2\u2019, Biogeosciences, 17 (11), 2020: 2987\u20133016, https:\/\/doi.org\/10.5194\/bg-17-2987-2020. esto contribuye a los fen\u00f3menos&hellip;<\/p>\n","protected":false},"author":5,"featured_media":0,"parent":588,"menu_order":11,"comment_status":"closed","ping_status":"closed","template":"page-essay.php","meta":{"footnotes":""},"class_list":["post-596","page","type-page","status-publish","hentry"],"_links":{"self":[{"href":"https:\/\/theclimatebook.org\/es\/wp-json\/wp\/v2\/pages\/596","targetHints":{"allow":["GET"]}}],"collection":[{"href":"https:\/\/theclimatebook.org\/es\/wp-json\/wp\/v2\/pages"}],"about":[{"href":"https:\/\/theclimatebook.org\/es\/wp-json\/wp\/v2\/types\/page"}],"author":[{"embeddable":true,"href":"https:\/\/theclimatebook.org\/es\/wp-json\/wp\/v2\/users\/5"}],"replies":[{"embeddable":true,"href":"https:\/\/theclimatebook.org\/es\/wp-json\/wp\/v2\/comments?post=596"}],"version-history":[{"count":0,"href":"https:\/\/theclimatebook.org\/es\/wp-json\/wp\/v2\/pages\/596\/revisions"}],"up":[{"embeddable":true,"href":"https:\/\/theclimatebook.org\/es\/wp-json\/wp\/v2\/pages\/588"}],"wp:attachment":[{"href":"https:\/\/theclimatebook.org\/es\/wp-json\/wp\/v2\/media?parent=596"}],"curies":[{"name":"wp","href":"https:\/\/api.w.org\/{rel}","templated":true}]}}