{"id":593,"date":"2022-08-24T14:11:12","date_gmt":"2022-08-24T14:11:12","guid":{"rendered":"https:\/\/theclimatebook.org\/notas-finales\/segunda-parte-como-esta-cambiando-nuestro-planeta\/2-7-meteorologia-peligrosa\/"},"modified":"2022-11-01T13:01:15","modified_gmt":"2022-11-01T13:01:15","slug":"2-7-meteorologia-peligrosa","status":"publish","type":"page","link":"https:\/\/theclimatebook.org\/es\/notas-finales\/segunda-parte-como-esta-cambiando-nuestro-planeta\/2-7-meteorologia-peligrosa\/","title":{"rendered":"2.7 Meteorolog\u00eda peligrosa"},"content":{"rendered":"<div class=\"notes\">\n<p class=\"author\"><a href=\"\/contributors#friederike-otto\" rel=\"author\">Friederike Otto<\/a><\/p>\n<p class=\"date\">Todas las fuentes en l\u00ednea se consultaron el <time datetime=\"2022-07-28\">28 de julio de 2022<\/time><\/p>\n<ol start=\"67\">\n<li>\n<p>\n<q>casi todas las personas lo padecen a trav\u00e9s de fen\u00f3menos meteorol\u00f3gicos extremos<\/q> Harrington, L. J., and Otto, F. E. L., <cite>\u2018Adapting attribution science to the climate extremes of tomorrow\u2019<\/cite>, <span class=\"book\">Environmental Research Letters<\/span>, 13 (12), 2018: art\u00edculo 12306, <a href=\"https:\/\/doi.org\/10.1088\/1748-9326\/aaf4cc\" target=\"_blank\" rel=\"noopener\">https:\/\/doi.org\/10.1088\/1748-9326\/aaf4cc<\/a>.\n<\/p>\n<p>\n<q>su efecto sobre el tiempo de manera cotidiana<\/q> Sippel, S., et al., <cite>\u2018Climate change now detectable from any single day of weather at global scale\u2019<\/cite>, <span class=\"book\">Nature Climate Change<\/span>, 10 (1), 2020: 35\u201341, <a href=\"https:\/\/doi.org\/10.1038\/s41558-019-0666-7\" target=\"_blank\" rel=\"noopener\">https:\/\/doi.org\/10.1038\/s41558-019-0666-7<\/a>.\n<\/p>\n<p>\n<q>un clima m\u00e1s c\u00e1lido har\u00eda que aumentara la probabilidad de olas de calor<\/q> National Academies of Sciences, Engineering, and Medicine, <cite><span class=\"book\">Attribution of Extreme Weather Events in the Context of Climate Change<\/span><\/cite>(Washington, DC: The National Academies Press, 2016), <a href=\"https:\/\/doi.org\/10.17226\/21852\" target=\"_blank\" rel=\"noopener\">https:\/\/doi.org\/10.17226\/21852<\/a>.\n<\/p>\n<p>\n<q>Esta ciencia, en teor\u00eda, es sencilla<\/q> Otto, F. E. L., <cite>\u2018Attribution of weather and climate events\u2019<\/cite>, <span class=\"book\">Annual Review of Environment and Resources<\/span>, 42, 2017: 627\u201346, <a href=\"https:\/\/doi.org\/10.1146\/annurev-environ-102016-060847\" target=\"_blank\" rel=\"noopener\">https:\/\/doi.org\/10.1146\/annurev-environ-102016-060847<\/a>.\n<\/p>\n<\/li>\n<li>\n<p>\n<q>Durante la \u00faltima d\u00e9cada, los avances de la ciencia han sido importantes<\/q> Van Oldenborgh, G. J., et al., <cite>\u2018Pathways and pitfalls in extreme event attribution\u2019<\/cite>, <span class=\"book\">Climate Change<\/span>, 166 (1\u20132), 2021: Article 13, <a href=\"https:\/\/doi.org\/10.1007\/s10584-021-03071-7\" target=\"_blank\" rel=\"noopener\">https:\/\/doi.org\/10.1007\/s10584-021-03071-7<\/a>.\n<\/p>\n<p>\n<q>\u00abel cambio clim\u00e1tico provocado por el ser humano ya est\u00e1 afectando\u00bb<\/q> Intergovernmental Panel on Climate Change, <cite>\u2018Summary for policymakers\u2019<\/cite>, en <span class=\"book\">Climate Change 2021: The Physical Science Basis. Contribution of Working Group I to the Sixth Assessment Report of the Intergovernmental Panel on Climate Change<\/span>, ed. V. Masson-Delmotte et al. (Cambridge: Cambridge University Press, en prensa), <a href=\"https:\/\/www.ipcc.ch\/report\/ar6\/wg1\/\" rel=\"noopener\" target=\"_blank\">https:\/\/www.ipcc.ch\/report\/ar6\/wg1\/<\/a>.\n<\/p>\n<p>\n<q>el caso del hurac\u00e1n Harvey<\/q> Risser, M. D., and Wehner, M. F., <cite>\u2018Attributable human-induced changes in the likelihood and magnitude of the observed extreme precipitation during Hurricane Harvey\u2019<\/cite>, <span class=\"book\">Geophysical Research Letters<\/span>, 44 (24), 2017: 12457\u201364, <a href=\"https:\/\/doi.org\/10.1002\/2017GL075888\" target=\"_blank\" rel=\"noopener\">https:\/\/doi.org\/10.1002\/2017GL075888<\/a>; van Oldenborgh, G. J., et al., <cite>\u2018Attribution of extreme rainfall from Hurricane Harvey, August 2017\u2019<\/cite>, <span class=\"book\">Environmental Research Letters<\/span>, 12 (12), 2017: art\u00edculo 124009, <a href=\"https:\/\/doi.org\/10.1088\/1748-9326\/aa9ef2\" target=\"_blank\" rel=\"noopener\">https:\/\/doi.org\/10.1088\/1748-9326\/aa9ef2<\/a>.\n<\/p>\n<p>\n<q>costos globales de la precipitaci\u00f3n asociada a la tormenta<\/q> Frame, D. J., et al., <cite>\u2018The economic costs of Hurricane Harvey attributable to climate change\u2019<\/cite>, <span class=\"book\">Climate Change<\/span>, 160 (2), 2020: 271\u201381, <a href=\"https:\/\/doi.org\/10.1007\/s10584-020-02692-8\" target=\"_blank\" rel=\"noopener\">https:\/\/doi.org\/10.1007\/s10584-020-02692-8<\/a>.\n<\/p>\n<p>\n<q>70.000 personas menos se habr\u00edan visto afectadas<\/q> Strauss, B. H., et al., <cite>\u2018Economic damages from Hurricane Sandy attributable to sea level rise caused by anthropogenic climate change\u2019<\/cite>, <span class=\"book\">Nature Communications<\/span>, 12, 2021: art\u00edculo 2720, <a href=\"https:\/\/doi.org\/10.1038\/s41467-021-22838-1\" target=\"_blank\" rel=\"noopener\">https:\/\/doi.org\/10.1038\/s41467-021-22838-1<\/a>.\n<\/p>\n<p>\n<q>tormentas que se mueven m\u00e1s lentamente, es mayor la cantidad de lluvia que puede caer<\/q> Seneviratne, S. I., et al., <cite>\u2018Weather and climate extreme events in a changing climate\u2019<\/cite> en Intergovernmental Panel on Climate Change, <span class=\"book\">Climate Change 2021: The Physical Science Basis. Contribution of Working Group I to the Sixth Assessment Report of the Intergovernmental Panel on Change<\/span>, ed. V. Masson-Delmotte et al. (Cambridge: Cambridge University Press, en prensa), <a href=\"https:\/\/www.ipcc.ch\/report\/ar6\/wg1\/.\" rel=\"noopener\" target=\"_blank\">https:\/\/www.ipcc.ch\/report\/ar6\/wg1\/<\/a>.\n<\/p>\n<\/li>\n<\/ol>\n<\/div>\n","protected":false},"excerpt":{"rendered":"<p>Friederike Otto Todas las fuentes en l\u00ednea se consultaron el 28 de julio de 2022 casi todas las personas lo padecen a trav\u00e9s de fen\u00f3menos meteorol\u00f3gicos extremos Harrington, L. J., and Otto, F. E. L., \u2018Adapting attribution science to the climate extremes of tomorrow\u2019, Environmental Research Letters, 13 (12), 2018: art\u00edculo 12306, https:\/\/doi.org\/10.1088\/1748-9326\/aaf4cc. su efecto&hellip;<\/p>\n","protected":false},"author":5,"featured_media":0,"parent":588,"menu_order":7,"comment_status":"closed","ping_status":"closed","template":"page-essay.php","meta":{"footnotes":""},"class_list":["post-593","page","type-page","status-publish","hentry"],"_links":{"self":[{"href":"https:\/\/theclimatebook.org\/es\/wp-json\/wp\/v2\/pages\/593","targetHints":{"allow":["GET"]}}],"collection":[{"href":"https:\/\/theclimatebook.org\/es\/wp-json\/wp\/v2\/pages"}],"about":[{"href":"https:\/\/theclimatebook.org\/es\/wp-json\/wp\/v2\/types\/page"}],"author":[{"embeddable":true,"href":"https:\/\/theclimatebook.org\/es\/wp-json\/wp\/v2\/users\/5"}],"replies":[{"embeddable":true,"href":"https:\/\/theclimatebook.org\/es\/wp-json\/wp\/v2\/comments?post=593"}],"version-history":[{"count":0,"href":"https:\/\/theclimatebook.org\/es\/wp-json\/wp\/v2\/pages\/593\/revisions"}],"up":[{"embeddable":true,"href":"https:\/\/theclimatebook.org\/es\/wp-json\/wp\/v2\/pages\/588"}],"wp:attachment":[{"href":"https:\/\/theclimatebook.org\/es\/wp-json\/wp\/v2\/media?parent=593"}],"curies":[{"name":"wp","href":"https:\/\/api.w.org\/{rel}","templated":true}]}}