{"id":592,"date":"2022-08-24T13:48:35","date_gmt":"2022-08-24T13:48:35","guid":{"rendered":"https:\/\/theclimatebook.org\/notas-finales\/segunda-parte-como-esta-cambiando-nuestro-planeta\/2-6-el-calentamiento-del-artico-y-la-corriente-en-chorro\/"},"modified":"2022-11-01T13:01:15","modified_gmt":"2022-11-01T13:01:15","slug":"2-6-el-calentamiento-del-artico-y-la-corriente-en-chorro","status":"publish","type":"page","link":"https:\/\/theclimatebook.org\/es\/notas-finales\/segunda-parte-como-esta-cambiando-nuestro-planeta\/2-6-el-calentamiento-del-artico-y-la-corriente-en-chorro\/","title":{"rendered":"2.6 El calentamiento del \u00c1rtico y la corriente en chorro"},"content":{"rendered":"<div class=\"notes\">\n<p class=\"author\"><a href=\"\/contributors#jennifer-francis\" rel=\"author\">Jennifer Francis<\/a><\/p>\n<p class=\"date\">Todas las fuentes en l\u00ednea se consultaron el <time datetime=\"2021-10-11\">11 de octubre de 2021<\/time><\/p>\n<ol start=\"62\">\n<li>\n<p>\n<q>El \u00c1rtico se calienta con rapidez<\/q> Arctic Monitoring and Assessment Programme, <cite><span class=\"book\">Arctic Climate Change Update 2021: Key Trends and Impacts. Summary for Policy-makers<\/span><\/cite>, 2021, <a href=\"https:\/\/www.amap.no\/documents\/doc\/arctic-climate-change-update-2021-key-trends-and-impacts.-summary-for-policy-makers\/3508\" target=\"_blank\" rel=\"noopener\">https:\/\/www.amap.no\/documents\/doc\/arctic-climate-change-update-2021-key-trends-and-impacts.-summary-for-policy-makers\/3508<\/a>.\n<\/p>\n<\/li>\n<li>\n<p>\n<q>cuando el \u00c1rtico est\u00e1 anormalmente c\u00e1lido<\/q> Cohen, J., et al., <cite>\u2018Warm Arctic episodes linked with increased frequency of extreme winter weather in the United States\u2019<\/cite>, <span class=\"book\">Nature Communications<\/span>, 9, 2018: art\u00edculo 869, <a href=\"https:\/\/doi.org\/10.1038\/s41467-018-02992-9\" target=\"_blank\" rel=\"noopener\">https:\/\/doi.org\/10.1038\/s41467-018-02992-9<\/a>.\n<\/p>\n<p>\n<q>las del hemisferio norte<\/q> Martin, J. E., <cite>\u2018Recent trends in the waviness of the northern hemisphere wintertime polar and subtropical jets\u2019<\/cite>, <span class=\"book\">Journal of Geophysical Research: Atmospheres<\/span>, 126 (9), 2021: art\u00edculo e2020JD033668, <a href=\"https:\/\/doi.org\/10.1029\/2020JD033668\" target=\"_blank\" rel=\"noopener\">https:\/\/doi.org\/10.1029\/2020JD033668<\/a>.\n<\/p>\n<p>\n<q>Steve Vavrus, y yo propusimos<\/q> Francis, J. A., and Vavrus, S. J., <cite>\u2018Evidence linking Arctic amplification to extreme weather in mid-latitudes\u2019<\/cite>, <span class=\"book\">Geophysical Research Letters<\/span>, 126 (9), 2021: art\u00edculo e2020JD033668, <a href=\"https:\/\/doi.org\/10.1029\/2020JD033668\" target=\"_blank\" rel=\"noopener\">https:\/\/doi.org\/10.1029\/2020JD033668<\/a>.\n<\/p>\n<\/li>\n<li>\n<p>\n<q>El periodo de fr\u00edo extremo [\u2026] en los estados centrales del sur de EE. UU.<\/q> Cohen J., et al., <cite>\u2018Linking Arctic variability and change with extreme winter weather in the United States\u2019<\/cite>, <span class=\"book\">Science<\/span>, 373 (6559), 2021: 1116\u201321, <a href=\"https:\/\/doi.org\/10.1126\/science.abi9167\" target=\"_blank\" rel=\"noopener\">https:\/\/doi.org\/10.1126\/science.abi9167<\/a>.\n<\/p>\n<p>\n<q>Interrumpieron el suministro el\u00e9ctrico, [\u2026] congelaron tuber\u00edas de agua<\/q> Wikipedia, <cite>\u20182021 Texas power crisis\u2019<\/cite>, <a href=\"https:\/\/en.wikipedia.org\/wiki\/2021_Texas_power_crisis\" target=\"_blank\" rel=\"noopener\">https:\/\/en.wikipedia.org\/wiki\/2021_Texas_power_crisis<\/a>.\n<\/p>\n<p>\n<q>Una nueva l\u00ednea de investigaci\u00f3n ha revelado tambi\u00e9n una conexi\u00f3n estival<\/q> Mann, M. E., et al., <cite>\u2018Projected changes in persistent extreme summer weather events: the role of quasi-resonant amplification\u2019<\/cite>, <span class=\"book\">Science Advances<\/span>, 4 (10), 2018: art\u00edculo eaat3272, <a href=\"https:\/\/www.science.org\/doi\/10.1126\/sciadv.aat3272\" target=\"_blank\" rel=\"noopener\">https:\/\/www.science.org\/doi\/10.1126\/sciadv.aat3272<\/a>.\n<\/p>\n<p>\n<q>Estas divisiones tienden a suceder cuado la cubierta de nieve de primavera<\/q> Rutgers University Global Snow Lab, <a href=\"http:\/\/climate.rutgers.edu\/snowcover\/\" target=\"_blank\" rel=\"noopener\">http:\/\/climate.rutgers.edu\/snowcover\/<\/a>.\n<\/p>\n<\/li>\n<\/ol>\n<\/div>\n","protected":false},"excerpt":{"rendered":"<p>Jennifer Francis Todas las fuentes en l\u00ednea se consultaron el 11 de octubre de 2021 El \u00c1rtico se calienta con rapidez Arctic Monitoring and Assessment Programme, Arctic Climate Change Update 2021: Key Trends and Impacts. Summary for Policy-makers, 2021, https:\/\/www.amap.no\/documents\/doc\/arctic-climate-change-update-2021-key-trends-and-impacts.-summary-for-policy-makers\/3508. cuando el \u00c1rtico est\u00e1 anormalmente c\u00e1lido Cohen, J., et al., \u2018Warm Arctic episodes linked with&hellip;<\/p>\n","protected":false},"author":5,"featured_media":0,"parent":588,"menu_order":6,"comment_status":"closed","ping_status":"closed","template":"page-essay.php","meta":{"footnotes":""},"class_list":["post-592","page","type-page","status-publish","hentry"],"_links":{"self":[{"href":"https:\/\/theclimatebook.org\/es\/wp-json\/wp\/v2\/pages\/592","targetHints":{"allow":["GET"]}}],"collection":[{"href":"https:\/\/theclimatebook.org\/es\/wp-json\/wp\/v2\/pages"}],"about":[{"href":"https:\/\/theclimatebook.org\/es\/wp-json\/wp\/v2\/types\/page"}],"author":[{"embeddable":true,"href":"https:\/\/theclimatebook.org\/es\/wp-json\/wp\/v2\/users\/5"}],"replies":[{"embeddable":true,"href":"https:\/\/theclimatebook.org\/es\/wp-json\/wp\/v2\/comments?post=592"}],"version-history":[{"count":0,"href":"https:\/\/theclimatebook.org\/es\/wp-json\/wp\/v2\/pages\/592\/revisions"}],"up":[{"embeddable":true,"href":"https:\/\/theclimatebook.org\/es\/wp-json\/wp\/v2\/pages\/588"}],"wp:attachment":[{"href":"https:\/\/theclimatebook.org\/es\/wp-json\/wp\/v2\/media?parent=592"}],"curies":[{"name":"wp","href":"https:\/\/api.w.org\/{rel}","templated":true}]}}