{"id":591,"date":"2022-08-24T13:10:37","date_gmt":"2022-08-24T13:10:37","guid":{"rendered":"https:\/\/theclimatebook.org\/notas-finales\/segunda-parte-como-esta-cambiando-nuestro-planeta\/2-5-nubes\/"},"modified":"2022-11-01T13:01:15","modified_gmt":"2022-11-01T13:01:15","slug":"2-5-nubes","status":"publish","type":"page","link":"https:\/\/theclimatebook.org\/es\/notas-finales\/segunda-parte-como-esta-cambiando-nuestro-planeta\/2-5-nubes\/","title":{"rendered":"2.5 Nubes"},"content":{"rendered":"<div class=\"notes\">\n<p class=\"author\"><a href=\"\/contributors#paulo-ceppi\" rel=\"author\">Paulo Ceppi<\/a><\/p>\n<p class=\"date\">Todas las fuentes en l\u00ednea se consultaron el <time datetime=\"2022-03-04\">4 de marzo de 2022<\/time><\/p>\n<ol start=\"60\">\n<li>\n<p>\n<q>El impacto clim\u00e1tico de eliminar todas las nubes<\/q> El impacto de las nubes en el balance de radiaci\u00f3n de la Tierra, conocido como \u00abefecto radiativo de las nubes\u00bb, se estima en -19.6 W m<sup>\u20132<\/sup>, Loeb et al. (2020), <cite>\u2018Toward a consistent definition between satellite and model clear-sky radiative fluxes.\u2019<\/cite> J. Clim. 33, 61\u201375, doi: 10.1175\/JCLI-D-19-0381.1.<br \/> <br \/>\nEsto significa que eliminar todas las nubes equivaldr\u00eda a un forzamiento radiativo de +19.6 W m<sup>\u20132<\/sup>. En cambio, el forzamiento de doblar la concentraci\u00f3n del di\u00f3xido de carbono atmosf\u00e9rico se estima en +3.93 W m<sup>\u20132<\/sup> , aproximadamente cinco veces menos, Forster, P., T. Storelvmo, K. Armour, W. Collins, J.-L. Dufresne, D. Frame, D. J. Lunt, T. Mauritsen, M. D. Palmer, M. Watanabe, M. Wild, and H. Zhang, 2021: <cite>\u2018The Earth\u2019s Energy Budget, Climate Feedbacks, and Climate Sensitivity.\u2019<\/cite> In Climate Change 2021: The Physical Science Basis. Contribution of Working Group I to the Sixth Assessment Report of the Intergovernmental Panel on Climate Change [Masson-Delmotte, V., P. Zhai, A. Pirani, S.L. Connors, C. P\u00e9an, S. Berger, N.  Caud, Y. Chen, L. Goldfarb, M. I. Gomis, M. Huang, K. Leitzell, E. Lonnoy, J.B.R. Matthews, T.K. Maycock, T. Waterfield, O. Yelek\u00e7i, R. Yu, and B. Zhou (eds.)]. Cambridge University Press, Cambridge, United Kingdom and New York, NY, USA, pp. 923\u20131054, doi:10.1017\/9781009157896.009, approximately five times smaller.\n<\/p>\n<p>\n<q>La retroalimentaci\u00f3n de las nubes ha sido una incertidumbre importante<\/q> El Informe Charney (1979), que fue la primera evaluaci\u00f3n basada en modelos del impacto sobre el clima de las emisiones de di\u00f3xido de carbono, ya hab\u00eda se\u00f1alado la gran incertidumbre de c\u00f3mo las nubes afectar\u00edan al cambio clim\u00e1tico. National Research Council, 1979. <span class=\"book\">Carbon Dioxide and Climate: A Scientific Assessment<\/span>. Washington, DC: The National Academies Press, <a href=\"https:\/\/doi.org\/10.17226\/12181\" rel=\"noopener\" target=\"_blank\">https:\/\/doi.org\/10.17226\/12181<\/a>.\n<\/p>\n<\/li>\n<li>\n<p>\n<q>lo que implica un mayor efecto de aislamiento<\/q> El efecto invernadero (o \u00abde cobertura\u00bb de las nubes es proporcional a su altitud: las nubes m\u00e1s altas son m\u00e1s fr\u00edas, y por lo tanto emiten menos radiaci\u00f3n t\u00e9rmica. De ah\u00ed que las nubes que se elevan (si todo lo dem\u00e1s permanece igual) significan menos p\u00e9rdida de calor por radiaci\u00f3n al espacio: un efecto de caldeamiento.\n<\/p>\n<p>\n<q>el efecto de amplificaci\u00f3n de las nubes se incremente<\/q> Bjordal et al. afirman que la retroalimentaci\u00f3n de las nubes en las regiones polares se torna m\u00e1s amplificadora a temperaturas m\u00e1s elevadas, porque la retroalimentaci\u00f3n depende de la proporci\u00f3n entre el hielo y el agua l\u00edquida en las nubes: Bjordal, J., et al., <cite>\u2018Equilibrium climate sensitivity above 5\u00b0C plausible due to state-dependent cloud feedback\u2019<\/cite>, <span class=\"book\">Nature Geoscience<\/span>, 13 (11), 2020: 718\u201321, <a href=\"https:\/\/doi.org\/10.1038\/s41561-020-00649-1\" target=\"_blank\" rel=\"noopener\">https:\/\/doi.org\/10.1038\/s41561-020-00649-1<\/a>. Evidencia provisional de que las nubes act\u00faan como un punto de inflexi\u00f3n la proporcionaron Schneider, T., et al., <cite>\u2018Possible climate transitions from breakup of stratocumulus decks under greenhouse warming\u2019<\/cite>, <span class=\"book\">Nature Geoscience<\/span>, 12 (3), 2019: 163\u20137, <a href=\"https:\/\/doi.org\/10.1038\/s41561-019-0310-1\" target=\"_blank\" rel=\"noopener\">https:\/\/doi.org\/10.1038\/s41561-019-0310-1<\/a>, con una reducci\u00f3n abrupta en la cantidad de nubes tropicales bajas cuando la concentraci\u00f3n atmosf\u00e9rica de di\u00f3xido de carbono supera las 1.200 partes por mill\u00f3n (pero advi\u00e9rtase que esta concentraci\u00f3n es varias veces superior a los niveles actuals).\n<\/p>\n<\/li>\n<\/ol>\n<\/div>\n","protected":false},"excerpt":{"rendered":"<p>Paulo Ceppi Todas las fuentes en l\u00ednea se consultaron el 4 de marzo de 2022 El impacto clim\u00e1tico de eliminar todas las nubes El impacto de las nubes en el balance de radiaci\u00f3n de la Tierra, conocido como \u00abefecto radiativo de las nubes\u00bb, se estima en -19.6 W m\u20132, Loeb et al. (2020), \u2018Toward a&hellip;<\/p>\n","protected":false},"author":5,"featured_media":0,"parent":588,"menu_order":5,"comment_status":"closed","ping_status":"closed","template":"page-essay.php","meta":{"footnotes":""},"class_list":["post-591","page","type-page","status-publish","hentry"],"_links":{"self":[{"href":"https:\/\/theclimatebook.org\/es\/wp-json\/wp\/v2\/pages\/591","targetHints":{"allow":["GET"]}}],"collection":[{"href":"https:\/\/theclimatebook.org\/es\/wp-json\/wp\/v2\/pages"}],"about":[{"href":"https:\/\/theclimatebook.org\/es\/wp-json\/wp\/v2\/types\/page"}],"author":[{"embeddable":true,"href":"https:\/\/theclimatebook.org\/es\/wp-json\/wp\/v2\/users\/5"}],"replies":[{"embeddable":true,"href":"https:\/\/theclimatebook.org\/es\/wp-json\/wp\/v2\/comments?post=591"}],"version-history":[{"count":0,"href":"https:\/\/theclimatebook.org\/es\/wp-json\/wp\/v2\/pages\/591\/revisions"}],"up":[{"embeddable":true,"href":"https:\/\/theclimatebook.org\/es\/wp-json\/wp\/v2\/pages\/588"}],"wp:attachment":[{"href":"https:\/\/theclimatebook.org\/es\/wp-json\/wp\/v2\/media?parent=591"}],"curies":[{"name":"wp","href":"https:\/\/api.w.org\/{rel}","templated":true}]}}