{"id":586,"date":"2022-08-24T11:46:54","date_gmt":"2022-08-24T11:46:54","guid":{"rendered":"https:\/\/theclimatebook.org\/2-4-air-pollution-and-aerosols\/"},"modified":"2022-11-01T13:01:14","modified_gmt":"2022-11-01T13:01:14","slug":"2-4-air-pollution-and-aerosols","status":"publish","type":"page","link":"https:\/\/theclimatebook.org\/es\/notas-finales\/segunda-parte-como-esta-cambiando-nuestro-planeta\/2-4-air-pollution-and-aerosols\/","title":{"rendered":"2.4 La contaminaci\u00f3n del aire y los aerosoles"},"content":{"rendered":"<div class=\"notes\">\n<p class=\"author\"><a href=\"https:\/\/theclimatebook.org\/es\/colaboradoras\/#bj\u00f8rn-h.-samset\" rel=\"author\">Bj\u00f8rn H. Samset<\/a><\/p>\n<p class=\"date\">Todas las fuentes en l\u00ednea se consultaron el <time datetime=\"2022-03-03\">3 de marzo de 2022<\/time><\/p>\n<ol start=\"58\">\n<li>\n<p>\n<q>La raz\u00f3n de tal diferencia radica sobre todo en nuestras emisiones de aerosoles<\/q> Intergovernmental Panel on Climate Change, <cite><span class=\"book\">Climate Change 2021: Summary for Policymakers. Contribution of Working Group I to the Sixth Assessment Report of the Intergovernmental Panel on Climate Change<\/span><\/cite>, ed. V. Masson-Delmotte et al. (Cambridge: Cambridge University Press, en prensa), <a href=\"https:\/\/www.ipcc.ch\/report\/ar6\/wg1\/\" rel=\"noopener\" target=\"_blank\">https:\/\/www.ipcc.ch\/report\/ar6\/wg1\/<\/a>.\n<\/p>\n<\/li>\n<\/ol>\n<\/div>\n","protected":false},"excerpt":{"rendered":"<p>Bj\u00f8rn H. Samset Todas las fuentes en l\u00ednea se consultaron el 3 de marzo de 2022 La raz\u00f3n de tal diferencia radica sobre todo en nuestras emisiones de aerosoles Intergovernmental Panel on Climate Change, Climate Change 2021: Summary for Policymakers. Contribution of Working Group I to the Sixth Assessment Report of the Intergovernmental Panel on&hellip;<\/p>\n","protected":false},"author":5,"featured_media":0,"parent":588,"menu_order":4,"comment_status":"closed","ping_status":"closed","template":"page-essay.php","meta":{"footnotes":""},"class_list":["post-586","page","type-page","status-publish","hentry"],"_links":{"self":[{"href":"https:\/\/theclimatebook.org\/es\/wp-json\/wp\/v2\/pages\/586","targetHints":{"allow":["GET"]}}],"collection":[{"href":"https:\/\/theclimatebook.org\/es\/wp-json\/wp\/v2\/pages"}],"about":[{"href":"https:\/\/theclimatebook.org\/es\/wp-json\/wp\/v2\/types\/page"}],"author":[{"embeddable":true,"href":"https:\/\/theclimatebook.org\/es\/wp-json\/wp\/v2\/users\/5"}],"replies":[{"embeddable":true,"href":"https:\/\/theclimatebook.org\/es\/wp-json\/wp\/v2\/comments?post=586"}],"version-history":[{"count":0,"href":"https:\/\/theclimatebook.org\/es\/wp-json\/wp\/v2\/pages\/586\/revisions"}],"up":[{"embeddable":true,"href":"https:\/\/theclimatebook.org\/es\/wp-json\/wp\/v2\/pages\/588"}],"wp:attachment":[{"href":"https:\/\/theclimatebook.org\/es\/wp-json\/wp\/v2\/media?parent=586"}],"curies":[{"name":"wp","href":"https:\/\/api.w.org\/{rel}","templated":true}]}}