{"id":580,"date":"2022-08-08T14:23:01","date_gmt":"2022-08-08T14:23:01","guid":{"rendered":"https:\/\/theclimatebook.org\/colaboradoras\/"},"modified":"2022-11-03T13:31:32","modified_gmt":"2022-11-03T13:31:32","slug":"colaboradoras","status":"publish","type":"page","link":"https:\/\/theclimatebook.org\/es\/colaboradoras\/","title":{"rendered":"Colaboradores"},"content":{"rendered":"<div class=\"contributors\">\n<ul>\n<li><span id=\"greta-thunberg\" class=\"name\">Greta Thunberg<\/span> \/ Activista en <em>Fridays for Future<\/em>, ha intevenido en marchas por el clima en todo el mundo, as\u00ed como en el Foro Econ\u00f3mico Mundial en Davos, el Congreso de los Estados Unidos y las Naciones Unidas.<\/li>\n<li><span id=\"peter-brannen\" class=\"name\">Peter Brannen<\/span> \/ Periodista cient\u00edfico, colaborador de Atlantic y autor de The Ends of the World.<\/li>\n<li><span id=\"beth-shapiro\" class=\"name\">Beth Shapiro<\/span> \/ Profesora de Ecolog\u00eda y Biolog\u00eda Evolutiva en la Universidad de California Santa Cruz y autora de Life as We Made It.<\/li>\n<li><span id=\"elizabeth-kolbert\" class=\"name\">Elizabeth Kolbert<\/span> \/ Escritora en plantilla de New Yorker y, recientemente, autora de Under a White Sky: The Nature of the Future.<\/li>\n<li><span id=\"michael-oppenheimer\" class=\"name\">Michael Oppenheimer<\/span> \/ Cient\u00edfico de la atm\u00f3sfera, profesor de Geociencias y Asuntos Internacionales en la Universidad de Princeton y autor del IPCC.<\/li>\n<li><span id=\"naomi-oreskes\" class=\"name\">Naomi Oreskes<\/span> \/ Profesora de Historia de la Ciencia y profesora asociada de Ciencias de la Tierra y Planetarias en la Universidad de Harvard.<\/li>\n<li><span id=\"johan-rockstr\u00f6m\" class=\"name\">Johan Rockstr\u00f6m<\/span> \/ Director del Instituto para la Investigaci\u00f3n del Impacto Clim\u00e1tico en Potsdam y profesor en la Universidad de Potsdam.<\/li>\n<li><span id=\"katharine-hayhoe\" class=\"name\">Katharine Hayhoe<\/span> \/ Catedr\u00e1tica y profesora distinguida en la Universidad Texas Tech y autora de Saving Us.<\/li>\n<li><span id=\"zeke-hausfather\" class=\"name\">Zeke Hausfather<\/span> \/ Investigador jefe del clima en Stripe y cient\u00edfico investigador en Berkeley Earth.<\/li>\n<li><span id=\"c\u00f3mo-funciona el clima\" class=\"name\">C\u00f3mo funciona el clima<\/span><\/li>\n<li><span id=\"bj\u00f8rn-h samset\" class=\"name\">Bj\u00f8rn H. Samset<\/span> \/ Investigador en el CICERO, autor principal del IPCC y experto en los efectos de las emisiones de gases distintos del CO2.<\/li>\n<li><span id=\"paulo-ceppi\" class=\"name\">Paulo Ceppi<\/span> \/ Profesor de Ciencia del Clima en el Instituto Grantham y en el departamento de F\u00edsica del Imperial College de Londres.<\/li>\n<li><span id=\"jennifer-francis\" class=\"name\">Jennifer Francis<\/span> \/ Cient\u00edfica del Centro de Investigaci\u00f3n Clim\u00e1tica Woodwell y, anteriormente, profesora de investigaci\u00f3n en el departamento de Ciencias Marinas y Costeras de la Universidad Rutgers.<\/li>\n<li><span id=\"friederike-otto\" class=\"name\">Friederike Otto<\/span> \/ Profesor de Ciencias Clim\u00e1ticas en el Instituto Grantham del Imperial College de Londres y codirector de World Weather Attribution.<\/li>\n<li><span id=\"kate-marvel\" class=\"name\">Kate Marvel<\/span> \/ Cient\u00edfica del clima en el Centro para la Investigaci\u00f3n de Sistemas Clim\u00e1ticos de la Universidad de Columbia y en el Instituto de Estudios Espaciales del Instituto Goddard de la NASA.<\/li>\n<li><span id=\"ricarda-winkelmann\" class=\"name\">Ricarda Winkelmann<\/span> \/ Profesora de An\u00e1lisis del Sistema Clim\u00e1tico en la Universidad de Potsdam y en el Instituto de Investigaci\u00f3n del Impacto Clim\u00e1tico.<\/li>\n<li><span id=\"stefan-rahmstorf\" class=\"name\">Stefan Rahmstorf<\/span> \/ Jefe del departamento de An\u00e1lisis del Sistema Tierra en el Instituto de Potsdam y profesor de F\u00edsica de los Oc\u00e9anos en la Universidad de Potsdam.<\/li>\n<li><span id=\"hans-otto-p\u00f6rtner\" class=\"name\">Hans-Otto P\u00f6rtner<\/span> \/ Climat\u00f3logo, fisi\u00f3logo, profesor y jefe del departamento de Ecofisiolog\u00eda Integrativa del Instituto Alfred Wegener.<\/li>\n<li><span id=\"karin-kvale\" class=\"name\">Karin Kvale<\/span> \/ Investigadora principal del instituto GNS Science y experta en el modelado del rol de la ecolog\u00eda marina en los ciclos biogeoqu\u00edmicos globales.<\/li>\n<li><span id=\"peter-h gleick\" class=\"name\">Peter H. Gleick<\/span> \/ Cofundador y presidente em\u00e9rito del Pacific Institute, miembro de la Academia Nacional de Ciencias de EE. UU.; hidroclimat\u00f3logo.<\/li>\n<li><span id=\"jo\u00eblle-gergis\" class=\"name\">Jo\u00eblle Gergis<\/span> \/ Profesora de Ciencias Clim\u00e1ticas en la Universidad Nacional de Australia y autora principal del Sexto Informe Anual del IPCC.<\/li>\n<li><span id=\"carlos-nobre\" class=\"name\">Carlos Nobre<\/span> \/ Cient\u00edfico del sistema de la Tierra en The Amazon, catedr\u00e1tico de la Comisi\u00f3n de Ciencia para el Amazonas y organizador del proyecto Amazonia 4.0.<\/li>\n<li><span id=\"julia-arieira\" class=\"name\">Julia Arieira<\/span> \/ Ec\u00f3loga vegetal y cient\u00edfica del sistema de la Tierra en la Universidad Federal Esp\u00edrito Santo de Brasil.<\/li>\n<li><span id=\"nath\u00e1lia-nascimento\" class=\"name\">Nath\u00e1lia Nascimento<\/span> \/ Ge\u00f3grafa y cient\u00edfica del sistema de la Tierra en la Universidad Federal Esp\u00edrito Santo de Brasil.<\/li>\n<li><span id=\"beverly-law\" class=\"name\">Beverly Law<\/span> \/ Profesora em\u00e9rita de Biolog\u00eda del Cambio Global y Sistemas Terrestres en la Universidad Estatal de Oreg\u00f3n.<\/li>\n<li><span id=\"andy-purvis\" class=\"name\">Andy Purvis<\/span> \/ Investigador de la biodiversidad del Museo de Historia Natural de Londres y autor principal y coordinador la primera, Evaluaci\u00f3n Global de la Biodiversidad y los Servicios Ecosist\u00e9micos del IPBES.<\/li>\n<li><span id=\"adriana-de palma\" class=\"name\">Adriana De Palma<\/span> \/ Cient\u00edfica del Foro Econ\u00f3mico Mundial de J\u00f3venes Cient\u00edficos e investigadora del Museo de Historia Natural de Londres.<\/li>\n<li><span id=\"dave-goulson\" class=\"name\">Dave Goulson<\/span> \/ Profesor de Biolog\u00eda en la Universidad de Sussex y autor de m\u00e1s de cuatrocientos art\u00edculos cient\u00edficos sobre la ecolog\u00eda de los insectos, y de, entre otros libros, Silent Earth.<\/li>\n<li><span id=\"keith-w larson\" class=\"name\">Keith W. Larson<\/span> \/ Ec\u00f3logo que investiga el cambio ambiental en el \u00c1rtico y director del Centro \u00c1rtico de la Universidad de Ume\u00e5.<\/li>\n<li><span id=\"jennifer-l soong\" class=\"name\">Jennifer L. Soong<\/span> \/ Cient\u00edfica del carbono en Corteva; cient\u00edfica asociada en la Universidad Estatal de Colorado y del Laboratorio Nacional Lawrence Berkeley.<\/li>\n<li><span id=\"\u00f6rjan-gustafsson\" class=\"name\">\u00d6rjan Gustafsson<\/span> \/ Profesor de Biogeoqu\u00edmica en la Universidad de Estocolmo y miembro electo de la Real Academia de las Ciencias sueca.<\/li>\n<li><span id=\"tamsin-edwards\" class=\"name\">Tamsin Edwards<\/span> \/ Cient\u00edfico del clima del King\u2019s College de Londres, uno de los autores principales del IPCC y divulgador cient\u00edfico especializado en las incertidumbres del aumento del nivel de los mares.<\/li>\n<li><span id=\"tedros-adhanom ghebreyesus\" class=\"name\">Tedros Adhanom Ghebreyesus<\/span> \/ Director general de la OMS.<\/li>\n<li><span id=\"ana-m vicedo-cabrera\" class=\"name\">Ana M. Vicedo-Cabrera<\/span> \/ Epidemi\u00f3loga ambiental, l\u00edder del Grupo de Investigaci\u00f3n sobre Cambio Clim\u00e1tico y Salud de la Universidad de Berna.<\/li>\n<li><span id=\"drew-shindell\" class=\"name\">Drew Shindell<\/span> \/ Cient\u00edfico del clima y profesor distinguido de la Escuela Nicholas para el Ambiente en la Universidad de Duke; autor de m\u00faltiples informes del IPCC.<\/li>\n<li><span id=\"felipe-j col\u00f3n-gonz\u00e1lez\" class=\"name\">Felipe J. Col\u00f3n-Gonz\u00e1lez<\/span> \/ Profesor adscrito del departamento de Epidemiolog\u00eda de las Enfermedades Infecciosas, facultad de Higiene y Medicina Tropical en la Universidad de Londres.<\/li>\n<li><span id=\"john-brownstein\" class=\"name\">John Brownstein<\/span> \/ Director de innovaci\u00f3n del hospital infantil de Boston; profesor del departamento de Inform\u00e1tica Biom\u00e9dica y Pediatr\u00eda de la facultad de Medicina de Harvard.<\/li>\n<li><span id=\"derek-macfadden\" class=\"name\">Derek MacFadden<\/span> \/ Cient\u00edfico cl\u00ednico en el hospital de Ottawa; investigador cl\u00ednico j\u00fanior del Instituto de Investigaci\u00f3n del Hospital de Ottawa en el uso de antibi\u00f3ticos y la resistencia a los antibi\u00f3ticos en la Universidad de Ottawa (Canad\u00e1).<\/li>\n<li><span id=\"sarah-mcgough\" class=\"name\">Sarah McGough<\/span> \/ Epidemi\u00f3loga de enfermedades infecciosas, facultad de Salud P\u00fablica T. H. Chan de Harvard.<\/li>\n<li><span id=\"mauricio-santillana\" class=\"name\">Mauricio Santillana<\/span> \/ Profesor de F\u00edsica en la Universidad del Nordeste y profesor adjunto de Epidemiolog\u00eda en la facultad de Salud P\u00fablica T. H. Chan de Harvard.<\/li>\n<li><span id=\"samuel-s myers\" class=\"name\">Samuel S. Myers<\/span> \/ Cient\u00edfico investigador principal de la facultad de Salud P\u00fablica T. H. Chan de Harvard y director de la Alianza Planetaria para la Salud Planetaria.<\/li>\n<li><span id=\"saleemul-huq\" class=\"name\">Saleemul Huq<\/span> \/ Director del Centro Internacional para el Cambio Clim\u00e1tico y el Desarrollo de la Universidad Independiente de Bangladesh.<\/li>\n<li><span id=\"jacqueline-patterson\" class=\"name\">Jacqueline Patterson<\/span> \/ Fundadora y directora ejecutiva del Proyecto Chisholm Legacy, un prominente centro de recursos para el liderazgo negro de justicia clim\u00e1tica de primera l\u00ednea.<\/li>\n<li><span id=\"abrahm-lustgarten\" class=\"name\">Abrahm Lustgarten<\/span> \/ Periodista de investigaci\u00f3n para ProPublica y The New York Times Magazine; autor de un libro de pr\u00f3xima aparici\u00f3n sobre la migraci\u00f3n impulsada por el clima en EE. UU.<\/li>\n<li><span id=\"michael-taylor\" class=\"name\">Michael Taylor<\/span> \/ Cient\u00edfico del clima caribe\u00f1o, autor del IPCC, y profesor y decano de la facultad de Ciencia y Tecnolog\u00eda de la Universidad de las Indias Occidentales (Mona).<\/li>\n<li><span id=\"hindou-oumarou ibrahim\" class=\"name\">Hindou Oumarou Ibrahim<\/span> \/ Mujer ind\u00edgena, ge\u00f3grafa y coordinadora de la Asociaci\u00f3n de Mujeres y Pueblos Ind\u00edgenas de Chad; defensora de los Objetivos de Desarrollo Sostenible de la ONU.<\/li>\n<li><span id=\"elin-anna labba\" class=\"name\">Elin Anna Labba<\/span> \/ Periodista y escritora sami que trabaja en literaturas ind\u00edgenas en Tj\u00e1llegoahte, en Jokkmokk (Suecia).<\/li>\n<li><span id=\"s\u00f4nia-guajajara\" class=\"name\">S\u00f4nia Guajajara<\/span> \/ Activista, ambientalista y pol\u00edtica ind\u00edgena brasile\u00f1a, adem\u00e1s de coordinadora de la Asociaci\u00f3n de Pueblos Ind\u00edgenas de Brasil.<\/li>\n<li><span id=\"solomon-hsiang\" class=\"name\">Solomon Hsiang<\/span> \/ Cient\u00edfico y economista, profesor y director del Laboratorio de Pol\u00edticas Globales de la Universidad de California (Berkeley); cofundador del Laboratorio de Impacto Clim\u00e1tico.<\/li>\n<li><span id=\"taikan-oki\" class=\"name\">Taikan Oki<\/span> \/ Hidr\u00f3logo global, antiguo vicerrector principal de la Universidad de las Naciones Unidas, y autor y coordinador del IPCC.<\/li>\n<li><span id=\"marshall-burke\" class=\"name\">Marshall Burke<\/span> \/ Profesor asociado en el Departamento de Ciencias del sistema Tierra de la Universidad de Stanford y cofundador de Atlas AI.<\/li>\n<li><span id=\"eugene-linden\" class=\"name\">Eugene Linden<\/span> \/ Periodista y escritor; su libro m\u00e1s reciente sobre el cambio clim\u00e1tico es Fire and Flood; con anterioridad, The Winds of Change gan\u00f3 un premio Grantham.<\/li>\n<li><span id=\"kevin-anderson\" class=\"name\">Kevin Anderson<\/span> \/ Profesor de Energ\u00eda y Cambio Clim\u00e1tico en las universidades de Manchester, Uppsala y Bergen.<\/li>\n<li><span id=\"alexandra-urisman otto\" class=\"name\">Alexandra Urisman Otto<\/span> \/ Periodista sobre el clima del peri\u00f3dico sueco Dagens Nyheter y coautora de Gretas Resa.<\/li>\n<li><span id=\"bill-mckibben\" class=\"name\">Bill McKibben<\/span> \/ Fundador de las organizaciones ambientales 350.org y Third Act y autor de m\u00e1s de una docena de libros, entre ellos The End of Nature y Eaarth.<\/li>\n<li><span id=\"glen-peters\" class=\"name\">Glen Peters<\/span> \/ Director de investigaci\u00f3n del Centro Internacional de Investigaci\u00f3n Clim\u00e1tica de Oslo, miembro del equipo ejecutivo de Global Carbon Budget y uno de los autores principales del IPCC.<\/li>\n<li><span id=\"karl-heinz-erb\" class=\"name\">Karl-Heinz Erb<\/span> \/ Uno de los autores principales del IPCC, director del Instituto de Ecolog\u00eda Social y profesor asociado en la Universidad de Recursos Naturales y Ciencias de la Vida (Viena).<\/li>\n<li><span id=\"simone-gingrich\" class=\"name\">Simone Gingrich<\/span> \/ Profesora ayudante del Instituto de Ecolog\u00eda Social, Universidad de Recursos Naturales y Ciencias de la Vida (Viena).<\/li>\n<li><span id=\"niclas-h\u00e4llstr\u00f6m\" class=\"name\">Niclas H\u00e4llstr\u00f6m<\/span> \/ Director del foro Y Ahora \u00bfQu\u00e9?, presidente del Grupo ETC y profesor asociado del Centro de Estudios Ambientales y de Desarrollo de la Universidad de Uppsala.<\/li>\n<li><span id=\"jennie-c stephens\" class=\"name\">Jennie C. Stephens<\/span> \/ Profesora decana de Ciencias y Pol\u00edticas de Sostenibilidad en la Universidad del Nordeste y autora de Diversifying Power.<\/li>\n<li><span id=\"isak-stoddard\" class=\"name\">Isak Stoddard<\/span> \/ Estudiante de doctorado de Recursos Naturales y Desarrollo sostenible en el departamento de Ciencias de la Tierra de la Universidad de Uppsala.<\/li>\n<li><span id=\"rob-jackson\" class=\"name\">Rob Jackson<\/span> \/ Cient\u00edfico de la tierra en la Universidad de Stanford y director del proyecto Global Carbon.<\/li>\n<li><span id=\"alexander-popp\" class=\"name\">Alexander Popp<\/span> \/ Cient\u00edfico en el Instituto de Investigaci\u00f3n sobre el Impacto del Cambio Clim\u00e1tico de Potsdam y l\u00edder de un grupo de investigaci\u00f3n sobre gesti\u00f3n del uso de la tierra.<\/li>\n<li><span id=\"michael-clark\" class=\"name\">Michael Clark<\/span> \/ Cient\u00edfico del ambiente en la Universidad de Oxford, centrado en la aportaci\u00f3n de los sistemas alimentarios al clima, la biodiversidad y el bienestar.<\/li>\n<li><span id=\"sonja-vermeulen\" class=\"name\">Sonja Vermeulen<\/span> \/ Directora de programas en CGIAR y asociada en Chatham House.<\/li>\n<li><span id=\"john-barrett\" class=\"name\">John Barrett<\/span> \/ Profesor de Pol\u00edticas de Energ\u00eda y Clima en la Universidad de Leeds, asesor del Gobierno sobre DEFRA y autor del IPCC.<\/li>\n<li><span id=\"alice-garvey\" class=\"name\">Alice Garvey<\/span> \/ Investigadora del Instituto de Investigaci\u00f3n sobre Sostenibilidad, Universidad de Leeds.<\/li>\n<li><span id=\"ketan-joshi\" class=\"name\">Ketan Joshi<\/span> \/ Escritor, analista y asesor de comunicaciones independiente, que ha trabajado para diversas organizaciones sobre el clima australianas y europeas.<\/li>\n<li><span id=\"alice-larkin\" class=\"name\">Alice Larkin<\/span> \/ Vicedecana y directora de la Escuela de Ingenier\u00eda y profesora de Ciencias Clim\u00e1ticas y Pol\u00edticas Energ\u00e9ticas en la Universidad de Manchester.<\/li>\n<li><span id=\"jillian-anable\" class=\"name\">Jillian Anable<\/span> \/ Codirectora del CREDS, Centro de Investigaci\u00f3n de Soluciones para la Demanda de Energ\u00eda de la Universidad de Oxford.<\/li>\n<li><span id=\"christian-brand\" class=\"name\">Christian Brand<\/span> \/ Codirector del Centro de Investigaci\u00f3n sobre Energ\u00eda del Reino Unido y profesor asociado en la Universidad de Oxford.<\/li>\n<li><span id=\"annie-lowrey\" class=\"name\">Annie Lowrey<\/span> \/ Escritora en plantilla de Atlantic, donde trata asuntos de pol\u00edtica econ\u00f3mica, y autora de Give People Money.<\/li>\n<li><span id=\"mike-berners-lee\" class=\"name\">Mike Berners-Lee<\/span> \/ Profesor del Centro Ambiental de la Universidad de Lancaster, director de Small World Consulting Ltd. y autor de There is No Planet B.<\/li>\n<li><span id=\"silpa-kaza\" class=\"name\">Silpa Kaza<\/span> \/ Especialista en desarrollo urbano en el Centro Global de Gesti\u00f3n Urbana y de Desastres, de Resiliencia y de la Tierra del Banco Mundial.<\/li>\n<li><span id=\"nina-schrank\" class=\"name\">Nina Schrank<\/span> \/ Activista del Equipo de Pl\u00e1sticos de Greenpeace Reino Unido.<\/li>\n<li><span id=\"nicholas-stern\" class=\"name\">Nicholas Stern<\/span> \/ Profesor de Econom\u00eda y Gobernanza, y presidente del Instituto Grantham de Investigaci\u00f3n de la facultad de Econom\u00eda y Ciencias Pol\u00edticas de Londres.<\/li>\n<li><span id=\"sunita-narain\" class=\"name\">Sunita Narain<\/span> \/ Directora general del Centro para la Ciencia y el Ambiente, organizaci\u00f3n sin \u00e1nimo de lucro para la investigaci\u00f3n y la defensa del inter\u00e9s p\u00fablico con sede en Nueva Delhi.<\/li>\n<li><span id=\"jason-hickel\" class=\"name\">Jason Hickel<\/span> \/ Antrop\u00f3logo econ\u00f3mico, escritor y profesor del Instituto para la Ciencia y la Tecnolog\u00eda Ambientales de la Universidad Aut\u00f3noma de Barcelona.<\/li>\n<li><span id=\"amitav-ghosh\" class=\"name\">Amitav Ghosh<\/span> \/ Autor de diecis\u00e9is obras de ficci\u00f3n y de no ficci\u00f3n; primer escritor de habla inglesa en recibir el mayor honor literario de la India, el Premio Jnanpith.<\/li>\n<li><span id=\"stuart-capstick\" class=\"name\">Stuart Capstick<\/span> \/ Cient\u00edfico social ambiental en la Universidad de Cardiff y director adjunto del Centro de Cambio Clim\u00e1tico y Transformaciones Sociales.<\/li>\n<li><span id=\"lorraine-whitmarsh\" class=\"name\">Lorraine Whitmarsh<\/span> \/ Profesora de Psicolog\u00eda Ambiental en la Universidad de Bath y directora del Centro para el Cambio Clim\u00e1tico y las Transformaciones Sociales.<\/li>\n<li><span id=\"kate-raworth\" class=\"name\">Kate Raworth<\/span> \/ Cofundadora del Laboratorio de Acci\u00f3n Econ\u00f3mica Doughnut y asociada principal del Instituto de Cambio Ambiental de la Universidad de Oxford.<\/li>\n<li><span id=\"per-espen stoknes\" class=\"name\">Per Espen Stoknes<\/span> \/ Psic\u00f3logo, conferenciante de TEDGlobal y codirector del Centro para la Sostenibilidad de la Escuela Noruega de Negocios.<\/li>\n<li><span id=\"gidon-eshel\" class=\"name\">Gidon Eshel<\/span> \/ Profesor de F\u00edsica Ambiental del Bard College (Nueva York).<\/li>\n<li><span id=\"ayana-elizabeth johnson\" class=\"name\">Ayana Elizabeth Johnson<\/span> \/ Bi\u00f3loga marina, cofundadora del grupo de expertos sobre pol\u00edticas Urban Ocean Lab, coeditora de la antolog\u00eda All We Can Save y cocreadora de How to Save a Planet.<\/li>\n<li><span id=\"george-monbiot\" class=\"name\">George Monbiot<\/span> \/ Escritor, cineasta y activista ambiental; autor de una columna semanal para The Guardian, as\u00ed como de diversos libros y v\u00eddeos.<\/li>\n<li><span id=\"rebecca-wrigley\" class=\"name\">Rebecca Wrigley<\/span> \/ Fundadora y directora general de Rewilding Britain; ha trabajado en conservaci\u00f3n y desarrollo comunitario durante treinta a\u00f1os.<\/li>\n<li><span id=\"margaret-atwood\" class=\"name\">Margaret Atwood<\/span> \/ Autora de m\u00e1s de cincuenta obras de ficci\u00f3n, poes\u00eda y ensayo de cr\u00edtica; ganadora del premio Booker.<\/li>\n<li><span id=\"erica-chenoweth\" class=\"name\">Erica Chenoweth<\/span> \/ Cient\u00edfica pol\u00edtica, profesora en la Universidad de Harvard.<\/li>\n<li><span id=\"michael-e mann\" class=\"name\">Michael E. Mann<\/span> \/ Profesor de Ciencia Atmosf\u00e9rica en la Universidad Estatal de Pennsylvania, miembro del IPCC y autor de libros como The New Climate War.<\/li>\n<li><span id=\"seth-klein\" class=\"name\">Seth Klein<\/span> \/ Jefe de equipo en la Unidad de Emergencia Clim\u00e1tica y autor de A Good War: Mobilizing Canada for the Climate Emergency.<\/li>\n<li><span id=\"david-wallace-wells\" class=\"name\">David Wallace-Wells<\/span> \/ Escritor y columnista en The New York Times Opinion, y autor de El planeta inh\u00f3spito.<\/li>\n<li><span id=\"naomi-klein\" class=\"name\">Naomi Klein<\/span> \/ Periodista y autora de superventas; profesora de Justicia Clim\u00e1tica y codirectora del Centro para la Justicia Clim\u00e1tica de la Universidad de la Columbia Brit\u00e1nica.<\/li>\n<li><span id=\"nicki-becker\" class=\"name\">Nicki Becker<\/span> \/ Estudiante de Derecho y activista por la justicia clim\u00e1tica de Argentina; cofundadora de J\u00f3venes por el Clima; activa en Fridays for Future MAPA.<\/li>\n<li><span id=\"disha-a ravi\" class=\"name\">Disha A. Ravi<\/span> \/ Activista por la justicia ambiental y escritora de la India.<\/li>\n<li><span id=\"hilda-flavia nakabuye\" class=\"name\">Hilda Flavia Nakabuye<\/span> \/ Activista por los derechos clim\u00e1ticos y ambientales que fund\u00f3 el movimiento Fridays for Future en Uganda.<\/li>\n<li><span id=\"laura-ver\u00f3nica mu\u00f1oz\" class=\"name\">Laura Ver\u00f3nica Mu\u00f1oz<\/span> \/ Ecofeminista de los Andes colombianos e implicada en Fridays for Future, Pacto X el Clima y Unidos por la Acci\u00f3n Clim\u00e1tica.<\/li>\n<li><span id=\"ina-maria shikongo\" class=\"name\">Ina Maria Shikongo<\/span> \/ Madre, activista por la justicia clim\u00e1tica y poeta, activa en el movimiento internacional Fridays for Future.<\/li>\n<li><span id=\"ayisha-siddiqa\" class=\"name\">Ayisha Siddiqa<\/span> \/ Narradora pakistan\u00ed-estadounidense, defensora de la justicia clim\u00e1tica, y cofundadora de Polluters Out y Fossil Free University.<\/li>\n<li><span id=\"mitzi-jonelle tan\" class=\"name\">Mitzi Jonelle Tan<\/span> \/ Activista por la justicia clim\u00e1tica a tiempo completo con sede en Filipinas, implicada en J\u00f3venes por la Defensa de la Acci\u00f3n Clim\u00e1tica de Filipinas y Fridays for Future.<\/li>\n<li><span id=\"wanjira-mathai\" class=\"name\">Wanjira Mathai<\/span> \/ Ecologista y activista de Kenia, vicepresidenta y directora regional para \u00c1frica del Instituto Mundial de Recursos.<\/li>\n<li><span id=\"lucas-chancel\" class=\"name\">Lucas Chancel<\/span> \/ Codirector del Laboratorio Mundial de Desigualdad en la Escuela de Econom\u00eda de Par\u00eds y profesor asociado en Sciences Po.<\/li>\n<li><span id=\"thomas-piketty\" class=\"name\">Thomas Piketty<\/span> \/ Profesor en EHESS y en la Escuela de Econom\u00eda de Par\u00eds, y codirector del Laboratorio Mundial de Desigualdad y de la Base de Datos de la Desigualdad Mundial.<\/li>\n<li><span id=\"ol\u00faf\u00e9mi-o t\u00e1\u00edw\u00f2\" class=\"name\">Ol\u00faf\u00e9mi O. T\u00e1\u00edw\u00f2<\/span> \/ Profesor auxiliar de Filosof\u00eda en la Universidad de Georgetown y autor de Reconsidering Reparations y Elite Capture.<\/li>\n<li><span id=\"robin-wall kimmerer\" class=\"name\">Robin Wall Kimmerer<\/span> \/ Profesora distinguida de Biolog\u00eda Ambiental en la Universidad Estatal de Nueva York, y fundadora y directora del Centro para los Pueblos Nativos y el Ambiente.<\/li>\n<li><span id=\"ed-hawkins\" class=\"name\">Ed Hawkins<\/span> \/ Profesor de Meteorolog\u00eda en la Universidad de Reading.<\/li>\n<\/ul>\n<\/div>\n","protected":false},"excerpt":{"rendered":"<p>Greta Thunberg \/ Activista en Fridays for Future, ha intevenido en marchas por el clima en todo el mundo, as\u00ed como en el Foro Econ\u00f3mico Mundial en Davos, el Congreso de los Estados Unidos y las Naciones Unidas. Peter Brannen \/ Periodista cient\u00edfico, colaborador de Atlantic y autor de The Ends of the World. Beth&hellip;<\/p>\n","protected":false},"author":5,"featured_media":0,"parent":0,"menu_order":1,"comment_status":"closed","ping_status":"closed","template":"","meta":{"footnotes":""},"class_list":["post-580","page","type-page","status-publish","hentry"],"_links":{"self":[{"href":"https:\/\/theclimatebook.org\/es\/wp-json\/wp\/v2\/pages\/580","targetHints":{"allow":["GET"]}}],"collection":[{"href":"https:\/\/theclimatebook.org\/es\/wp-json\/wp\/v2\/pages"}],"about":[{"href":"https:\/\/theclimatebook.org\/es\/wp-json\/wp\/v2\/types\/page"}],"author":[{"embeddable":true,"href":"https:\/\/theclimatebook.org\/es\/wp-json\/wp\/v2\/users\/5"}],"replies":[{"embeddable":true,"href":"https:\/\/theclimatebook.org\/es\/wp-json\/wp\/v2\/comments?post=580"}],"version-history":[{"count":0,"href":"https:\/\/theclimatebook.org\/es\/wp-json\/wp\/v2\/pages\/580\/revisions"}],"wp:attachment":[{"href":"https:\/\/theclimatebook.org\/es\/wp-json\/wp\/v2\/media?parent=580"}],"curies":[{"name":"wp","href":"https:\/\/api.w.org\/{rel}","templated":true}]}}