{"id":571,"date":"2022-09-30T15:23:33","date_gmt":"2022-09-30T15:23:33","guid":{"rendered":"https:\/\/theclimatebook.org\/notas-finales\/primera-parte-como-funciona-el-clima\/1-1-para-resolver-este-problema-antes-debemos-entenderlo\/"},"modified":"2022-11-01T13:01:14","modified_gmt":"2022-11-01T13:01:14","slug":"1-1-para-resolver-este-problema-antes-debemos-entenderlo","status":"publish","type":"page","link":"https:\/\/theclimatebook.org\/es\/notas-finales\/primera-parte-como-funciona-el-clima\/1-1-para-resolver-este-problema-antes-debemos-entenderlo\/","title":{"rendered":"1.1 \u00abPara resolver este problema, antes debemos entenderlo\u00bb"},"content":{"rendered":"<div class=\"notes\">\n<p class=\"author\"><a href=\"https:\/\/theclimatebook.org\/es\/colaboradoras\/#greta-thunberg\" rel=\"author\">Greta Thunberg<\/a><\/p>\n<p class=\"date\">All online sources accessed on <time datetime=\"2020-04-24\">24 April 2020<\/time><\/p>\n<ol start=\"3\">\n<li><q>El 1 por ciento m\u00e1s rico [\u2026] es responsable<\/q> Gore, T., <cite>\u2018Confronting carbon inequality: putting climate justice at the heart of the COVID-19 recovery\u2019<\/cite>, Oxfam International, <time datetime=\"2021-09-21\">21 September 2020<\/time>, <a href=\"https:\/\/www.oxfam.org\/en\/research\/confronting-carbon-inequality\" target=\"_blank\" rel=\"noopener\">https:\/\/www.oxfam.org\/en\/research\/confronting-carbon-inequality<\/a>; Credit Suisse Research Institute, <cite>Global Wealth Report, 2021<\/cite>, <time datetime=\"2021-06\">June 2021<\/time>, <a href=\"https:\/\/www.credit-suisse.com\/about-us\/en\/reports-research\/global-wealth-report.html\" target=\"_blank\" rel=\"noopener\">https:\/\/www.credit-suisse.com\/about-us\/en\/reports-research\/global-wealth-report.html<\/a>.<\/li>\n<li><q>un patrimonio neto de 1.055.337 d\u00f3lares o m\u00e1s<\/q> Credit Suisse Research Institute,<span class=\"book\">Global Wealth Report, 2021<\/span>, 18.\n<p><q>a 1 tonelada de di\u00f3xido de carbono (CO<sub>2<\/sub>) por a\u00f1o<\/q> Esta cifra se ha calculado utilizando la ruta C1 para las emisiones globales en 2050 a partir de la contribuci\u00f3n del Grupo de Trabajo III al Sexto Informe de Evaluaci\u00f3n del IPCC y de la estima del Departamento de Asuntos Econ\u00f3micos y Sociales de las Naciones Unidas para la poblaci\u00f3n global en 2050. Intergovernmental Panel on Climate Change, <span class=\"book\">Climate Change 2022: Mitigation of Climate Change. Working Group III Contribution to the Sixth Assessment Report of the Intergovernmental Panel on Climate Change, <\/span>ed. P. R. Shukla et al. (Cambridge: Cambridge University Press, en prensa), <a href=\"https:\/\/www.ipcc.ch\/report\/ar6\/wg3\/\" rel=\"noopener\" target=\"_blank\">https:\/\/www.ipcc.ch\/report\/ar6\/wg3\/<\/a> Departamento de Asuntos Econ\u00f3micos y Sociales de las Naciones Unidas, Divisi\u00f3n de Poblaci\u00f3n, <cite>\u2018World population prospects 2022\u2019<\/cite>, 2022,<a href=\"population.un.org\/wpp\/\" target=\"_blank\" rel=\"noopener\">population.un.org\/wpp\/<\/a>.<\/p>\n<p><q>Hoy en d\u00eda, en Suecia, esa cifra es de unas 9 toneladas<\/q> Jonsson, M., <cite>\u2018Konsumtionsbaserade v\u00e4xthusgasutsl\u00e4pp per omr\u00e5de\u2019<\/cite>, Sveriges Milj\u00f6m\u00e5l, <a href=\"https:\/\/www.sverigesmiljomal.se\/miljomalen\/generationsmalet\/konsumtionsbaserade-vaxthusgasutslapp-per-omrade\/\" target=\"_blank\" rel=\"noopener\">https:\/\/www.sverigesmiljomal.se\/miljomalen\/generationsmalet\/konsumtionsbaserade-vaxthusgasutslapp-per-omrade\/<\/a>.<\/p>\n<p><q>En EE. UU. es de 17,1, [\u2026] en China de 6,6 toneladas<\/q> Proyecto de Carbono Global, <cite>\u2018Data supplement to the global carbon budget 2021\u2019<\/cite> 2021, <a href=\"https:\/\/doi.org\/10.18160\/gcp-2021\" target=\"_blank\" rel=\"noopener\">https:\/\/doi.org\/10.18160\/gcp-2021<\/a>.<\/li>\n<\/ol>\n<\/div>\n","protected":false},"excerpt":{"rendered":"<p>Greta Thunberg All online sources accessed on 24 April 2020 El 1 por ciento m\u00e1s rico [\u2026] es responsable Gore, T., \u2018Confronting carbon inequality: putting climate justice at the heart of the COVID-19 recovery\u2019, Oxfam International, 21 September 2020, https:\/\/www.oxfam.org\/en\/research\/confronting-carbon-inequality; Credit Suisse Research Institute, Global Wealth Report, 2021, June 2021, https:\/\/www.credit-suisse.com\/about-us\/en\/reports-research\/global-wealth-report.html. un patrimonio neto de&hellip;<\/p>\n","protected":false},"author":5,"featured_media":0,"parent":560,"menu_order":0,"comment_status":"closed","ping_status":"closed","template":"page-essay.php","meta":{"footnotes":""},"class_list":["post-571","page","type-page","status-publish","hentry"],"_links":{"self":[{"href":"https:\/\/theclimatebook.org\/es\/wp-json\/wp\/v2\/pages\/571","targetHints":{"allow":["GET"]}}],"collection":[{"href":"https:\/\/theclimatebook.org\/es\/wp-json\/wp\/v2\/pages"}],"about":[{"href":"https:\/\/theclimatebook.org\/es\/wp-json\/wp\/v2\/types\/page"}],"author":[{"embeddable":true,"href":"https:\/\/theclimatebook.org\/es\/wp-json\/wp\/v2\/users\/5"}],"replies":[{"embeddable":true,"href":"https:\/\/theclimatebook.org\/es\/wp-json\/wp\/v2\/comments?post=571"}],"version-history":[{"count":0,"href":"https:\/\/theclimatebook.org\/es\/wp-json\/wp\/v2\/pages\/571\/revisions"}],"up":[{"embeddable":true,"href":"https:\/\/theclimatebook.org\/es\/wp-json\/wp\/v2\/pages\/560"}],"wp:attachment":[{"href":"https:\/\/theclimatebook.org\/es\/wp-json\/wp\/v2\/media?parent=571"}],"curies":[{"name":"wp","href":"https:\/\/api.w.org\/{rel}","templated":true}]}}