{"id":561,"date":"2022-08-23T14:18:38","date_gmt":"2022-08-23T14:18:38","guid":{"rendered":"https:\/\/theclimatebook.org\/notas-finales\/primera-parte-como-funciona-el-clima\/1-4-civilizacion-y-extincion\/"},"modified":"2022-11-25T15:24:37","modified_gmt":"2022-11-25T15:24:37","slug":"1-4-civilizacion-y-extincion","status":"publish","type":"page","link":"https:\/\/theclimatebook.org\/es\/notas-finales\/primera-parte-como-funciona-el-clima\/1-4-civilizacion-y-extincion\/","title":{"rendered":"1.4 Civilizaci\u00f3n y extinci\u00f3n"},"content":{"rendered":"<div class=\"notes\">\n<p class=\"author\"><a href=\"https:\/\/theclimatebook.org\/contributors\/#elizabeth-kolbert\" rel=\"author\">Elizabeth Kolbert<\/a><\/p>\n<p class=\"date\">Las fuentes en l\u00ednea se consultaron el <time datetime=\"2022-03-07\">7 de marzo<\/time>, el <time datetime=\"2022-04-27\">27 de abril<\/time> y el <time datetime=\"2022-05-11\">11 de mayo de 2022<\/time><\/p>\n<ol start=\"11\">\n<li>\n<p><q>los humanos eran portadores de enfermedades tropicales<\/q> Greenbaum, G., et al.,<cite>\u2018Disease transmission and introgression can explain the long-lasting contact zone of modern humans and Neanderthals\u2019<\/cite>,<span class=\"book\">Nature Communications<\/span>, 10, 2019: Art\u00edculo 5003, <a href=\"https:\/\/doi.org\/10.1038\/s41467-019-12862-7\" target=\"_blank\" rel=\"noopener\">https:\/\/doi.org\/10.1038\/s41467-019-12862-7<\/a>.<\/p>\n<\/li>\n<li>\n<p><q>\u00abVivimos en un mundo zool\u00f3gicamente empobrecido\u00bb<\/q> Wallace, A. R., <cite><span class=\"book\">The Geographical Distribution of Animals with a Study of the Relations of Living and Extinct Faunas as Elucidating the Past Changes of the Earth\u2019s Surface<\/span><\/cite> (Nueva York: Harper and Brothers, 1876), vol. 1, 150.<\/p>\n<p><q>\u201cuna cat\u00e1strofe ecol\u00f3gica instant\u00e1nea geol\u00f3gicamente\u201d<\/q> Alroy, J., <cite>\u2018A multispecies overkill simulation of the end-Pleistocene megafaunal mass extinction\u2019<\/cite>, <span class=\"book\">Science<\/span>, 292 (5523), 2001: 1893\u20136, <a href=\"https:\/\/doi.org\/10.1126\/science.1059342\" target=\"_blank\" rel=\"noopener\">https:\/\/doi.org\/10.1126\/science.1059342.<\/a><\/p>\n<\/li>\n<li>\n<p><q>En un estudio reciente publicado en la revista <span class=\"book\">Current Biology<\/span><\/q> Valente, L., et al., <cite>\u2018Deep macroevolutionary impact of humans on New Zealand\u2019s unique avifauna\u2019<\/cite>, <span class=\"book\">Current Biology<\/span>, 29 (15), 2019: 2563\u20139, <a href=\"https:\/\/doi.org\/10.1016\/j.cub.2019.06.058\" target=\"_blank\" rel=\"noopener\">https:\/\/doi.org\/10.1016\/j.cub.2019.06.058.<\/a><\/p>\n<p><q>\u00abm\u00e1s densas que [&#8230;] las estrellas en el firmament\u00bb<\/q> Parrish, E. E., <span class=\"book\">The Oregon Trail Diary of Rev. Edward Evans Parrish in 1844: The Unabridged Diary<\/span>, ed. B. Webber (Medford, OR: Webb Research Group, 1988).<\/p>\n<p><q>el de capturas de peces marinos se multiplic\u00f3 por siete<\/q> Programa Internacional Geosfera-Biosfera, <cite>\u2018Great Acceleration\u2019<\/cite>, 15 de enero de 2015, <a href=\"www.igbp.net\/globalchange\/greatacceleration.4.1b8ae20512db692f2a680001630.html\" target=\"_blank\" rel=\"noopener\">www.igbp.net\/globalchange\/greatacceleration.4.1b8ae20512db692f2a680001630.html.<\/a><\/p>\n<p><q>\u00abA veces, las diferencias de cantidad pueden convertirse\u00bb<\/q> McNeill, J. R., <span class=\"book\">Something New under the Sun: An Environmental History of the Twentieth-century World<\/span> (Nueva York: W.W. Norton, 2000), 4.<\/p>\n<\/li>\n<li>\n<p><q>estaban cultivados m\u00e1s de quince millones de kil\u00f3metros cuadrados<\/q> Ibid., 213.<\/p>\n<p><q>\u00abSin duda, lo que sabemos de su reacci\u00f3n en el pasado\u00bb<\/q> Coope, G. R., <cite>\u2018The paleoclimatological significance of Late Cenozoic Coleoptera: familiar species in very unfamiliar circumstances\u2019<\/cite>, in Culver, S. J., and Rawson, P. F., eds., <span class=\"book\">Biotic Response to Global Climate Change: The Last 145 Million Years<\/span> (Cambridge: Cambridge University Press, 2000).<\/p>\n<p><q>un estudio detallado de Bramble Cay<\/q> Purtill, J., <cite>\u2018An Australian rodent has become the first climate change mammal extinction\u2019<\/cite>, ABC News, 20 de febrero de 2019, <a href=\"https:\/\/www.abc.net.au\/triplej\/programs\/hack\/bramble-cay-melomys-first-climate-change-mammal-extinction\/10830080\" target=\"_blank\" rel=\"noopener\">https:\/\/www.abc.net.au\/triplej\/programs\/hack\/bramble-cay-melomys-first-climate-change-mammal-extinction\/10830080.<\/a><\/p>\n<\/li>\n<li>\n<p><q>la extensi\u00f3n de coral de la Gran Barrera se ha reducido a la mitad<\/q> Dietzel, A., et al., <cite>\u2018Long-term shifts in the colony size structure of coral populations along the Great Barrier Reef\u2019<\/cite>, <span class=\"book\">Proceedings of the Royal Society B: Biological Sciences<\/span>, 287 (1936), 2020: Art\u00edculo 20201432, <a href=\"http:\/\/doi.org\/10.1098\/rspb.2020.1432\" target=\"_blank\" rel=\"noopener\">http:\/\/doi.org\/10.1098\/rspb.2020.1432.<\/a><\/p>\n<p><q>transformado en h\u00e1bitats dominados por algas y esponjas<\/q> Cramer, K. L., et al., <cite>\u2018Widespread loss of Caribbean acroporid corals was underway before coral bleaching and disease outbreaks\u2019<\/cite>, <span class=\"book\">Science Advances<\/span>, 6 (17), 2020, art\u00edculo eaax9395, <a href=\"https:\/\/www.science.org\/doi\/10.1126\/sciadv.aax9395\" target=\"_blank\" rel=\"noopener\">https:\/\/www.science.org\/doi\/10.1126\/sciadv.aax9395.<\/a><\/p>\n<p><q>\u00abvulnerables al colapso del ecosistema\u00bb<\/q> Obura, D., et al., <cite>\u2018Vulnerability to collapse of coral reef ecosystems in the Western Indian Ocean\u2019<\/cite>, <span class=\"book\">Nature Sustainability<\/span>, 5 (2), 2021: 104\u201313, <a href=\"https:\/\/doi:10.1038\/s41893-021-00817-0\" target=\"_blank\" rel=\"noopener\">https:\/\/doi:10.1038\/s41893-021-00817-0.<\/a><\/p>\n<\/li>\n<\/ol>\n<\/div>\n","protected":false},"excerpt":{"rendered":"<p>Elizabeth Kolbert Las fuentes en l\u00ednea se consultaron el 7 de marzo, el 27 de abril y el 11 de mayo de 2022 los humanos eran portadores de enfermedades tropicales Greenbaum, G., et al.,\u2018Disease transmission and introgression can explain the long-lasting contact zone of modern humans and Neanderthals\u2019,Nature Communications, 10, 2019: Art\u00edculo 5003, https:\/\/doi.org\/10.1038\/s41467-019-12862-7. \u00abVivimos&hellip;<\/p>\n","protected":false},"author":5,"featured_media":0,"parent":560,"menu_order":4,"comment_status":"closed","ping_status":"closed","template":"page-essay.php","meta":{"footnotes":""},"class_list":["post-561","page","type-page","status-publish","hentry"],"_links":{"self":[{"href":"https:\/\/theclimatebook.org\/es\/wp-json\/wp\/v2\/pages\/561","targetHints":{"allow":["GET"]}}],"collection":[{"href":"https:\/\/theclimatebook.org\/es\/wp-json\/wp\/v2\/pages"}],"about":[{"href":"https:\/\/theclimatebook.org\/es\/wp-json\/wp\/v2\/types\/page"}],"author":[{"embeddable":true,"href":"https:\/\/theclimatebook.org\/es\/wp-json\/wp\/v2\/users\/5"}],"replies":[{"embeddable":true,"href":"https:\/\/theclimatebook.org\/es\/wp-json\/wp\/v2\/comments?post=561"}],"version-history":[{"count":0,"href":"https:\/\/theclimatebook.org\/es\/wp-json\/wp\/v2\/pages\/561\/revisions"}],"up":[{"embeddable":true,"href":"https:\/\/theclimatebook.org\/es\/wp-json\/wp\/v2\/pages\/560"}],"wp:attachment":[{"href":"https:\/\/theclimatebook.org\/es\/wp-json\/wp\/v2\/media?parent=561"}],"curies":[{"name":"wp","href":"https:\/\/api.w.org\/{rel}","templated":true}]}}