{"id":556,"date":"2022-08-08T14:21:15","date_gmt":"2022-08-08T14:21:15","guid":{"rendered":"https:\/\/theclimatebook.org\/el-libro\/"},"modified":"2022-11-10T09:01:39","modified_gmt":"2022-11-10T09:01:39","slug":"el-libro","status":"publish","type":"page","link":"https:\/\/theclimatebook.org\/es\/el-libro\/","title":{"rendered":"El Libro"},"content":{"rendered":"<div class=\"book-cover\">\n<img decoding=\"async\" src=\"https:\/\/theclimatebook.org\/wp-content\/uploads\/2022\/10\/H423344_frontal_el-libro-del-clima-scl.jpg\" alt=\"Tapa del libro\" \/>\n<\/div>\n<p>En todo el mundo, geof\u00edsicos y matem\u00e1ticos, ocean\u00f3grafos y meteor\u00f3logos, ingenieros, economistas, psic\u00f3logos y fil\u00f3sofos han empleado su experiencia para desarrollar un conocimiento profundo de las crisis a las que nos enfrentamos. Greta Thunberg ha creado <em>El libro del clima<\/em> junto a m\u00e1s de un centenar de dichos expertos a fin de dotarnos de este conocimiento. Con ellos, Greta comparte sus propios relatos de aprendizaje, desvelamiento y revelaci\u00f3n de los \u00abenga\u00f1os verdes\u00bb en todo el mundo; as\u00ed se descubre hasta qu\u00e9 punto se nos ha mantenido ignorantes de la situaci\u00f3n. Demuestra que este es uno de nuestros mayores problemas, y tambi\u00e9n de nuestra mayor oportunidad de esperanza. Una vez dispongamos de una panor\u00e1mica completa, podremos actuar; y si la actividad de una estudiante pudo iniciar una protesta global, \u00bfqu\u00e9 podr\u00edamos conseguir nosotros colectivamente si lo intent\u00e1ramos?<\/p>\n<p><strong>Greta Thunberg<\/strong> naci\u00f3 en 2003. En agosto de 2018 inici\u00f3 una huelga escolar en defensa del clima frente al Parlamento sueco que, desde entonces, se ha extendido al resto del mundo. Es activista de Fridays for Future y ha participado como conferenciante en concentraciones por el clima en todo el planeta, adem\u00e1s de en el Foro Econ\u00f3mico Mundial de Davos, en el Congreso de EE. UU. y en la ONU.<\/p>\n<h2 class=\"page-entry-title\">Comprar el Libro<\/h2>\n<ul class=\"shop\">\n<li><a href=\"https:\/\/www.todostuslibros.com\/libros\/a_9788426423344\" target=\"_blank\" rel=\"noopener\">Todos tus libros<\/a><\/li>\n<li><a href=\"https:\/\/www.casadellibro.com\/libro-el-libro-del-clima\/9788426423344\/13212793\" target=\"_blank\" rel=\"noopener\">Casa del libro<\/a><\/li>\n<li><a href=\"https:\/\/www.amazon.es\/El-libro-del-clima-Ensayo\/dp\/8426423345\/ref=sr_1_1?crid=3V3ZF8VJ8LPJG&#038;keywords=el+libro+del+clima&#038;qid=1667999496&#038;qu=eyJxc2MiOiIwLjAwIiwicXNhIjoiMC4wMCIsInFzcCI6IjAuMDAifQ%3D%3D&#038;sprefix=el+libro+del+clima%2Caps%2C93&#038;sr=8-1El\" target=\"_blank\" rel=\"noopener\">Amazon<\/a><\/li>\n<li><a href=\"https:\/\/www.elcorteingles.es\/libros\/A44633451-el-libro-del-clima-tapa-blanda\/?s=9788426423344&#038;stype=text_box\" target=\"_blank\" rel=\"noopener\">Corte Ingl\u00e9s<\/a><\/li>\n<li><a href=\"https:\/\/www.agapea.com\/libros\/El-libro-del-clima-9788426423344-i.htm\" target=\"_blank\" rel=\"noopener\">Agapea<\/a><\/li>\n<li><a href=\"https:\/\/www.fnac.es\/a9563078\/Greta-Thunberg-El-libro-del-clima#omnsearchpos=1\" target=\"_blank\" rel=\"noopener\">Fnac<\/a><\/li>\n<\/ul>\n","protected":false},"excerpt":{"rendered":"<p>En todo el mundo, geof\u00edsicos y matem\u00e1ticos, ocean\u00f3grafos y meteor\u00f3logos, ingenieros, economistas, psic\u00f3logos y fil\u00f3sofos han empleado su experiencia para desarrollar un conocimiento profundo de las crisis a las que nos enfrentamos. Greta Thunberg ha creado El libro del clima junto a m\u00e1s de un centenar de dichos expertos a fin de dotarnos de este&hellip;<\/p>\n","protected":false},"author":5,"featured_media":0,"parent":0,"menu_order":0,"comment_status":"closed","ping_status":"closed","template":"","meta":{"footnotes":""},"class_list":["post-556","page","type-page","status-publish","hentry"],"_links":{"self":[{"href":"https:\/\/theclimatebook.org\/es\/wp-json\/wp\/v2\/pages\/556","targetHints":{"allow":["GET"]}}],"collection":[{"href":"https:\/\/theclimatebook.org\/es\/wp-json\/wp\/v2\/pages"}],"about":[{"href":"https:\/\/theclimatebook.org\/es\/wp-json\/wp\/v2\/types\/page"}],"author":[{"embeddable":true,"href":"https:\/\/theclimatebook.org\/es\/wp-json\/wp\/v2\/users\/5"}],"replies":[{"embeddable":true,"href":"https:\/\/theclimatebook.org\/es\/wp-json\/wp\/v2\/comments?post=556"}],"version-history":[{"count":0,"href":"https:\/\/theclimatebook.org\/es\/wp-json\/wp\/v2\/pages\/556\/revisions"}],"wp:attachment":[{"href":"https:\/\/theclimatebook.org\/es\/wp-json\/wp\/v2\/media?parent=556"}],"curies":[{"name":"wp","href":"https:\/\/api.w.org\/{rel}","templated":true}]}}