{"id":261,"date":"2022-09-06T11:32:07","date_gmt":"2022-09-06T11:32:07","guid":{"rendered":"http:\/\/theclimatebook.org\/?page_id=261"},"modified":"2022-11-01T12:58:53","modified_gmt":"2022-11-01T12:58:53","slug":"4-1-how-can-we-undo-our-failures-if-we-are-unable-to-admit-that-we-have-failed","status":"publish","type":"page","link":"https:\/\/theclimatebook.org\/en-us\/endnotes\/what-weve-done-about-it\/4-1-how-can-we-undo-our-failures-if-we-are-unable-to-admit-that-we-have-failed\/","title":{"rendered":"4.1 How can we undo our failures if we are unable to admit that we have failed?"},"content":{"rendered":"<div class=\"notes\">\n<p class=\"author\"><a href=\"\/contributors#greta-thunberg\" rel=\"author\">Greta Thunberg<\/a><\/p>\n<p class=\"date\">All online sources accessed on <time datetime=\"2022-02-04\">4 February 2022<\/time><\/p>\n<ol start=\"201\">\n<li>\n<p>\n<q>only one third of our actual emissions \u2026 were included<\/q> <cite>\u2018Klimatpolitiken r\u00e4cker bara halvv\u00e4gs \u2013 f\u00f6r att n\u00e5 redan bristf\u00e4lliga m\u00e5l\u2019<\/cite>, <span class=\"book\">Dagens Nyheter<\/span>, 25 July 2021, <a href=\"https:\/\/www.dn.se\/sverige\/klimatpolitiken-racker-bara-halvvags-for-att-na-redan-bristfalliga-mal\/\" target=\"_blank\" rel=\"noopener\">https:\/\/www.dn.se\/sverige\/klimatpolitiken-racker-bara-halvvags-for-att-na-redan-bristfalliga-mal\/<\/a>.\n<\/p>\n<p>\n<q>this phenomenon is far from unique<\/q> Mooney, C., et al., <cite>\u2018Countries\u2019 climate pledges built on flawed data, Post investigation finds\u2019<\/cite>, <span class=\"book\">Washington Post<\/span>, 7 November 2021, <a href=\"https:\/\/www.washingtonpost.com\/climate-environment\/interactive\/2021\/greenhouse-gas-emissions-pledges-data\/\" target=\"_blank\" rel=\"noopener\">https:\/\/www.washingtonpost.com\/climate-environment\/interactive\/2021\/greenhouse-gas-emissions-pledges-data\/<\/a>.\n<\/p>\n<\/li>\n<\/ol>\n<\/div>\n","protected":false},"excerpt":{"rendered":"<p>Greta Thunberg All online sources accessed on 4 February 2022 only one third of our actual emissions \u2026 were included \u2018Klimatpolitiken r\u00e4cker bara halvv\u00e4gs \u2013 f\u00f6r att n\u00e5 redan bristf\u00e4lliga m\u00e5l\u2019, Dagens Nyheter, 25 July 2021, https:\/\/www.dn.se\/sverige\/klimatpolitiken-racker-bara-halvvags-for-att-na-redan-bristfalliga-mal\/. this phenomenon is far from unique Mooney, C., et al., \u2018Countries\u2019 climate pledges built on flawed data, Post&hellip;<\/p>\n","protected":false},"author":5,"featured_media":0,"parent":148,"menu_order":1,"comment_status":"closed","ping_status":"closed","template":"page-essay.php","meta":{"footnotes":""},"class_list":["post-261","page","type-page","status-publish","hentry"],"_links":{"self":[{"href":"https:\/\/theclimatebook.org\/en-us\/wp-json\/wp\/v2\/pages\/261","targetHints":{"allow":["GET"]}}],"collection":[{"href":"https:\/\/theclimatebook.org\/en-us\/wp-json\/wp\/v2\/pages"}],"about":[{"href":"https:\/\/theclimatebook.org\/en-us\/wp-json\/wp\/v2\/types\/page"}],"author":[{"embeddable":true,"href":"https:\/\/theclimatebook.org\/en-us\/wp-json\/wp\/v2\/users\/5"}],"replies":[{"embeddable":true,"href":"https:\/\/theclimatebook.org\/en-us\/wp-json\/wp\/v2\/comments?post=261"}],"version-history":[{"count":0,"href":"https:\/\/theclimatebook.org\/en-us\/wp-json\/wp\/v2\/pages\/261\/revisions"}],"up":[{"embeddable":true,"href":"https:\/\/theclimatebook.org\/en-us\/wp-json\/wp\/v2\/pages\/148"}],"wp:attachment":[{"href":"https:\/\/theclimatebook.org\/en-us\/wp-json\/wp\/v2\/media?parent=261"}],"curies":[{"name":"wp","href":"https:\/\/api.w.org\/{rel}","templated":true}]}}