{"id":12,"date":"2022-08-08T14:23:01","date_gmt":"2022-08-08T14:23:01","guid":{"rendered":"http:\/\/tcb.localhost\/?page_id=12"},"modified":"2022-10-04T11:52:20","modified_gmt":"2022-10-04T11:52:20","slug":"contributors","status":"publish","type":"page","link":"https:\/\/theclimatebook.org\/en-us\/contributors\/","title":{"rendered":"Contributors"},"content":{"rendered":"<div class=\"contributors\">\n<ul>\n<li><span id=\"greta-thunberg\" class=\"name\">Greta Thunberg<\/span> \/ Activist in <em>Fridays for Future<\/em> and has spoken at climate rallies across the globe, as well as at the World Economic Forum in Davos, the US Congress, and the United Nations.<\/li>\n<li><span id=\"peter-brannen\" class=\"name\">Peter Brannen<\/span> \/ Science journalist, contributing writer at <em>The Atlantic<\/em> and author of <em>The Ends of the World<\/em>.<\/li>\n<li><span id=\"beth-shapiro\" class=\"name\">Beth Shapiro<\/span> \/ Professor of Ecology and Evolutionary Biology at University of California Santa Cruz and author of <em>Life as We Made It<\/em>.<\/li>\n<li><span id=\"elizabeth-kolbert\" class=\"name\">Elizabeth Kolbert<\/span> \/ Staff writer for the New Yorker and the author, most recently, of <em>Under a White Sky: The Nature of the Future<\/em>.<\/li>\n<li><span id=\"michael-oppenheimer\" class=\"name\">Michael Oppenheimer<\/span> \/ Atmospheric scientist, Princeton University\u2019s Professor of Geosciences and International Affairs and long-time IPCC author.<\/li>\n<li><span id=\"naomi-oreskes\" class=\"name\">Naomi Oreskes<\/span> \/ Professor of the History of Science and Affiliated Professor of Earth and Planetary Sciences at Harvard University.<\/li>\n<li><span id=\"johan-rockstr\u00f6m\" class=\"name\">Johan Rockstr\u00f6m<\/span> \/ Director of the Potsdam Institute for Climate Impact Research and Professor at Potsdam University.<\/li>\n<li><span id=\"katharine-hayhoe\" class=\"name\">Katharine Hayhoe<\/span> \/ Endowed Chair and Distinguished Professor at Texas Tech University and author of <em>Saving Us<\/em>.<\/li>\n<li><span id=\"zeke-hausfather\" class=\"name\">Zeke Hausfather<\/span> \/ Climate research lead at Stripe, research scientist at Berkeley Earth.<\/li>\n<li><span id=\"bj\u00f8rn-h-samset\" class=\"name\">Bj\u00f8rn H. Samset<\/span> \/ Senior researcher at CICERO Centre for International Climate Research, an IPCC lead author, and expert on the effects of non-CO2 emissions.<\/li>\n<li><span id=\"paulo-ceppi\" class=\"name\">Paulo Ceppi<\/span> \/ Lecturer in climate science at the Grantham Institute and the Department of Physics at Imperial College London.<\/li>\n<li><span id=\"jennifer-francis\" class=\"name\">Jennifer Francis<\/span> \/ Senior scientist at the Woodwell Climate Research Center and formerly Research Professor in Marine and Coastal Sciences at Rutgers University.<\/li>\n<li><span id=\"friederike-otto\" class=\"name\">Friederike Otto<\/span> \/ Senior lecturer in Climate Science at the Grantham Institute at Imperial College London and co-lead of World Weather Attribution.<\/li>\n<li><span id=\"kate-marvel\" class=\"name\">Kate Marvel<\/span> \/ Climate scientist at the Columbia University Center for Climate Systems research and the NASA Goddard Institute for Space Studies.<\/li>\n<li><span id=\"ricarda-winkelmann\" class=\"name\">Ricarda Winkelmann<\/span> \/ Professor of Climate System Analysis at the Potsdam Institute for Climate Impact Research and the University of Potsdam.<\/li>\n<li><span id=\"stefan-rahmstorf\" class=\"name\">Stefan Rahmstorf<\/span> \/ Head of Earth System Analysis at the Potsdam Institute and Professor of Physics of the Oceans at the University of Potsdam.<\/li>\n<li><span id=\"hans-otto-p\u00f6rtner\" class=\"name\">Hans-Otto P\u00f6rtner<\/span> \/ Climatologist, physiologist, Professor and Head of the Department of Integrative Ecophysiology at the Alfred Wegener Institute.<\/li>\n<li><span id=\"karin-kvale\" class=\"name\">Karin Kvale<\/span> \/ Senior researcher at GNS Science and expert in modelling the role of marine ecology in global biogeochemical cycles.<\/li>\n<li><span id=\"peter-h-gleick\" class=\"name\">Peter H. Gleick<\/span> \/ Co-founder and president-emeritus of the Pacific Institute, member US National Academy of Sciences, hydroclimatologist.<\/li>\n<li><span id=\"jo\u00eblle-gergis\" class=\"name\">Jo\u00eblle Gergis<\/span> \/ Senior lecturer in Climate Science at the Australian National University and lead author on the IPCC Sixth Assessment Report.<\/li>\n<li><span id=\"carlos-nobre\" class=\"name\">Carlos Nobre<\/span> \/ Earth System scientist on The Amazon, Chair of the Science Panel for the Amazon and the convener of the Amazonia 4.0 project.<\/li>\n<li><span id=\"julia-arieira\" class=\"name\">Julia Arieira<\/span> \/ Plant Ecologist and Earth system scientist at Brazil\u2019s Federal University of Esp\u00edrito Santo.<\/li>\n<li><span id=\"nath\u00e1lia-nascimento\" class=\"name\">Nath\u00e1lia Nascimento<\/span> \/ Geographer and Earth system scientist at Brazil\u2019s Federal University of Esp\u00edrito Santo.<\/li>\n<li><span id=\"beverly-law\" class=\"name\">Beverly Law<\/span> \/ Professor Emeritus of Global Change Biology and Terrestrial Systems Science at Oregon State University.<\/li>\n<li><span id=\"andy-purvis\" class=\"name\">Andy Purvis<\/span> \/ Biodiversity researcher at the Natural History Museum in London; leda chapter of the first IPBES Global Assessment of Biodiversity &amp; Ecosystem Services.<\/li>\n<li><span id=\"adriana-de-palma\" class=\"name\">Adriana De Palma<\/span> \/ World Economic Forum Young Scientist and senior researcher at the Natural History Museum in London.<\/li>\n<li><span id=\"dave-goulson\" class=\"name\">Dave Goulson<\/span> \/ Professor of Biology at the University of Sussex; author of over 400 scientific articles on insect ecology and, among other books, <em>Silent Earth<\/em>.<\/li>\n<li><span id=\"keith-w-larson\" class=\"name\">Keith W. Larson<\/span> \/ Ecologist researching environmental change in the Arctic and Director of the Arctic Centre at Ume\u00e5 University.<\/li>\n<li><span id=\"jennifer-l-soong\" class=\"name\">Jennifer L. Soong<\/span> \/ Soil carbon scientist at Corteva; affiliate scientist at Colorado State University and Lawrence Berkeley National Laboratory.<\/li>\n<li><span id=\"\u00f6rjan-gustafsson\" class=\"name\">\u00d6rjan Gustafsson<\/span> \/ Professor in Biogeochemistry at Stockholm University, and elected Fellow of the Royal Swedish Academy of Sciences.<\/li>\n<li><span id=\"tamsin-edwards\" class=\"name\">Tamsin Edwards<\/span> \/ Climate scientist at King\u2019s College London, an IPCC lead author and science communicator specializing in uncertainties in sea-level rise.<\/li>\n<li><span id=\"tedros-adhanom-ghebreyesus\" class=\"name\">Tedros Adhanom Ghebreyesus<\/span> \/ Director-general of the World Health Organization.<\/li>\n<li><span id=\"ana-m-vicedo-cabrera\" class=\"name\">Ana M. Vicedo-Cabrera<\/span> \/ Environmental epidemiologist, leader of the Climate Change and Health research group at the University of Bern.<\/li>\n<li><span id=\"drew-shindell\" class=\"name\">Drew Shindell<\/span> \/ Climate scientist and Distinguished Professor at Duke University\u2019s Nicholas School of the Environment, author on multiple IPCC Assessments.<\/li>\n<li><span id=\"felipe-j-col\u00f3n-gonz\u00e1lez\" class=\"name\">Felipe J. Col\u00f3n-Gonz\u00e1lez<\/span> \/ Assistant Professor at the Department of Infectious Disease Epidemiology, London School of Hygiene and Tropical Medicine.<\/li>\n<li><span id=\"john-brownstein\" class=\"name\">John Brownstein<\/span> \/ Chief innovation officer, Boston Children\u2019s Hospital; Professor of Biomedical Informatics and Pediatrics, Harvard Medical School.<\/li>\n<li><span id=\"derek-macfadden\" class=\"name\">Derek MacFadden<\/span> \/ Clinician scientist at the Ottawa Hospital; Junior Clinical Research Chair in Antibiotic Use and Antibiotic Resistance at the University of Ottawa, Canada.<\/li>\n<li><span id=\"sarah-mcgough\" class=\"name\">Sarah McGough<\/span> \/ Infectious disease epidemiologist, Harvard T. H. Chan School of Public Health.<\/li>\n<li><span id=\"mauricio-santillana\" class=\"name\">Mauricio Santillana<\/span> \/ Professor of Physics, Northeastern University, and Adjunct Professor of Epidemiology, Harvard T. H. Chan School of Public Health.<\/li>\n<li><span id=\"samuel-s-myers\" class=\"name\">Samuel S. Myers<\/span> \/ Principal research scientist, Harvard T. H. Chan School of Public Health and Director, Planetary Health Alliance.<\/li>\n<li><span id=\"saleemul-huq\" class=\"name\">Saleemul Huq<\/span> \/ Director of the International Centre for Climate Change and Development at the Independent University, Bangladesh.&nbsp;<\/li>\n<li><span id=\"jacqueline-patterson\" class=\"name\">Jacqueline Patterson<\/span> \/ Founder and Executive Director of the Chisholm Legacy Project, a resource hub for Black front-line climate justice leadership.<\/li>\n<li><span id=\"abrahm-lustgarten\" class=\"name\">Abrahm Lustgarten<\/span> \/ Investigative reporter for <em>ProPublica<\/em> and the <em>New York Times Magazine<\/em>; author of a forthcoming book about climate-driven migration in the US.<\/li>\n<li><span id=\"michael-taylor\" class=\"name\">Michael Taylor<\/span> \/ Caribbean climate scientist, IPCC lead author, professor and dean of the Faculty of Science and Technology, the University of the West Indies, Mona.<\/li>\n<li><span id=\"hindou-oumarou-ibrahim\" class=\"name\">Hindou Oumarou Ibrahim<\/span> \/ Indigenous woman, geographer and coordinator of the Association of Indigenous Women and Peoples of Chad; UN Sustainable Development Goals advocate.<\/li>\n<li><span id=\"elin-anna-labba\" class=\"name\">Elin Anna Labba<\/span> \/ S\u00e1mi journalist and writer working with indigenous literatures at Tj\u00e1llegoahte in Jokkmokk, Sweden.<\/li>\n<li><span id=\"sonia-guajajara\" class=\"name\">Sonia Guajajara<\/span> \/ Brazilian Indigenous activist, environmentalist and politician, and coordinator of the Association of Indigenous People of Brazil.<\/li>\n<li><span id=\"solomon-hsiang\" class=\"name\">Solomon Hsiang<\/span> \/ Scientist and economist, Professor and Director of the Global Policy Laboratory at UC Berkeley; co-founder of the Climate Impact Lab.<\/li>\n<li><span id=\"taikan-oki\" class=\"name\">Taikan Oki<\/span> \/ Global hydrologist, former Senior Vice-Rector of the United Nations University, and an IPCC Coordinating Lead Author.&nbsp;<\/li>\n<li><span id=\"marshall-burke\" class=\"name\">Marshall Burke<\/span> \/ Associate Professor in the Department of Earth System Science at Stanford University and co-founder of Atlas AI.<\/li>\n<li><span id=\"eugene-linden\" class=\"name\">Eugene Linden<\/span> \/ Journalist and author; his most recent book on climate change is <em>Fire and Flood<\/em>. Previously, <em>The Winds of Change<\/em> won a Grantham Award.<\/li>\n<li><span id=\"kevin-anderson\" class=\"name\">Kevin Anderson<\/span> \/ Professor of Energy and Climate Change at the Universities of Manchester, Uppsala and Bergen.<\/li>\n<li><span id=\"alexandra-urisman-otto\" class=\"name\">Alexandra Urisman Otto<\/span> \/ Climate reporter at the Swedish newspaper <em>Dagens Nyheter<\/em> and co-author of <em>Gretas resa (Greta\u2019s Journey)<\/em>.<\/li>\n<li><span id=\"bill-mckibben\" class=\"name\">Bill McKibben<\/span> \/ Founder of the environmental organizations 350.org and Third Act and author of more than a dozen books, including <em>The End of Nature<\/em> and <em>Eaarth<\/em>.&nbsp;&nbsp;<\/li>\n<li><span id=\"glen-peters\" class=\"name\">Glen Peters<\/span> \/ Research Director at the Centre for International Climate Research in Oslo; member of the executive team of the Global Carbon Budget; an IPCC lead author.<\/li>\n<li><span id=\"karl-heinz-erb\" class=\"name\">Karl-Heinz Erb<\/span> \/ An IPCC lead author, Director of the Institute of Social Ecology and associate Professor at the University of Natural Resources and Life Sciences, Vienna.<\/li>\n<li><span id=\"simone-gingrich\" class=\"name\">Simone Gingrich<\/span> \/ Assistant Professor, Institute of Social Ecology, University of Natural Resources and Life Sciences, Vienna.<\/li>\n<li><span id=\"niclas-h\u00e4llstr\u00f6m\" class=\"name\">Niclas H\u00e4llstr\u00f6m<\/span> \/ Director of WhatNext?, President of the ETC Group, and senior affiliate at Centre for Environment and Development Studies, Uppsala University.<\/li>\n<li><span id=\"jennie-c-stephens\" class=\"name\">Jennie C. Stephens<\/span> \/ Dean\u2019s Professor of Sustainability Science and Policy at Northeastern University, and author of <em>Diversifying Power.<\/em><\/li>\n<li><span id=\"isak-stoddard\" class=\"name\">Isak Stoddard<\/span> \/ PhD candidate in Natural Resources and Sustainable Development at the Department of Earth Sciences, Uppsala University.<\/li>\n<li><span id=\"rob-jackson\" class=\"name\">Rob Jackson<\/span> \/ Earth scientist at Stanford University and Chair of the Global Carbon Project.<\/li>\n<li><span id=\"alexander-popp\" class=\"name\">Alexander Popp<\/span> \/ Senior scientist at the Potsdam Institute for Climate Impact Research and leader of a research group on land-use management.<\/li>\n<li><span id=\"michael-clark\" class=\"name\">Michael Clark<\/span> \/ Environmental scientist at the University of Oxford, focusing on food systems\u2019 contribution to climate, biodiversity and well-being.<\/li>\n<li><span id=\"sonja-vermeulen\" class=\"name\">Sonja Vermeulen<\/span> \/ Director of Programs at CGIAR, and Associate at Chatham House.<\/li>\n<li><span id=\"john-barrett\" class=\"name\">John Barrett<\/span> \/ Professor in Energy and Climate Policy, University of Leeds, government advisor to DEFRA and an IPCC lead author.<\/li>\n<li><span id=\"alice-garvey\" class=\"name\">Alice Garvey<\/span> \/ Researcher at the Sustainability Research Institute, University of Leeds.<\/li>\n<li><span id=\"ketan-joshi\" class=\"name\">Ketan Joshi<\/span> \/ Freelance writer, analyst and communications consultant, who has previously worked for a variety of Australian and European climate organizations.<\/li>\n<li><span id=\"alice-larkin\" class=\"name\">Alice Larkin<\/span> \/ Vice-Dean and Head of School of Engineering and a Professor of Climate Science and Energy Policy at the Tyndell Centre, University of Manchester.<\/li>\n<li><span id=\"jillian-anable\" class=\"name\">Jillian Anable<\/span> \/ Co-director of the University of Oxford\u2019s CREDS Centre for Research in energy demand solutions.<\/li>\n<li><span id=\"christian-brand\" class=\"name\">Christian Brand<\/span> \/ Co-director of UK Energy Research Centre and Associate Professor at University of Oxford. Author of <em>Personal Travel and Climate Change<\/em>.<\/li>\n<li><span id=\"annie-lowrey\" class=\"name\">Annie Lowrey<\/span> \/ Staff writer at the <em>Atlantic<\/em>, covering economic policy, and author of <em>Give People Money<\/em>.<\/li>\n<li><span id=\"mike-berners-lee\" class=\"name\">Mike Berners-Lee<\/span> \/ Professor at Lancaster University\u2019s Environment Centre, Director of Small World Consulting Ltd and author of <em>There is No Planet B<\/em>.<\/li>\n<li><span id=\"silpa-kaza\" class=\"name\">Silpa Kaza<\/span> \/ Senior urban development specialist in the World Bank\u2019s Urban, Disaster Risk Management, Resilience and Land Global Practice.<\/li>\n<li><span id=\"nina-schrank\" class=\"name\">Nina Schrank<\/span> \/ Senior campaigner for the Plastics Team at Greenpeace UK.<\/li>\n<li><span id=\"nicholas-stern\" class=\"name\">Nicholas Stern<\/span> \/ Professor of Economics and Government; Chair of the Grantham Research Institute, London School of Economics and Political Science.<\/li>\n<li><span id=\"sunita-narain\" class=\"name\">Sunita Narain<\/span> \/ Director-general of the Centre for Science and Environment, a not-for-profit public interest research and advocacy organization based in New Delhi.<\/li>\n<li><span id=\"jason-hickel\" class=\"name\">Jason Hickel<\/span> \/ Economic anthropologist, author and Professor at the Institute for Environmental Science and Technology at the Autonomous University of Barcelona.<\/li>\n<li><span id=\"amitav-ghosh\" class=\"name\">Amitav Ghosh<\/span> \/ Author of sixteen works of fiction and non-fiction; the first English-language writer to receive India\u2019s highest literary honour, the Jnanpith Award.<\/li>\n<li><span id=\"stuart-capstick\" class=\"name\">Stuart Capstick<\/span> \/ An environmental social scientist based at Cardiff University and Deputy Director of the Centre for Climate Change and Social Transformations.<\/li>\n<li><span id=\"lorraine-whitmarsh\" class=\"name\">Lorraine Whitmarsh<\/span> \/ Professor of Environmental Psychology, University of Bath; Director of the Centre for Climate Change and Social Transformations.<\/li>\n<li><span id=\"kate-raworth\" class=\"name\">Kate Raworth<\/span> \/ Co-founder of Doughnut Economics Action Lab and Senior Associate at Oxford University\u2019s Environmental Change Institute.<\/li>\n<li><span id=\"per-espen-stoknes\" class=\"name\">Per Espen Stoknes<\/span> \/ A psychologist, TEDGlobal speaker and Co-director of the Centre for Sustainability at the Norwegian Business School.<\/li>\n<li><span id=\"gidon-eshel\" class=\"name\">Gidon Eshel<\/span> \/ Professor of environmental physics at Bard College, New York.<\/li>\n<li><span id=\"ayana-elizabeth-johnson\" class=\"name\">Ayana Elizabeth Johnson<\/span> \/ Marine biologist, co-founder of the policy think tank Urban Ocean Lab, co-editor of <em>All We Can Save<\/em>, and co-creator of <em>How to Save a Planet<\/em>.<\/li>\n<li><span id=\"george-monbiot\" class=\"name\">George Monbiot<\/span> \/ Writer, film-maker and environmental activist; author of a weekly column for the Guardian as well as various books and videos.<\/li>\n<li><span id=\"rebecca-wrigley\" class=\"name\">Rebecca Wrigley<\/span> \/ Founder and Chief Executive of Rewilding Britain and has worked in conservation and community development for thirty years.<\/li>\n<li><span id=\"margaret-atwood\" class=\"name\">Margaret Atwood<\/span> \/ Booker Prize-winning author of more than fifty books of fiction, poetry and critical essays.<\/li>\n<li><span id=\"erica-chenoweth\" class=\"name\">Erica Chenoweth<\/span> \/ Political scientist, Professor at Harvard University.<\/li>\n<li><span id=\"michael-e-mann\" class=\"name\">Michael E. Mann<\/span> \/ Atmospheric Science at Penn State, IPCC contributor, and author of many books, including <em>The New Climate War<\/em>.<\/li>\n<li><span id=\"seth-klein\" class=\"name\">Seth Klein<\/span> \/ Team lead with the Climate Emergency Unit and author of <em>A Good War: Mobilizing Canada for the Climate Emergency<\/em>.<\/li>\n<li><span id=\"david-wallace-wells\" class=\"name\">David Wallace-Wells<\/span> \/ <em>New York Times<\/em> Opinion writer and magazine columnist. Author of <em>The Uninhabitable Earth: Life After Warming<\/em>.<\/li>\n<li><span id=\"naomi-klein\" class=\"name\">Naomi Klein<\/span> \/ Journalist and bestselling author; UBC Professor of Climate Justice and Co-director of the Centre for Climate Justice at the University of British Columbia.<\/li>\n<li><span id=\"nicki-becker\" class=\"name\">Nicki Becker<\/span> \/ Law student and climate justice activist from Argentina. Co-founder of Jovenes por el Clima; active in Fridays For Future MAPA.&nbsp;<\/li>\n<li><span id=\"disha-a-ravi\" class=\"name\">Disha A. Ravi<\/span> \/ Indian climate and environmental justice activist and writer.<\/li>\n<li><span id=\"hilda-flavia-nakabuye\" class=\"name\">Hilda Flavia Nakabuye<\/span> \/ Climate and environmental rights activist who founded Uganda\u2019s Fridays For Future movement.<\/li>\n<li><span id=\"laura-ver\u00f3nica-mu\u00f1oz\" class=\"name\">Laura Ver\u00f3nica Mu\u00f1oz<\/span> \/ Ecofeminist from the Colombian Andean mountains involved in Fridays For Future, Pacto X el Clima and Unite for Climate Action.<\/li>\n<li><span id=\"ina-maria-shikongo\" class=\"name\">Ina Maria Shikongo<\/span> \/ Mother, climate justice activist and poet active in the Fridays For Future International movement.<\/li>\n<li><span id=\"ayisha-siddiqa\" class=\"name\">Ayisha Siddiqa<\/span> \/ Pakistani-American storyteller, climate justice advocate and Co-founder of Polluters Out and Fossil Free University.<\/li>\n<li><span id=\"mitzi-jonelle-tan\" class=\"name\">Mitzi Jonelle Tan<\/span> \/ Full-time climate justice activist based in the Philippines involved with Youth Advocates for Climate Action Philippines and Fridays For Future.<\/li>\n<li><span id=\"wanjira-mathai\" class=\"name\">Wanjira Mathai<\/span> \/ Kenyan environmentalist and activist, and Vice-President and Regional Director for Africa at the World Resources Institute.<\/li>\n<li><span id=\"lucas-chancel\" class=\"name\">Lucas Chancel<\/span> \/ Co-director of the World Inequality Lab at the Paris School of Economics and Affiliate Professor at Sciences Po.<\/li>\n<li><span id=\"thomas-piketty\" class=\"name\">Thomas Piketty<\/span> \/ Professor at EHESS and the Paris School of Economics, Co-director of the World Inequality Lab and the World Inequality Database.<\/li>\n<li><span id=\"ol\u00faf\u00e9mi-o-t\u00e1\u00edw\u00f2\" class=\"name\">Ol\u00faf\u00e9mi O. T\u00e1\u00edw\u00f2<\/span> \/ Assistant Professor of Philosophy at Georgetown University, and author of <em>Reconsidering Reparations<\/em> and <em>Elite Capture<\/em>.<\/li>\n<li><span id=\"robin-wall-kimmerer\" class=\"name\">Robin Wall Kimmerer<\/span> \/ SUNY Distinguished Teacher of Environmental Biology, founder and Director of the Center for Native Peoples and the Environment.<\/li>\n<li><span id=\"ed-hawkins\" class=\"name\">Ed Hawkins<\/span> \/ Professor of Meteorology at the University of Reading.<\/li>\n<\/ul>\n<\/div>\n","protected":false},"excerpt":{"rendered":"<p>Greta Thunberg \/ Activist in Fridays for Future and has spoken at climate rallies across the globe, as well as at the World Economic Forum in Davos, the US Congress, and the United Nations. Peter Brannen \/ Science journalist, contributing writer at The Atlantic and author of The Ends of the World. Beth Shapiro \/&hellip;<\/p>\n","protected":false},"author":5,"featured_media":0,"parent":0,"menu_order":1,"comment_status":"closed","ping_status":"closed","template":"","meta":{"footnotes":""},"class_list":["post-12","page","type-page","status-publish","hentry"],"_links":{"self":[{"href":"https:\/\/theclimatebook.org\/en-us\/wp-json\/wp\/v2\/pages\/12","targetHints":{"allow":["GET"]}}],"collection":[{"href":"https:\/\/theclimatebook.org\/en-us\/wp-json\/wp\/v2\/pages"}],"about":[{"href":"https:\/\/theclimatebook.org\/en-us\/wp-json\/wp\/v2\/types\/page"}],"author":[{"embeddable":true,"href":"https:\/\/theclimatebook.org\/en-us\/wp-json\/wp\/v2\/users\/5"}],"replies":[{"embeddable":true,"href":"https:\/\/theclimatebook.org\/en-us\/wp-json\/wp\/v2\/comments?post=12"}],"version-history":[{"count":0,"href":"https:\/\/theclimatebook.org\/en-us\/wp-json\/wp\/v2\/pages\/12\/revisions"}],"wp:attachment":[{"href":"https:\/\/theclimatebook.org\/en-us\/wp-json\/wp\/v2\/media?parent=12"}],"curies":[{"name":"wp","href":"https:\/\/api.w.org\/{rel}","templated":true}]}}